{"id":363,"date":"2020-03-10T21:16:55","date_gmt":"2020-03-10T21:16:55","guid":{"rendered":"https:\/\/demo.creativethemes.com\/blocksy\/modern-shop\/?page_id=3"},"modified":"2023-11-14T13:35:47","modified_gmt":"2023-11-14T16:35:47","slug":"privacy-policy-2","status":"publish","type":"page","link":"https:\/\/proservice.com.ar\/index.php\/privacy-policy-2\/","title":{"rendered":"Pol\u00edtica de privacidad"},"content":{"rendered":"\n<p>&nbsp;Proservice &nbsp;es una empresa que importa &nbsp;y comercializa productos para video profesional adema de servicios de &nbsp;mantenimiento de Sony profesional y&nbsp;medical.&nbsp;En esta pol\u00edtica de privacidad &nbsp;explicamos c\u00f3mo recopilamos, tratamos y protegemos los datos personales de los usuarios que visitan nuestro sitio web&nbsp;<\/p>\n\n\n\n<p>Datos personales que recopilamos<\/p>\n\n\n\n<p>Recopilamos los siguientes datos personales de los usuarios:<\/p>\n\n\n\n<ul class=\"wp-block-list\">\n<li>Datos identificativos: nombre, apellido, documento de identidad, nacionalidad.<\/li>\n\n\n\n<li>Datos de contacto: direcci\u00f3n, tel\u00e9fono, correo electr\u00f3nico.<\/li>\n\n\n\n<li>Datos de facturaci\u00f3n: cuit, raz\u00f3n social, domicilio fiscal, forma de pago.<\/li>\n\n\n\n<li>Datos de uso: informaci\u00f3n sobre las visitas, el tr\u00e1fico, la navegaci\u00f3n y las preferencias en el Sitio Web, obtenida mediante cookies y otras tecnolog\u00edas&nbsp;similares.<\/li>\n<\/ul>\n\n\n\n<p>Finalidades del tratamiento de los datos personales<\/p>\n\n\n\n<p>Tratamos los datos personales de los usuarios para las siguientes finalidades:<\/p>\n\n\n\n<ul class=\"wp-block-list\">\n<li>Gestionar y ejecutar la relaci\u00f3n contractual con los usuarios que contratan nuestros Servicios, incluyendo la prestaci\u00f3n, el cobro, el seguimiento y la&nbsp;atenci\u00f3n&nbsp;al cliente.<\/li>\n\n\n\n<li>&nbsp;Enviar comunicaciones comerciales, promocionales y publicitarias sobre nuestros Servicios, siempre que el usuario haya dado su consentimiento previo&nbsp;y&nbsp;expreso.<\/li>\n\n\n\n<li>&nbsp;Realizar estudios de mercado, an\u00e1lisis estad\u00edsticos y encuestas de satisfacci\u00f3n, con el fin de mejorar la calidad y la personalizaci\u00f3n de nuestros Servicios.<\/li>\n\n\n\n<li>&nbsp; Cumplir con las obligaciones legales, fiscales, contables y regulatorias que nos correspondan.<\/li>\n<\/ul>\n\n\n\n<p>&nbsp;Legitimaci\u00f3n del tratamiento de los datos personales<\/p>\n\n\n\n<p>&nbsp;La base legal que nos habilita para tratar los datos personales de los usuarios es la siguiente:<\/p>\n\n\n\n<ul class=\"wp-block-list\">\n<li>&nbsp; El consentimiento del usuario, en el caso de que nos lo haya otorgado para el env\u00edo de comunicaciones comerciales, promocionales y publicitarias.<\/li>\n\n\n\n<li>&nbsp; El inter\u00e9s leg\u00edtimo de Proservice, en el caso de que realicemos estudios de mercado, an\u00e1lisis estad\u00edsticos y encuestas de satisfacci\u00f3n, siempre que no&nbsp;prevalezcan los derechos y libertades del usuario.<\/li>\n\n\n\n<li>&nbsp; El cumplimiento de una obligaci\u00f3n legal, en el caso de que debamos tratar los datos personales para cumplir con las normas aplicables.<\/li>\n<\/ul>\n\n\n\n<p>&nbsp;Destinatarios de los datos personales<\/p>\n\n\n\n<p>No compartimos los datos personales de los usuarios con terceros, salvo que sea necesario para la prestaci\u00f3n de nuestros Servicios, para el&nbsp;cumplimiento de&nbsp;nuestras&nbsp;<\/p>\n\n\n\n<p>obligaciones legales o para el ejercicio de nuestros derechos. En esos casos, podemos comunicar los datos personales de los&nbsp;usuarios a las siguientes&nbsp;entidades:<\/p>\n\n\n\n<ul class=\"wp-block-list\">\n<li>&nbsp; Entidades financieras, bancarias y de cobranza, para la gesti\u00f3n de los pagos y las deudas de los Servicios contratados.<\/li>\n<\/ul>\n\n\n\n<ul class=\"wp-block-list\">\n<li>Autoridades p\u00fablicas, administrativas, judiciales y fiscales, cuando as\u00ed lo requieran o lo autoricen las leyes vigentes.<\/li>\n<\/ul>\n","protected":false},"excerpt":{"rendered":"<p>&nbsp;Proservice &nbsp;es una empresa que importa &nbsp;y comercializa productos para video profesional adema de servicios de &nbsp;mantenimiento de Sony profesional y&nbsp;medical.&nbsp;En esta pol\u00edtica de privacidad &nbsp;explicamos c\u00f3mo recopilamos, tratamos y protegemos los datos personales de los usuarios que visitan nuestro sitio web&nbsp; Datos personales que recopilamos Recopilamos los siguientes datos personales de los usuarios: Finalidades [&hellip;]<\/p>\n","protected":false},"author":1,"featured_media":0,"parent":0,"menu_order":0,"comment_status":"closed","ping_status":"open","template":"","meta":{"om_disable_all_campaigns":false,"footnotes":""},"class_list":["post-363","page","type-page","status-publish","hentry"],"blocksy_meta":{"styles_descriptor":{"styles":{"desktop":"","tablet":"","mobile":""},"google_fonts":[]}},"aioseo_notices":[],"jetpack_sharing_enabled":true,"_links":{"self":[{"href":"https:\/\/proservice.com.ar\/index.php\/wp-json\/wp\/v2\/pages\/363","targetHints":{"allow":["GET"]}}],"collection":[{"href":"https:\/\/proservice.com.ar\/index.php\/wp-json\/wp\/v2\/pages"}],"about":[{"href":"https:\/\/proservice.com.ar\/index.php\/wp-json\/wp\/v2\/types\/page"}],"author":[{"embeddable":true,"href":"https:\/\/proservice.com.ar\/index.php\/wp-json\/wp\/v2\/users\/1"}],"replies":[{"embeddable":true,"href":"https:\/\/proservice.com.ar\/index.php\/wp-json\/wp\/v2\/comments?post=363"}],"version-history":[{"count":4,"href":"https:\/\/proservice.com.ar\/index.php\/wp-json\/wp\/v2\/pages\/363\/revisions"}],"predecessor-version":[{"id":5007,"href":"https:\/\/proservice.com.ar\/index.php\/wp-json\/wp\/v2\/pages\/363\/revisions\/5007"}],"wp:attachment":[{"href":"https:\/\/proservice.com.ar\/index.php\/wp-json\/wp\/v2\/media?parent=363"}],"curies":[{"name":"wp","href":"https:\/\/api.w.org\/{rel}","templated":true}]}}