{"id":1013,"date":"2024-10-09T16:20:40","date_gmt":"2024-10-09T19:20:40","guid":{"rendered":"https:\/\/proservice.com.ar\/?post_type=product&#038;p=1013"},"modified":"2026-05-08T09:49:52","modified_gmt":"2026-05-08T12:49:52","slug":"hollyland-cosmo-c1-sdi-hdmi-wireless-video-transmission-system","status":"publish","type":"product","link":"https:\/\/proservice.com.ar\/index.php\/product\/hollyland-cosmo-c1-sdi-hdmi-wireless-video-transmission-system\/","title":{"rendered":"Hollyland Cosmo C1 SDI\/HDMI Wireless Video Transmission System"},"content":{"rendered":"<p>El Cosmo C1 es un sistema de transmisi\u00f3n de video inal\u00e1mbrico que permite transmitir video de hasta 1080p60 a trav\u00e9s de una entrada HDMI\/SDI a una salida HDMI o doble SDI, con una distancia de transmisi\u00f3n de hasta 1000 pies y una latencia de tan solo 40 milisegundos. El sistema funciona en la banda de 5GHz y est\u00e1 encriptado para evitar fugas de video. El sistema admite la selecci\u00f3n inteligente de canales y el streaming UVC. El transmisor y el receptor est\u00e1n equipados con pantallas OLED brillantes y f\u00e1ciles de leer. El Cosmo C1 es una soluci\u00f3n ideal para monitorear en tiempo real el video de cualquier c\u00e1mara, aprovechando la tecnolog\u00eda de uni\u00f3n de LiveU.<\/p>\n<p><strong>Caracteristicas principales:\u00a0<\/strong><\/p>\n<ul class=\"list_dkf_HqcGmV\">\n<li class=\"listItem_dkf_HqcGmV\" data-selenium=\"sellingPointsListItem\">Juego de transmisor\/receptor de video inal\u00e1mbrico<\/li>\n<li class=\"listItem_dkf_HqcGmV\" data-selenium=\"sellingPointsListItem\">Transmisor Entrada HDMI\/SDI, salida de bucle SDI<\/li>\n<li class=\"listItem_dkf_HqcGmV\" data-selenium=\"sellingPointsListItem\">Receptor HDMI y 2 salidas SDI<\/li>\n<li class=\"listItem_dkf_HqcGmV\" data-selenium=\"sellingPointsListItem\">Pantalla OLED, entrada de alimentaci\u00f3n USB tipo C<\/li>\n<li class=\"listItem_dkf_HqcGmV\" data-selenium=\"sellingPointsListItem\">Transmisi\u00f3n de 1000\u2032 con l\u00ednea de visi\u00f3n 1080p60<\/li>\n<li class=\"listItem_dkf_HqcGmV\" data-selenium=\"sellingPointsListItem\">Rango de frecuencia de 5,1 a 5,9 GHz<\/li>\n<li class=\"listItem_dkf_HqcGmV\" data-selenium=\"sellingPointsListItem\">Cifrado AES-128, latencia de 40 ms<\/li>\n<li class=\"listItem_dkf_HqcGmV\" data-selenium=\"sellingPointsListItem\">Placas de bater\u00eda de la serie L en TX\/RX<\/li>\n<\/ul>\n<p>&nbsp;<\/p>\n<p>&nbsp;<\/p>\n","protected":false},"excerpt":{"rendered":"<p>Cosmo C1<\/p>\n","protected":false},"featured_media":3115,"template":"","meta":{"om_disable_all_campaigns":false},"pwb-brand":[],"product_brand":[],"product_cat":[77,424],"product_tag":[405,86],"class_list":{"0":"post-1013","1":"product","2":"type-product","3":"status-publish","4":"has-post-thumbnail","6":"product_cat-hollyland","7":"product_cat-wireless-video","8":"product_tag-cosmo-c1","9":"product_tag-hollyland-cosmo-c1","11":"first","12":"outofstock","13":"shipping-taxable","14":"product-type-simple"},"aioseo_notices":[],"jetpack_sharing_enabled":true,"brands":[],"_links":{"self":[{"href":"https:\/\/proservice.com.ar\/index.php\/wp-json\/wp\/v2\/product\/1013","targetHints":{"allow":["GET"]}}],"collection":[{"href":"https:\/\/proservice.com.ar\/index.php\/wp-json\/wp\/v2\/product"}],"about":[{"href":"https:\/\/proservice.com.ar\/index.php\/wp-json\/wp\/v2\/types\/product"}],"wp:featuredmedia":[{"embeddable":true,"href":"https:\/\/proservice.com.ar\/index.php\/wp-json\/wp\/v2\/media\/3115"}],"wp:attachment":[{"href":"https:\/\/proservice.com.ar\/index.php\/wp-json\/wp\/v2\/media?parent=1013"}],"wp:term":[{"taxonomy":"pwb-brand","embeddable":true,"href":"https:\/\/proservice.com.ar\/index.php\/wp-json\/wp\/v2\/pwb-brand?post=1013"},{"taxonomy":"product_brand","embeddable":true,"href":"https:\/\/proservice.com.ar\/index.php\/wp-json\/wp\/v2\/product_brand?post=1013"},{"taxonomy":"product_cat","embeddable":true,"href":"https:\/\/proservice.com.ar\/index.php\/wp-json\/wp\/v2\/product_cat?post=1013"},{"taxonomy":"product_tag","embeddable":true,"href":"https:\/\/proservice.com.ar\/index.php\/wp-json\/wp\/v2\/product_tag?post=1013"}],"curies":[{"name":"wp","href":"https:\/\/api.w.org\/{rel}","templated":true}]}}