{"id":1094,"date":"2023-04-02T23:10:37","date_gmt":"2023-04-02T23:10:37","guid":{"rendered":"https:\/\/proservice.com.ar\/?post_type=product&#038;p=1094"},"modified":"2026-04-05T15:44:43","modified_gmt":"2026-04-05T18:44:43","slug":"blackmagic-design-atem-television-studio-hd8-iso","status":"publish","type":"product","link":"https:\/\/proservice.com.ar\/index.php\/product\/blackmagic-design-atem-television-studio-hd8-iso\/","title":{"rendered":"Blackmagic Design ATEM Television Studio HD8 ISO"},"content":{"rendered":"<div class=\"title_OMS5rN7R1Z\">\n<div data-selenium=\"sellingPointsTitle\">El ATEM Television Studio HD8 ISO es un switcher de producci\u00f3n en vivo que permite conectar y distribuir 8 entradas y 12 salidas SDI 3G, que admiten distintas resoluciones desde SD hasta Ultra HD 4K. El producto tiene un panel de control integrado con una pantalla t\u00e1ctil de 5 pulgadas que muestra los nombres y las im\u00e1genes de las fuentes y los destinos, as\u00ed como un mando giratorio y botones para seleccionarlos. Tambi\u00e9n se puede controlar el producto mediante una red Ethernet o usando paneles externos o virtuales. El switcher tiene la funci\u00f3n CleanSwitch, que permite cambiar entre fuentes sincronizadas sin saltos ni interrupciones en la imagen. El producto es compatible con Mac, Windows y Linux, y con los programas de edici\u00f3n, efectos y dise\u00f1o m\u00e1s populares.<\/div>\n<div data-selenium=\"sellingPointsTitle\"><\/div>\n<div class=\"text_TAw0W35QK_ comfy_TAw0W35QK_ sizeTitle4_TAw0W35QK_ weightBold_TAw0W35QK_ primary_i3MsQsqoe0\" data-selenium=\"sellingPointsTitle\"><strong>Caracter\u00edsticas principales:\u00a0<\/strong><\/div>\n<\/div>\n<ul class=\"list_OMS5rN7R1Z\">\n<li class=\"listItem_OMS5rN7R1Z\" data-selenium=\"sellingPointsListItem\">switcher en vivo 3G-SDI 1080p60 de 8 entradas<\/li>\n<li class=\"listItem_OMS5rN7R1Z\" data-selenium=\"sellingPointsListItem\">Botones y dise\u00f1o redise\u00f1ados<\/li>\n<li class=\"listItem_OMS5rN7R1Z\" data-selenium=\"sellingPointsListItem\">Grabe cada entrada en archivos separados<\/li>\n<li class=\"listItem_OMS5rN7R1Z\" data-selenium=\"sellingPointsListItem\">Admite c\u00e1maras de Internet remotas<\/li>\n<li class=\"listItem_OMS5rN7R1Z\" data-selenium=\"sellingPointsListItem\">Soporte de transmisi\u00f3n, grabaci\u00f3n USB y M.2<\/li>\n<li class=\"listItem_OMS5rN7R1Z\" data-selenium=\"sellingPointsListItem\">Integraci\u00f3n en la nube de Blackmagic<\/li>\n<li class=\"listItem_OMS5rN7R1Z\" data-selenium=\"sellingPointsListItem\">Hasta 16 fuentes de salida multivista<\/li>\n<li class=\"listItem_OMS5rN7R1Z\" data-selenium=\"sellingPointsListItem\">Mezcla de audio, transiciones, T-Bar, AUX<\/li>\n<li class=\"listItem_OMS5rN7R1Z\" data-selenium=\"sellingPointsListItem\">LCD electr\u00f3nicos personalizables<\/li>\n<li class=\"listItem_OMS5rN7R1Z\" data-selenium=\"sellingPointsListItem\">Control de c\u00e1mara, c\u00f3digo de tiempo, talkback<\/li>\n<\/ul>\n","protected":false},"excerpt":{"rendered":"<p>SWATEMTVSTC\/HD08ISO<\/p>\n","protected":false},"featured_media":4816,"template":"","meta":{"om_disable_all_campaigns":false},"pwb-brand":[],"product_brand":[],"product_cat":[71,66,741],"product_tag":[],"class_list":{"0":"post-1094","1":"product","2":"type-product","3":"status-publish","4":"has-post-thumbnail","6":"product_cat-blackmagic-design","7":"product_cat-switchers","8":"product_cat-switcher","10":"first","11":"onbackorder","12":"shipping-taxable","13":"product-type-simple"},"aioseo_notices":[],"jetpack_sharing_enabled":true,"brands":[],"_links":{"self":[{"href":"https:\/\/proservice.com.ar\/index.php\/wp-json\/wp\/v2\/product\/1094","targetHints":{"allow":["GET"]}}],"collection":[{"href":"https:\/\/proservice.com.ar\/index.php\/wp-json\/wp\/v2\/product"}],"about":[{"href":"https:\/\/proservice.com.ar\/index.php\/wp-json\/wp\/v2\/types\/product"}],"wp:featuredmedia":[{"embeddable":true,"href":"https:\/\/proservice.com.ar\/index.php\/wp-json\/wp\/v2\/media\/4816"}],"wp:attachment":[{"href":"https:\/\/proservice.com.ar\/index.php\/wp-json\/wp\/v2\/media?parent=1094"}],"wp:term":[{"taxonomy":"pwb-brand","embeddable":true,"href":"https:\/\/proservice.com.ar\/index.php\/wp-json\/wp\/v2\/pwb-brand?post=1094"},{"taxonomy":"product_brand","embeddable":true,"href":"https:\/\/proservice.com.ar\/index.php\/wp-json\/wp\/v2\/product_brand?post=1094"},{"taxonomy":"product_cat","embeddable":true,"href":"https:\/\/proservice.com.ar\/index.php\/wp-json\/wp\/v2\/product_cat?post=1094"},{"taxonomy":"product_tag","embeddable":true,"href":"https:\/\/proservice.com.ar\/index.php\/wp-json\/wp\/v2\/product_tag?post=1094"}],"curies":[{"name":"wp","href":"https:\/\/api.w.org\/{rel}","templated":true}]}}