{"id":1103,"date":"2023-04-02T23:16:46","date_gmt":"2023-04-02T23:16:46","guid":{"rendered":"https:\/\/proservice.com.ar\/?post_type=product&#038;p=1103"},"modified":"2026-04-06T11:02:57","modified_gmt":"2026-04-06T14:02:57","slug":"blackmagic-design-mini-converter-updowncross-hd","status":"publish","type":"product","link":"https:\/\/proservice.com.ar\/index.php\/product\/blackmagic-design-mini-converter-updowncross-hd\/","title":{"rendered":"Blackmagic Design Mini Converter UpDownCross HD"},"content":{"rendered":"<div class=\"title_OMS5rN7R1Z\">\n<div data-selenium=\"sellingPointsTitle\">El Mini Converter UpDownCross HD\u00a0 es un conversor bidireccional de video digital que permite convertir autom\u00e1ticamente entre cualquier formato de video SD y HD, con soporte para se\u00f1ales de hasta 1080p60. El conversor tiene una entrada SDI 6G y una entrada HDMI, que se pueden usar como entrada o salida seg\u00fan la necesidad. Tambi\u00e9n tiene una salida SDI 6G y una salida HDMI, que se pueden usar como loop out o salida principal. El conversor tiene una entrada de referencia para sincronizar las se\u00f1ales de entrada y salida, y un puerto USB para actualizar el firmware y configurar los ajustes.<\/div>\n<div data-selenium=\"sellingPointsTitle\"><\/div>\n<div class=\"text_TAw0W35QK_ comfy_TAw0W35QK_ sizeTitle4_TAw0W35QK_ weightBold_TAw0W35QK_ primary_i3MsQsqoe0\" data-selenium=\"sellingPointsTitle\"><strong>Caracter\u00edsticas principales:\u00a0<\/strong><\/div>\n<\/div>\n<ul class=\"list_OMS5rN7R1Z\">\n<li class=\"listItem_OMS5rN7R1Z\" data-selenium=\"sellingPointsListItem\">Conversi\u00f3n 3G\/HD\/SD-SDI arriba\/abajo\/cruzada<\/li>\n<li class=\"listItem_OMS5rN7R1Z\" data-selenium=\"sellingPointsListItem\">1 entrada 3G\/HD\/SD-SDI<\/li>\n<li class=\"listItem_OMS5rN7R1Z\" data-selenium=\"sellingPointsListItem\">2 salidas 3G\/HD\/SD-SDI y 1 salida de bucle<\/li>\n<li class=\"listItem_OMS5rN7R1Z\" data-selenium=\"sellingPointsListItem\">1 entrada HDMI y 1 salida HDMI<\/li>\n<li class=\"listItem_OMS5rN7R1Z\" data-selenium=\"sellingPointsListItem\">Admite se\u00f1ales de hasta 1080p60<\/li>\n<li class=\"listItem_OMS5rN7R1Z\" data-selenium=\"sellingPointsListItem\">Detecci\u00f3n autom\u00e1tica de se\u00f1al de entrada<\/li>\n<li class=\"listItem_OMS5rN7R1Z\" data-selenium=\"sellingPointsListItem\">Soporte autom\u00e1tico y multivelocidad<\/li>\n<li class=\"listItem_OMS5rN7R1Z\" data-selenium=\"sellingPointsListItem\">Entrada de referencia y reclocking<\/li>\n<li class=\"listItem_OMS5rN7R1Z\" data-selenium=\"sellingPointsListItem\">Control mediante interruptores DIP o software<\/li>\n<\/ul>\n","protected":false},"excerpt":{"rendered":"<p>CONVMUDCSTD\/HD<\/p>\n","protected":false},"featured_media":4812,"template":"","meta":{"om_disable_all_campaigns":false},"pwb-brand":[],"product_brand":[],"product_cat":[71,57],"product_tag":[],"class_list":{"0":"post-1103","1":"product","2":"type-product","3":"status-publish","4":"has-post-thumbnail","6":"product_cat-blackmagic-design","7":"product_cat-converter","9":"first","10":"outofstock","11":"shipping-taxable","12":"purchasable","13":"product-type-simple"},"aioseo_notices":[],"jetpack_sharing_enabled":true,"brands":[],"_links":{"self":[{"href":"https:\/\/proservice.com.ar\/index.php\/wp-json\/wp\/v2\/product\/1103","targetHints":{"allow":["GET"]}}],"collection":[{"href":"https:\/\/proservice.com.ar\/index.php\/wp-json\/wp\/v2\/product"}],"about":[{"href":"https:\/\/proservice.com.ar\/index.php\/wp-json\/wp\/v2\/types\/product"}],"wp:featuredmedia":[{"embeddable":true,"href":"https:\/\/proservice.com.ar\/index.php\/wp-json\/wp\/v2\/media\/4812"}],"wp:attachment":[{"href":"https:\/\/proservice.com.ar\/index.php\/wp-json\/wp\/v2\/media?parent=1103"}],"wp:term":[{"taxonomy":"pwb-brand","embeddable":true,"href":"https:\/\/proservice.com.ar\/index.php\/wp-json\/wp\/v2\/pwb-brand?post=1103"},{"taxonomy":"product_brand","embeddable":true,"href":"https:\/\/proservice.com.ar\/index.php\/wp-json\/wp\/v2\/product_brand?post=1103"},{"taxonomy":"product_cat","embeddable":true,"href":"https:\/\/proservice.com.ar\/index.php\/wp-json\/wp\/v2\/product_cat?post=1103"},{"taxonomy":"product_tag","embeddable":true,"href":"https:\/\/proservice.com.ar\/index.php\/wp-json\/wp\/v2\/product_tag?post=1103"}],"curies":[{"name":"wp","href":"https:\/\/api.w.org\/{rel}","templated":true}]}}