{"id":1157,"date":"2023-04-03T17:39:45","date_gmt":"2023-04-03T17:39:45","guid":{"rendered":"https:\/\/proservice.com.ar\/?post_type=product&#038;p=1157"},"modified":"2026-02-10T15:07:07","modified_gmt":"2026-02-10T18:07:07","slug":"blackmagic-design-micro-converter-sdi-to-hdmi-3g","status":"publish","type":"product","link":"https:\/\/proservice.com.ar\/index.php\/product\/blackmagic-design-micro-converter-sdi-to-hdmi-3g\/","title":{"rendered":"Blackmagic Design Micro Converter SDI to HDMI 3G"},"content":{"rendered":"<div class=\"title_OMS5rN7R1Z\">\n<div data-selenium=\"sellingPointsTitle\">El Micro Converter SDI a HDMI 3G\u00a0de\u00a0Blackmagic Design\u00a0le permite utilizar monitores y televisores con entrada HDMI para monitorear la producci\u00f3n.\u00a0Este convertidor compacto tiene una entrada SD\/HD\/3G-SDI, una salida HDMI y una salida de bucle SD\/HD\/3G-SDI.\u00a0Incluye una LUT 3D de 17 puntos que se puede usar para calibrar monitores con entrada HDMI o SDI y puede emitir una LUT para ver a trav\u00e9s de la salida de bucle SDI.\u00a0El Micro Converter SDI a HDMI 3G tambi\u00e9n cuenta con detecci\u00f3n autom\u00e1tica de SD, HD y SDI de nivel A y B y admite una amplia gama de resoluciones de transmisi\u00f3n profesionales, incluido el estilo cine de 48 fps.<\/div>\n<div data-selenium=\"sellingPointsTitle\"><\/div>\n<div class=\"text_TAw0W35QK_ comfy_TAw0W35QK_ sizeTitle4_TAw0W35QK_ weightBold_TAw0W35QK_ primary_i3MsQsqoe0\" data-selenium=\"sellingPointsTitle\"><strong>Caracter\u00edsticas principales:\u00a0<\/strong><\/div>\n<\/div>\n<ul class=\"list_OMS5rN7R1Z\">\n<li class=\"listItem_OMS5rN7R1Z\" data-selenium=\"sellingPointsListItem\">1 entrada SD\/HD\/3G-SDI y 1 salida de bucle<\/li>\n<li class=\"listItem_OMS5rN7R1Z\" data-selenium=\"sellingPointsListItem\">1 salida HDMI tipo A.<\/li>\n<li class=\"listItem_OMS5rN7R1Z\" data-selenium=\"sellingPointsListItem\">Entrada\/salida DCI 2K SDI |\u00a0Salida HDMI 1080p60<\/li>\n<li class=\"listItem_OMS5rN7R1Z\" data-selenium=\"sellingPointsListItem\">LUT 3D para calibraci\u00f3n o salida de bucle<\/li>\n<li class=\"listItem_OMS5rN7R1Z\" data-selenium=\"sellingPointsListItem\">Selecci\u00f3n SDI A\/B |\u00a0Alimentaci\u00f3n USB<\/li>\n<li class=\"listItem_OMS5rN7R1Z\" data-selenium=\"sellingPointsListItem\">Audio integrado<\/li>\n<li class=\"listItem_OMS5rN7R1Z\" data-selenium=\"sellingPointsListItem\">Dise\u00f1o compacto y resistente<\/li>\n<li class=\"listItem_OMS5rN7R1Z\" data-selenium=\"sellingPointsListItem\">Indicadores LED de v\u00eddeo y se\u00f1al de alimentaci\u00f3n<\/li>\n<\/ul>\n","protected":false},"excerpt":{"rendered":"<p>CONVCMIC\/SH03G<\/p>\n","protected":false},"featured_media":4825,"template":"","meta":{"om_disable_all_campaigns":false},"pwb-brand":[],"product_brand":[],"product_cat":[71,57],"product_tag":[412],"class_list":{"0":"post-1157","1":"product","2":"type-product","3":"status-publish","4":"has-post-thumbnail","6":"product_cat-blackmagic-design","7":"product_cat-converter","8":"product_tag-convcmic-sh03g","10":"first","11":"outofstock","12":"sale","13":"shipping-taxable","14":"purchasable","15":"product-type-simple"},"aioseo_notices":[],"jetpack_sharing_enabled":true,"brands":[],"_links":{"self":[{"href":"https:\/\/proservice.com.ar\/index.php\/wp-json\/wp\/v2\/product\/1157","targetHints":{"allow":["GET"]}}],"collection":[{"href":"https:\/\/proservice.com.ar\/index.php\/wp-json\/wp\/v2\/product"}],"about":[{"href":"https:\/\/proservice.com.ar\/index.php\/wp-json\/wp\/v2\/types\/product"}],"wp:featuredmedia":[{"embeddable":true,"href":"https:\/\/proservice.com.ar\/index.php\/wp-json\/wp\/v2\/media\/4825"}],"wp:attachment":[{"href":"https:\/\/proservice.com.ar\/index.php\/wp-json\/wp\/v2\/media?parent=1157"}],"wp:term":[{"taxonomy":"pwb-brand","embeddable":true,"href":"https:\/\/proservice.com.ar\/index.php\/wp-json\/wp\/v2\/pwb-brand?post=1157"},{"taxonomy":"product_brand","embeddable":true,"href":"https:\/\/proservice.com.ar\/index.php\/wp-json\/wp\/v2\/product_brand?post=1157"},{"taxonomy":"product_cat","embeddable":true,"href":"https:\/\/proservice.com.ar\/index.php\/wp-json\/wp\/v2\/product_cat?post=1157"},{"taxonomy":"product_tag","embeddable":true,"href":"https:\/\/proservice.com.ar\/index.php\/wp-json\/wp\/v2\/product_tag?post=1157"}],"curies":[{"name":"wp","href":"https:\/\/api.w.org\/{rel}","templated":true}]}}