{"id":1159,"date":"2023-04-03T17:45:07","date_gmt":"2023-04-03T17:45:07","guid":{"rendered":"https:\/\/proservice.com.ar\/?post_type=product&#038;p=1159"},"modified":"2026-04-01T11:00:36","modified_gmt":"2026-04-01T14:00:36","slug":"blackmagic-design-micro-converter-bidirectional-sdi-hdmi-3g","status":"publish","type":"product","link":"https:\/\/proservice.com.ar\/index.php\/product\/blackmagic-design-micro-converter-bidirectional-sdi-hdmi-3g\/","title":{"rendered":"Blackmagic Design Micro Converter BiDirectional SDI\/HDMI 3G"},"content":{"rendered":"<div class=\"title_OMS5rN7R1Z\">\n<div data-selenium=\"sellingPointsTitle\">El Micro Converter BiDirectional SDI\/HDMI 3G es un conversor bidireccional de video digital que permite conectar y convertir se\u00f1ales SDI y HDMI en todos los formatos SD, HD y 3G hasta 1080p60. El conversor tiene una entrada SDI 3G y una entrada HDMI, que se pueden usar como entrada o salida seg\u00fan la necesidad. Tambi\u00e9n tiene una salida SDI 3G y una salida HDMI, que se pueden usar como loop out o salida principal. El conversor tiene una entrada de referencia para sincronizar las se\u00f1ales de entrada y salida, y un puerto USB para actualizar el firmware y configurar los ajustes. El conversor tambi\u00e9n tiene la funci\u00f3n de control de c\u00e1mara para las c\u00e1maras HDMI de Blackmagic, como las Pocket Cinema Camera 4K o 6K, lo que permite usarlas con un conmutador SDI. El producto es compatible con Mac, Windows y Linux, y con los programas de edici\u00f3n, efectos y dise\u00f1o m\u00e1s populares.<\/div>\n<div data-selenium=\"sellingPointsTitle\"><\/div>\n<div class=\"text_TAw0W35QK_ comfy_TAw0W35QK_ sizeTitle4_TAw0W35QK_ weightBold_TAw0W35QK_ primary_i3MsQsqoe0\" data-selenium=\"sellingPointsTitle\"><strong>Caracter\u00edsticas principales:\u00a0<\/strong><\/div>\n<\/div>\n<ul class=\"list_OMS5rN7R1Z\">\n<li class=\"listItem_OMS5rN7R1Z\" data-selenium=\"sellingPointsListItem\">SDI a HDMI y HDMI a SDI simult\u00e1neos<\/li>\n<li class=\"listItem_OMS5rN7R1Z\" data-selenium=\"sellingPointsListItem\">1 entrada\/salida SD\/HD\/3G-SDI y 1 salida HDMI.<\/li>\n<li class=\"listItem_OMS5rN7R1Z\" data-selenium=\"sellingPointsListItem\">Admite v\u00eddeo hasta DCI 2K60<\/li>\n<li class=\"listItem_OMS5rN7R1Z\" data-selenium=\"sellingPointsListItem\">Control y Tally de BMPCC a trav\u00e9s del conmutador SDI<\/li>\n<li class=\"listItem_OMS5rN7R1Z\" data-selenium=\"sellingPointsListItem\">Alimentaci\u00f3n USB\/Recronizaci\u00f3n SDI\/C\u00f3digo de tiempo HDMI<\/li>\n<li class=\"listItem_OMS5rN7R1Z\" data-selenium=\"sellingPointsListItem\">Detecci\u00f3n autom\u00e1tica de se\u00f1al de entrada<\/li>\n<li class=\"listItem_OMS5rN7R1Z\" data-selenium=\"sellingPointsListItem\">Entrada\/salida HDMI y SDI integradas<\/li>\n<li class=\"listItem_OMS5rN7R1Z\" data-selenium=\"sellingPointsListItem\">Indicadores LED de v\u00eddeo y se\u00f1al de alimentaci\u00f3n<\/li>\n<\/ul>\n","protected":false},"excerpt":{"rendered":"<p>CONVBDC\/SDI\/HDMI03G<\/p>\n","protected":false},"featured_media":4827,"template":"","meta":{"om_disable_all_campaigns":false},"pwb-brand":[],"product_brand":[],"product_cat":[71,57],"product_tag":[485],"class_list":{"0":"post-1159","1":"product","2":"type-product","3":"status-publish","4":"has-post-thumbnail","6":"product_cat-blackmagic-design","7":"product_cat-converter","8":"product_tag-convbdc-sdi-hdmi03g","10":"first","11":"outofstock","12":"sale","13":"shipping-taxable","14":"purchasable","15":"product-type-simple"},"aioseo_notices":[],"jetpack_sharing_enabled":true,"brands":[],"_links":{"self":[{"href":"https:\/\/proservice.com.ar\/index.php\/wp-json\/wp\/v2\/product\/1159","targetHints":{"allow":["GET"]}}],"collection":[{"href":"https:\/\/proservice.com.ar\/index.php\/wp-json\/wp\/v2\/product"}],"about":[{"href":"https:\/\/proservice.com.ar\/index.php\/wp-json\/wp\/v2\/types\/product"}],"wp:featuredmedia":[{"embeddable":true,"href":"https:\/\/proservice.com.ar\/index.php\/wp-json\/wp\/v2\/media\/4827"}],"wp:attachment":[{"href":"https:\/\/proservice.com.ar\/index.php\/wp-json\/wp\/v2\/media?parent=1159"}],"wp:term":[{"taxonomy":"pwb-brand","embeddable":true,"href":"https:\/\/proservice.com.ar\/index.php\/wp-json\/wp\/v2\/pwb-brand?post=1159"},{"taxonomy":"product_brand","embeddable":true,"href":"https:\/\/proservice.com.ar\/index.php\/wp-json\/wp\/v2\/product_brand?post=1159"},{"taxonomy":"product_cat","embeddable":true,"href":"https:\/\/proservice.com.ar\/index.php\/wp-json\/wp\/v2\/product_cat?post=1159"},{"taxonomy":"product_tag","embeddable":true,"href":"https:\/\/proservice.com.ar\/index.php\/wp-json\/wp\/v2\/product_tag?post=1159"}],"curies":[{"name":"wp","href":"https:\/\/api.w.org\/{rel}","templated":true}]}}