{"id":1161,"date":"2023-04-03T17:47:39","date_gmt":"2023-04-03T17:47:39","guid":{"rendered":"https:\/\/proservice.com.ar\/?post_type=product&#038;p=1161"},"modified":"2026-04-01T11:55:08","modified_gmt":"2026-04-01T14:55:08","slug":"blackmagic-design-micro-converter-hdmi-to-sdi-3g","status":"publish","type":"product","link":"https:\/\/proservice.com.ar\/index.php\/product\/blackmagic-design-micro-converter-hdmi-to-sdi-3g\/","title":{"rendered":"Blackmagic Design Micro Converter HDMI to SDI 3G"},"content":{"rendered":"<div class=\"title_OMS5rN7R1Z\">\n<div data-selenium=\"sellingPointsTitle\">El Micro Converter HDMI to SDI 3G\u00a0de\u00a0Blackmagic Design\u00a0le permite conectar c\u00e1maras u computadoras HDMI a monitores o componentes SDI (BNC) de estilo profesional.\u00a0Tambi\u00e9n puedes utilizar varias unidades para extender HDMI a largas distancias mediante un cable SDI.\u00a0Este convertidor compacto tiene una entrada HDMI y dos salidas 3G-SD\/HD\/SDI que se pueden configurar en el nivel A o B. Detecta autom\u00e1ticamente y hace coincidir su entrada HDMI con la salida SDI y es compatible con resoluciones de entrada\/salida de hasta 1080p60.\u00a0El Micro Converter HDMI a SDI 3G cuenta con soporte de c\u00f3digo de tiempo HDMI, re-clocking SDI para estabilidad en cables largos y soporte para una amplia gama de resoluciones de transmisi\u00f3n profesional, incluido el estilo cine de 48 fps.<\/div>\n<div data-selenium=\"sellingPointsTitle\"><\/div>\n<div class=\"text_TAw0W35QK_ comfy_TAw0W35QK_ sizeTitle4_TAw0W35QK_ weightBold_TAw0W35QK_ primary_i3MsQsqoe0\" data-selenium=\"sellingPointsTitle\"><strong>Caracter\u00edsticas principales:\u00a0<\/strong><\/div>\n<\/div>\n<ul class=\"list_OMS5rN7R1Z\">\n<li class=\"listItem_OMS5rN7R1Z\" data-selenium=\"sellingPointsListItem\">1 entrada HDMI, 2 salidas SD\/HD\/3G-SDI<\/li>\n<li class=\"listItem_OMS5rN7R1Z\" data-selenium=\"sellingPointsListItem\">Puertos SDI SD\/HD de nivel A\/B seleccionables<\/li>\n<li class=\"listItem_OMS5rN7R1Z\" data-selenium=\"sellingPointsListItem\">Admite E\/S con resoluci\u00f3n de hasta 1080p60<\/li>\n<li class=\"listItem_OMS5rN7R1Z\" data-selenium=\"sellingPointsListItem\">Alimentaci\u00f3n USB\/Recronizaci\u00f3n SDI\/C\u00f3digo de tiempo<\/li>\n<li class=\"listItem_OMS5rN7R1Z\" data-selenium=\"sellingPointsListItem\">Detecci\u00f3n autom\u00e1tica de se\u00f1al de entrada<\/li>\n<li class=\"listItem_OMS5rN7R1Z\" data-selenium=\"sellingPointsListItem\">Dise\u00f1o compacto y resistente<\/li>\n<li class=\"listItem_OMS5rN7R1Z\" data-selenium=\"sellingPointsListItem\">Audio integrado<\/li>\n<li class=\"listItem_OMS5rN7R1Z\" data-selenium=\"sellingPointsListItem\">Indicadores LED de v\u00eddeo y se\u00f1al de alimentaci\u00f3n<\/li>\n<\/ul>\n","protected":false},"excerpt":{"rendered":"<p>CONVCMIC\/HS03G<\/p>\n","protected":false},"featured_media":4831,"template":"","meta":{"om_disable_all_campaigns":false},"pwb-brand":[],"product_brand":[],"product_cat":[71,57],"product_tag":[484],"class_list":{"0":"post-1161","1":"product","2":"type-product","3":"status-publish","4":"has-post-thumbnail","6":"product_cat-blackmagic-design","7":"product_cat-converter","8":"product_tag-convcmic-hs03g","10":"first","11":"instock","12":"shipping-taxable","13":"purchasable","14":"product-type-simple"},"aioseo_notices":[],"jetpack_sharing_enabled":true,"brands":[],"_links":{"self":[{"href":"https:\/\/proservice.com.ar\/index.php\/wp-json\/wp\/v2\/product\/1161","targetHints":{"allow":["GET"]}}],"collection":[{"href":"https:\/\/proservice.com.ar\/index.php\/wp-json\/wp\/v2\/product"}],"about":[{"href":"https:\/\/proservice.com.ar\/index.php\/wp-json\/wp\/v2\/types\/product"}],"wp:featuredmedia":[{"embeddable":true,"href":"https:\/\/proservice.com.ar\/index.php\/wp-json\/wp\/v2\/media\/4831"}],"wp:attachment":[{"href":"https:\/\/proservice.com.ar\/index.php\/wp-json\/wp\/v2\/media?parent=1161"}],"wp:term":[{"taxonomy":"pwb-brand","embeddable":true,"href":"https:\/\/proservice.com.ar\/index.php\/wp-json\/wp\/v2\/pwb-brand?post=1161"},{"taxonomy":"product_brand","embeddable":true,"href":"https:\/\/proservice.com.ar\/index.php\/wp-json\/wp\/v2\/product_brand?post=1161"},{"taxonomy":"product_cat","embeddable":true,"href":"https:\/\/proservice.com.ar\/index.php\/wp-json\/wp\/v2\/product_cat?post=1161"},{"taxonomy":"product_tag","embeddable":true,"href":"https:\/\/proservice.com.ar\/index.php\/wp-json\/wp\/v2\/product_tag?post=1161"}],"curies":[{"name":"wp","href":"https:\/\/api.w.org\/{rel}","templated":true}]}}