{"id":1195,"date":"2023-04-03T19:06:08","date_gmt":"2023-04-03T19:06:08","guid":{"rendered":"https:\/\/proservice.com.ar\/?post_type=product&#038;p=1195"},"modified":"2025-10-15T09:42:58","modified_gmt":"2025-10-15T12:42:58","slug":"aida-imaging-20x-full-hd-ip-broadcast-ptz-camera","status":"publish","type":"product","link":"https:\/\/proservice.com.ar\/index.php\/product\/aida-imaging-20x-full-hd-ip-broadcast-ptz-camera\/","title":{"rendered":"C\u00e1mara PTZ-X20-IP, C\u00e1mara PTZ Full HD, C\u00e1mara PTZ con zoom \u00f3ptico 20x"},"content":{"rendered":"<div class=\"title_OMS5rN7R1Z\">\n<div data-selenium=\"sellingPointsTitle\">La c\u00e1mara cuenta con entrada\/salida RS-232 para control en serie.\u00a0Utiliza el protocolo de control VISCA y el protocolo IP TCP\/IP y RTSP\/RTMP.\u00a0Se pueden asignar y administrar hasta 10 ajustes preestablecidos a trav\u00e9s del control remoto IR incluido, y se pueden administrar hasta 128 a trav\u00e9s del control en serie.\u00a0Otras caracter\u00edsticas incluyen un filtro de reducci\u00f3n de ruido temporal con compensaci\u00f3n de movimiento, que permite una reducci\u00f3n de ruido sin desenfoque.<\/div>\n<div data-selenium=\"sellingPointsTitle\"><\/div>\n<div class=\"text_TAw0W35QK_ comfy_TAw0W35QK_ sizeTitle4_TAw0W35QK_ weightBold_TAw0W35QK_ primary_i3MsQsqoe0\" data-selenium=\"sellingPointsTitle\"><span style=\"color: #000000\"><strong>Caracter\u00edsticas principales:\u00a0<\/strong><\/span><\/div>\n<\/div>\n<ul class=\"list_OMS5rN7R1Z\">\n<li class=\"listItem_OMS5rN7R1Z\" data-selenium=\"sellingPointsListItem\">Salidas SDI, HDMI, USB, IP simult\u00e1neas<\/li>\n<li class=\"listItem_OMS5rN7R1Z\" data-selenium=\"sellingPointsListItem\">E\/S RS-232, VISCA, TCP\/IP, RTSP\/RTMP<\/li>\n<li class=\"listItem_OMS5rN7R1Z\" data-selenium=\"sellingPointsListItem\">Hasta 128 preajustes a trav\u00e9s del control en serie<\/li>\n<li class=\"listItem_OMS5rN7R1Z\" data-selenium=\"sellingPointsListItem\">Reducci\u00f3n de ruido con compensaci\u00f3n de movimiento<\/li>\n<\/ul>\n","protected":false},"excerpt":{"rendered":"<p>PTZ-X20-IP<\/p>\n","protected":false},"featured_media":3878,"template":"","meta":{"om_disable_all_campaigns":false},"pwb-brand":[],"product_brand":[],"product_cat":[70,15],"product_tag":[602,601,96],"class_list":{"0":"post-1195","1":"product","2":"type-product","3":"status-publish","4":"has-post-thumbnail","6":"product_cat-aida","7":"product_cat-camera","8":"product_tag-camara-ptz-con-zoom-optico-20x","9":"product_tag-camara-ptz-full-hd","10":"product_tag-ptz-x20-ip","12":"first","13":"outofstock","14":"shipping-taxable","15":"product-type-simple"},"aioseo_notices":[],"jetpack_sharing_enabled":true,"brands":[],"_links":{"self":[{"href":"https:\/\/proservice.com.ar\/index.php\/wp-json\/wp\/v2\/product\/1195","targetHints":{"allow":["GET"]}}],"collection":[{"href":"https:\/\/proservice.com.ar\/index.php\/wp-json\/wp\/v2\/product"}],"about":[{"href":"https:\/\/proservice.com.ar\/index.php\/wp-json\/wp\/v2\/types\/product"}],"wp:featuredmedia":[{"embeddable":true,"href":"https:\/\/proservice.com.ar\/index.php\/wp-json\/wp\/v2\/media\/3878"}],"wp:attachment":[{"href":"https:\/\/proservice.com.ar\/index.php\/wp-json\/wp\/v2\/media?parent=1195"}],"wp:term":[{"taxonomy":"pwb-brand","embeddable":true,"href":"https:\/\/proservice.com.ar\/index.php\/wp-json\/wp\/v2\/pwb-brand?post=1195"},{"taxonomy":"product_brand","embeddable":true,"href":"https:\/\/proservice.com.ar\/index.php\/wp-json\/wp\/v2\/product_brand?post=1195"},{"taxonomy":"product_cat","embeddable":true,"href":"https:\/\/proservice.com.ar\/index.php\/wp-json\/wp\/v2\/product_cat?post=1195"},{"taxonomy":"product_tag","embeddable":true,"href":"https:\/\/proservice.com.ar\/index.php\/wp-json\/wp\/v2\/product_tag?post=1195"}],"curies":[{"name":"wp","href":"https:\/\/api.w.org\/{rel}","templated":true}]}}