{"id":1201,"date":"2023-04-03T19:07:57","date_gmt":"2023-04-03T19:07:57","guid":{"rendered":"https:\/\/proservice.com.ar\/?post_type=product&#038;p=1201"},"modified":"2026-01-15T16:08:51","modified_gmt":"2026-01-15T19:08:51","slug":"aida-imaging-12x-full-hd-ip-broadcast-ptz-camera","status":"publish","type":"product","link":"https:\/\/proservice.com.ar\/index.php\/product\/aida-imaging-12x-full-hd-ip-broadcast-ptz-camera\/","title":{"rendered":"AIDA Imaging 12x Full HD IP Broadcast PTZ Camera"},"content":{"rendered":"<div class=\"title_OMS5rN7R1Z\">\n<div data-selenium=\"sellingPointsTitle\">\n<p>La c\u00e1mara PTZ de transmisi\u00f3n IP Full HD 12x de AIDA ofrece cuatro salidas de video simult\u00e1neas, todas con una resoluci\u00f3n de hasta 1080p60. Si bien las salidas SDI, HDMI y USB deben configurarse en la misma resoluci\u00f3n, el puerto de transmisi\u00f3n IP puede emitir en una resoluci\u00f3n diferente a velocidades de cuadro de 1 a 60 fps.<\/p>\n<p>La c\u00e1mara cuenta con entrada\/salida RS-232 para control en serie.\u00a0Utiliza el protocolo de control VISCA y el protocolo IP TCP\/IP y RTSP\/RTMP.\u00a0Se pueden asignar y administrar hasta 10 ajustes preestablecidos a trav\u00e9s del control remoto IR incluido, y se pueden administrar hasta 128 a trav\u00e9s del control en serie.\u00a0Otras caracter\u00edsticas incluyen un filtro de reducci\u00f3n de ruido temporal con compensaci\u00f3n de movimiento, que permite una reducci\u00f3n de ruido sin desenfoque.<\/p>\n<\/div>\n<div data-selenium=\"sellingPointsTitle\"><\/div>\n<div class=\"text_TAw0W35QK_ comfy_TAw0W35QK_ sizeTitle4_TAw0W35QK_ weightBold_TAw0W35QK_ primary_i3MsQsqoe0\" data-selenium=\"sellingPointsTitle\"><span style=\"color: #000000\"><strong>Caracter\u00edsticas principales:\u00a0<\/strong><\/span><\/div>\n<\/div>\n<ul class=\"list_OMS5rN7R1Z\">\n<li class=\"listItem_OMS5rN7R1Z\" data-selenium=\"sellingPointsListItem\">Salidas SDI, HDMI, USB, IP simult\u00e1neas<\/li>\n<li class=\"listItem_OMS5rN7R1Z\" data-selenium=\"sellingPointsListItem\">E\/S RS-232, VISCA, TCP\/IP, RTSP\/RTMP<\/li>\n<li class=\"listItem_OMS5rN7R1Z\" data-selenium=\"sellingPointsListItem\">Hasta 128 preajustes a trav\u00e9s del control en serie<\/li>\n<li class=\"listItem_OMS5rN7R1Z\" data-selenium=\"sellingPointsListItem\">Reducci\u00f3n de ruido con compensaci\u00f3n de movimiento<\/li>\n<\/ul>\n","protected":false},"excerpt":{"rendered":"<p>PTZ-X12-IP<\/p>\n","protected":false},"featured_media":3927,"template":"","meta":{"om_disable_all_campaigns":false},"pwb-brand":[],"product_brand":[],"product_cat":[70,15],"product_tag":[97],"class_list":{"0":"post-1201","1":"product","2":"type-product","3":"status-publish","4":"has-post-thumbnail","6":"product_cat-aida","7":"product_cat-camera","8":"product_tag-ptz-x12-ip","10":"first","11":"instock","12":"shipping-taxable","13":"purchasable","14":"product-type-simple"},"aioseo_notices":[],"jetpack_sharing_enabled":true,"brands":[],"_links":{"self":[{"href":"https:\/\/proservice.com.ar\/index.php\/wp-json\/wp\/v2\/product\/1201","targetHints":{"allow":["GET"]}}],"collection":[{"href":"https:\/\/proservice.com.ar\/index.php\/wp-json\/wp\/v2\/product"}],"about":[{"href":"https:\/\/proservice.com.ar\/index.php\/wp-json\/wp\/v2\/types\/product"}],"wp:featuredmedia":[{"embeddable":true,"href":"https:\/\/proservice.com.ar\/index.php\/wp-json\/wp\/v2\/media\/3927"}],"wp:attachment":[{"href":"https:\/\/proservice.com.ar\/index.php\/wp-json\/wp\/v2\/media?parent=1201"}],"wp:term":[{"taxonomy":"pwb-brand","embeddable":true,"href":"https:\/\/proservice.com.ar\/index.php\/wp-json\/wp\/v2\/pwb-brand?post=1201"},{"taxonomy":"product_brand","embeddable":true,"href":"https:\/\/proservice.com.ar\/index.php\/wp-json\/wp\/v2\/product_brand?post=1201"},{"taxonomy":"product_cat","embeddable":true,"href":"https:\/\/proservice.com.ar\/index.php\/wp-json\/wp\/v2\/product_cat?post=1201"},{"taxonomy":"product_tag","embeddable":true,"href":"https:\/\/proservice.com.ar\/index.php\/wp-json\/wp\/v2\/product_tag?post=1201"}],"curies":[{"name":"wp","href":"https:\/\/api.w.org\/{rel}","templated":true}]}}