{"id":1203,"date":"2023-04-03T19:09:49","date_gmt":"2023-04-03T19:09:49","guid":{"rendered":"https:\/\/proservice.com.ar\/?post_type=product&#038;p=1203"},"modified":"2025-12-04T12:46:20","modified_gmt":"2025-12-04T15:46:20","slug":"aida-imaging-full-hd-ndihx-broadcast-ptz-camera-with-12x-optical-zoom","status":"publish","type":"product","link":"https:\/\/proservice.com.ar\/index.php\/product\/aida-imaging-full-hd-ndihx-broadcast-ptz-camera-with-12x-optical-zoom\/","title":{"rendered":"AIDA Imaging Full HD NDI|HX Broadcast PTZ Camera with 12x Optical Zoom"},"content":{"rendered":"<div data-selenium=\"sellingPointsTitle\">\n<p>La c\u00e1mara PTZ de transmisi\u00f3n Full HD NDI|HX con zoom \u00f3ptico de 12x\u00a0de\u00a0AIDA\u00a0a su red NDI, que ofrece cuatro salidas de video simult\u00e1neas, as\u00ed como flujos de trabajo NDI|HX a trav\u00e9s de IP.\u00a0Si bien las salidas SDI, HDMI y USB deben configurarse en la misma resoluci\u00f3n hasta 1080p60, el puerto de transmisi\u00f3n IP puede emitir en una resoluci\u00f3n diferente a velocidades de cuadro de 1 a 60 fps.\u00a0La c\u00e1mara cuenta con un zoom de 12x y las funciones de giro, inclinaci\u00f3n y zoom se pueden controlar mediante el control en serie o mediante el control remoto incluido.<\/p>\n<\/div>\n<div class=\"title_OMS5rN7R1Z\">\n<div class=\"text_TAw0W35QK_ comfy_TAw0W35QK_ sizeTitle4_TAw0W35QK_ weightBold_TAw0W35QK_ primary_i3MsQsqoe0\" data-selenium=\"sellingPointsTitle\"><span style=\"color: #000000\"><strong>Caracter\u00edsticas principales:\u00a0<\/strong><\/span><\/div>\n<\/div>\n<ul class=\"list_OMS5rN7R1Z\">\n<li class=\"listItem_OMS5rN7R1Z\" data-selenium=\"sellingPointsListItem\">Salidas SDI, HDMI, USB, IP simult\u00e1neas<\/li>\n<li class=\"listItem_OMS5rN7R1Z\" data-selenium=\"sellingPointsListItem\">NDI|Protocolo HX;\u00a0Salidas SDI, HDMI, USB<\/li>\n<li class=\"listItem_OMS5rN7R1Z\" data-selenium=\"sellingPointsListItem\">Zoom \u00f3ptico de 12x<\/li>\n<li class=\"listItem_OMS5rN7R1Z\" data-selenium=\"sellingPointsListItem\">RS-232, VISCA sobre control IP<\/li>\n<li class=\"listItem_OMS5rN7R1Z\" data-selenium=\"sellingPointsListItem\">Hasta 128 preajustes a trav\u00e9s del control en serie<\/li>\n<li class=\"listItem_OMS5rN7R1Z\" data-selenium=\"sellingPointsListItem\">Reducci\u00f3n de ruido con compensaci\u00f3n de movimiento<\/li>\n<\/ul>\n","protected":false},"excerpt":{"rendered":"<p>PTZ-NDI-X12<\/p>\n","protected":false},"featured_media":3927,"template":"","meta":{"om_disable_all_campaigns":false},"pwb-brand":[],"product_brand":[],"product_cat":[70,15],"product_tag":[98],"class_list":{"0":"post-1203","1":"product","2":"type-product","3":"status-publish","4":"has-post-thumbnail","6":"product_cat-aida","7":"product_cat-camera","8":"product_tag-ptz-ndi-x12","10":"first","11":"outofstock","12":"shipping-taxable","13":"product-type-simple"},"aioseo_notices":[],"jetpack_sharing_enabled":true,"brands":[],"_links":{"self":[{"href":"https:\/\/proservice.com.ar\/index.php\/wp-json\/wp\/v2\/product\/1203","targetHints":{"allow":["GET"]}}],"collection":[{"href":"https:\/\/proservice.com.ar\/index.php\/wp-json\/wp\/v2\/product"}],"about":[{"href":"https:\/\/proservice.com.ar\/index.php\/wp-json\/wp\/v2\/types\/product"}],"wp:featuredmedia":[{"embeddable":true,"href":"https:\/\/proservice.com.ar\/index.php\/wp-json\/wp\/v2\/media\/3927"}],"wp:attachment":[{"href":"https:\/\/proservice.com.ar\/index.php\/wp-json\/wp\/v2\/media?parent=1203"}],"wp:term":[{"taxonomy":"pwb-brand","embeddable":true,"href":"https:\/\/proservice.com.ar\/index.php\/wp-json\/wp\/v2\/pwb-brand?post=1203"},{"taxonomy":"product_brand","embeddable":true,"href":"https:\/\/proservice.com.ar\/index.php\/wp-json\/wp\/v2\/product_brand?post=1203"},{"taxonomy":"product_cat","embeddable":true,"href":"https:\/\/proservice.com.ar\/index.php\/wp-json\/wp\/v2\/product_cat?post=1203"},{"taxonomy":"product_tag","embeddable":true,"href":"https:\/\/proservice.com.ar\/index.php\/wp-json\/wp\/v2\/product_tag?post=1203"}],"curies":[{"name":"wp","href":"https:\/\/api.w.org\/{rel}","templated":true}]}}