{"id":1209,"date":"2023-04-03T19:15:26","date_gmt":"2023-04-03T19:15:26","guid":{"rendered":"https:\/\/proservice.com.ar\/?post_type=product&#038;p=1209"},"modified":"2025-08-27T16:41:51","modified_gmt":"2025-08-27T19:41:51","slug":"aida-imaging-visca-usb-3-1-gen-1-camera-control-unit-software","status":"publish","type":"product","link":"https:\/\/proservice.com.ar\/index.php\/product\/aida-imaging-visca-usb-3-1-gen-1-camera-control-unit-software\/","title":{"rendered":"AIDA Imaging VISCA USB 3.1 Gen 1 Camera Control Unit &amp; Software"},"content":{"rendered":"<p>El CCS-USB es un dispositivo y un software que te permiten controlar hasta 7 c\u00e1maras AIDA Imaging que usan el protocolo VISCA y hasta 255 c\u00e1maras que usan el protocolo PELCO.<\/p>\n<ul>\n<li>Se conecta al ordenador mediante USB y configura autom\u00e1ticamente los puertos COM<\/li>\n<li>Tiene una interfaz gr\u00e1fica de usuario que facilita el control, la previsualizaci\u00f3n y el ajuste de la configuraci\u00f3n de la imagen<\/li>\n<li>Es compatible con Windows y Mac OSX<\/li>\n<li>Funciona con todas las c\u00e1maras AIDA Imaging que usan el protocolo VISCA o PELCO<\/li>\n<li>Incluye un cable adaptador CBL-RJ45 que permite conectar la c\u00e1mara con el controlador o con otras c\u00e1maras<\/li>\n<\/ul>\n","protected":false},"excerpt":{"rendered":"<p>CCS-USB<\/p>\n","protected":false},"featured_media":4337,"template":"","meta":{"om_disable_all_campaigns":false},"pwb-brand":[],"product_brand":[],"product_cat":[70],"product_tag":[100],"class_list":{"0":"post-1209","1":"product","2":"type-product","3":"status-publish","4":"has-post-thumbnail","6":"product_cat-aida","7":"product_tag-ccs-usb","9":"first","10":"onbackorder","11":"shipping-taxable","12":"product-type-simple"},"aioseo_notices":[],"jetpack_sharing_enabled":true,"brands":[],"_links":{"self":[{"href":"https:\/\/proservice.com.ar\/index.php\/wp-json\/wp\/v2\/product\/1209","targetHints":{"allow":["GET"]}}],"collection":[{"href":"https:\/\/proservice.com.ar\/index.php\/wp-json\/wp\/v2\/product"}],"about":[{"href":"https:\/\/proservice.com.ar\/index.php\/wp-json\/wp\/v2\/types\/product"}],"wp:featuredmedia":[{"embeddable":true,"href":"https:\/\/proservice.com.ar\/index.php\/wp-json\/wp\/v2\/media\/4337"}],"wp:attachment":[{"href":"https:\/\/proservice.com.ar\/index.php\/wp-json\/wp\/v2\/media?parent=1209"}],"wp:term":[{"taxonomy":"pwb-brand","embeddable":true,"href":"https:\/\/proservice.com.ar\/index.php\/wp-json\/wp\/v2\/pwb-brand?post=1209"},{"taxonomy":"product_brand","embeddable":true,"href":"https:\/\/proservice.com.ar\/index.php\/wp-json\/wp\/v2\/product_brand?post=1209"},{"taxonomy":"product_cat","embeddable":true,"href":"https:\/\/proservice.com.ar\/index.php\/wp-json\/wp\/v2\/product_cat?post=1209"},{"taxonomy":"product_tag","embeddable":true,"href":"https:\/\/proservice.com.ar\/index.php\/wp-json\/wp\/v2\/product_tag?post=1209"}],"curies":[{"name":"wp","href":"https:\/\/api.w.org\/{rel}","templated":true}]}}