{"id":1216,"date":"2024-12-17T16:00:06","date_gmt":"2024-12-17T19:00:06","guid":{"rendered":"https:\/\/proservice.com.ar\/?post_type=product&#038;p=1216"},"modified":"2026-04-01T11:18:52","modified_gmt":"2026-04-01T14:18:52","slug":"hollyland-mars-300-pro-hdmi-wireless-video-transmitter-receiver-set-enhanced","status":"publish","type":"product","link":"https:\/\/proservice.com.ar\/index.php\/product\/hollyland-mars-300-pro-hdmi-wireless-video-transmitter-receiver-set-enhanced\/","title":{"rendered":"Hollyland Mars 300 PRO HDMI Wireless Video Transmitter\/Receiver Set (Enhanced) *Discontinuado"},"content":{"rendered":"<div data-selenium=\"sellingPointsTitle\">\n<p>Este modelo Mars 300 PRO E\u00a0 cuenta con dos antenas externas en el transmisor, incluida una de repuesto. El transmisor proporciona una \u00fanica entrada HDMI m\u00e1s un bucle de salida HDMI para visualizar en un monitor integrado y el receptor proporciona dos salidas HDMI. El transmisor ofrece transmisi\u00f3n con l\u00ednea de visi\u00f3n de hasta 120M al receptor y hasta 100 M a una aplicaci\u00f3n Wi-Fi.<\/p>\n<p>Con la aplicaci\u00f3n Hollyview para iOS o Android, puede monitorear su transmisi\u00f3n de video en tiempo real a trav\u00e9s de una conexi\u00f3n Wi-Fi.\u00a0El transmisor puede transmitir hasta un receptor y dos aplicaciones, o un total de tres aplicaciones, simult\u00e1neamente.\u00a0El transmisor y el receptor son de tama\u00f1o compacto, cuentan con una pantalla OLED brillante para su configuraci\u00f3n y cada uno cuenta con una rosca de montaje de 1\/4&#8243;-20. Cada uno puede alimentarse mediante una fuente USB tipo C o mediante un Bater\u00eda tipo serie L disponible por separado usando sus placas de bater\u00eda. El conjunto Mars 300 tambi\u00e9n incluye una placa de expansi\u00f3n de accesorios, un soporte de zapata y un cable USB tipo C.<\/p>\n<\/div>\n<div class=\"title_OMS5rN7R1Z\">\n<div class=\"text_TAw0W35QK_ comfy_TAw0W35QK_ sizeTitle4_TAw0W35QK_ weightBold_TAw0W35QK_ primary_i3MsQsqoe0\" data-selenium=\"sellingPointsTitle\"><span style=\"color: #000000\"><strong>Caracter\u00edsticas\u00a0 principales:\u00a0<\/strong><\/span><\/div>\n<\/div>\n<ul class=\"list_OMS5rN7R1Z\">\n<li class=\"listItem_OMS5rN7R1Z\" data-selenium=\"sellingPointsListItem\">\u00a0120M a RX, 100M a la l\u00ednea de visi\u00f3n de la aplicaci\u00f3n<\/li>\n<li class=\"listItem_OMS5rN7R1Z\" data-selenium=\"sellingPointsListItem\">Transmite hasta 1080p60<\/li>\n<li class=\"listItem_OMS5rN7R1Z\" data-selenium=\"sellingPointsListItem\">Transmisor: entrada HDMI y salida HDMI<\/li>\n<li class=\"listItem_OMS5rN7R1Z\" data-selenium=\"sellingPointsListItem\">El receptor tiene 2 salidas HDMI<\/li>\n<li class=\"listItem_OMS5rN7R1Z\" data-selenium=\"sellingPointsListItem\">2 x antenas externas en el transmisor<\/li>\n<li class=\"listItem_OMS5rN7R1Z\" data-selenium=\"sellingPointsListItem\">Monitoreo de aplicaciones iOS\/Android en tiempo real<\/li>\n<li class=\"listItem_OMS5rN7R1Z\" data-selenium=\"sellingPointsListItem\">Placas de bater\u00eda integradas de la serie L<\/li>\n<li class=\"listItem_OMS5rN7R1Z\" data-selenium=\"sellingPointsListItem\">Roscas de montaje de 1\/4&#8243;-20<\/li>\n<li class=\"listItem_OMS5rN7R1Z\" data-selenium=\"sellingPointsListItem\">Alimentaci\u00f3n a trav\u00e9s del puerto USB tipo C<\/li>\n<\/ul>\n","protected":false},"excerpt":{"rendered":"<p>HL-MARS 300 PRO ENHANCED<\/p>\n","protected":false},"featured_media":3864,"template":"","meta":{"om_disable_all_campaigns":false},"pwb-brand":[],"product_brand":[],"product_cat":[77,420,424],"product_tag":[101],"class_list":{"0":"post-1216","1":"product","2":"type-product","3":"status-publish","4":"has-post-thumbnail","6":"product_cat-hollyland","7":"product_cat-ofertas","8":"product_cat-wireless-video","9":"product_tag-hl-mars-300-pro-enhanced","11":"first","12":"outofstock","13":"shipping-taxable","14":"product-type-simple"},"aioseo_notices":[],"jetpack_sharing_enabled":true,"brands":[],"_links":{"self":[{"href":"https:\/\/proservice.com.ar\/index.php\/wp-json\/wp\/v2\/product\/1216","targetHints":{"allow":["GET"]}}],"collection":[{"href":"https:\/\/proservice.com.ar\/index.php\/wp-json\/wp\/v2\/product"}],"about":[{"href":"https:\/\/proservice.com.ar\/index.php\/wp-json\/wp\/v2\/types\/product"}],"wp:featuredmedia":[{"embeddable":true,"href":"https:\/\/proservice.com.ar\/index.php\/wp-json\/wp\/v2\/media\/3864"}],"wp:attachment":[{"href":"https:\/\/proservice.com.ar\/index.php\/wp-json\/wp\/v2\/media?parent=1216"}],"wp:term":[{"taxonomy":"pwb-brand","embeddable":true,"href":"https:\/\/proservice.com.ar\/index.php\/wp-json\/wp\/v2\/pwb-brand?post=1216"},{"taxonomy":"product_brand","embeddable":true,"href":"https:\/\/proservice.com.ar\/index.php\/wp-json\/wp\/v2\/product_brand?post=1216"},{"taxonomy":"product_cat","embeddable":true,"href":"https:\/\/proservice.com.ar\/index.php\/wp-json\/wp\/v2\/product_cat?post=1216"},{"taxonomy":"product_tag","embeddable":true,"href":"https:\/\/proservice.com.ar\/index.php\/wp-json\/wp\/v2\/product_tag?post=1216"}],"curies":[{"name":"wp","href":"https:\/\/api.w.org\/{rel}","templated":true}]}}