{"id":1258,"date":"2023-04-03T19:35:09","date_gmt":"2023-04-03T19:35:09","guid":{"rendered":"https:\/\/proservice.com.ar\/?post_type=product&#038;p=1258"},"modified":"2025-05-28T13:05:55","modified_gmt":"2025-05-28T16:05:55","slug":"hollyland-solidcom-c1-pro-8s-full-duplex-wireless-intercom-system-with-8-headsets-1-9-ghz","status":"publish","type":"product","link":"https:\/\/proservice.com.ar\/index.php\/product\/hollyland-solidcom-c1-pro-8s-full-duplex-wireless-intercom-system-with-8-headsets-1-9-ghz\/","title":{"rendered":"Hollyland Solidcom C1 Pro-8S Full-Duplex Wireless Intercom System with 8 Headsets (1.9 GHz)"},"content":{"rendered":"<div class=\"title_OMS5rN7R1Z\">\n<div data-selenium=\"sellingPointsTitle\">El Hollyland Solidcom C1 Pro-6S\u00a0es un sistema de intercomunicaci\u00f3n DECT inal\u00e1mbrico full-duplex dise\u00f1ado para brindar audio claro y comodidad de uso durante todo el d\u00eda en un dise\u00f1o verdaderamente inal\u00e1mbrico con no se requiere bodypack ni concentrador.\u00a0Esta configuraci\u00f3n incluye 6 auriculares de un solo lado, 1 maestro y 5 controles remotos, junto con bater\u00edas recargables, un cargador y accesorios.\u00a0El sistema transmite en el espectro de 1,9 GHz y utiliza tecnolog\u00eda DECT 6.0 probada para garantizar una transmisi\u00f3n segura y confiable en un rango de l\u00ednea de visi\u00f3n de hasta 1100&#8242;, lo que lo hace muy adecuado para una variedad de aplicaciones que incluyen producci\u00f3n de cine\/TV y conciertos. y eventos en vivo.<\/div>\n<div data-selenium=\"sellingPointsTitle\"><\/div>\n<div class=\"text_TAw0W35QK_ comfy_TAw0W35QK_ sizeTitle4_TAw0W35QK_ weightBold_TAw0W35QK_ primary_i3MsQsqoe0\" data-selenium=\"sellingPointsTitle\"><strong><span style=\"color: #000000;\">Caracter\u00edsticas principales:\u00a0<\/span><\/strong><\/div>\n<\/div>\n<ul class=\"list_OMS5rN7R1Z\">\n<li class=\"listItem_OMS5rN7R1Z\" data-selenium=\"sellingPointsListItem\">Cancelaci\u00f3n de ruido ambiental de dos micr\u00f3fonos<\/li>\n<li class=\"listItem_OMS5rN7R1Z\" data-selenium=\"sellingPointsListItem\">Tecnolog\u00eda confiable DECT 6.0 de 1,9 GHz<\/li>\n<li class=\"listItem_OMS5rN7R1Z\" data-selenium=\"sellingPointsListItem\">Auriculares verdaderamente inal\u00e1mbricos, sin petaca<\/li>\n<li class=\"listItem_OMS5rN7R1Z\" data-selenium=\"sellingPointsListItem\">C\u00f3modo dise\u00f1o de auriculares de un solo o\u00eddo<\/li>\n<li class=\"listItem_OMS5rN7R1Z\" data-selenium=\"sellingPointsListItem\">Amplia respuesta de frecuencia para un audio claro<\/li>\n<li class=\"listItem_OMS5rN7R1Z\" data-selenium=\"sellingPointsListItem\">Rango de operaci\u00f3n de 2 v\u00edas de 1100&#8242;<\/li>\n<li class=\"listItem_OMS5rN7R1Z\" data-selenium=\"sellingPointsListItem\">Bot\u00f3n Silenciar\/PTT o girar el brazo para silenciar<\/li>\n<li class=\"listItem_OMS5rN7R1Z\" data-selenium=\"sellingPointsListItem\">Incluye bater\u00edas y cargador.<\/li>\n<li class=\"listItem_OMS5rN7R1Z\" data-selenium=\"sellingPointsListItem\">Sistema ampliable<\/li>\n<li class=\"listItem_OMS5rN7R1Z\" data-selenium=\"sellingPointsListItem\">Compatible con versiones anteriores de Solidcom C1<\/li>\n<\/ul>\n","protected":false},"excerpt":{"rendered":"<p>SOLIDCOM C1 PRO-8S<\/p>\n","protected":false},"featured_media":3819,"template":"","meta":{"om_disable_all_campaigns":false},"pwb-brand":[],"product_brand":[],"product_cat":[55,77,640],"product_tag":[106],"class_list":{"0":"post-1258","1":"product","2":"type-product","3":"status-publish","4":"has-post-thumbnail","6":"product_cat-audio","7":"product_cat-hollyland","8":"product_cat-intercom","9":"product_tag-solidcom-c1-pro-8s","11":"first","12":"onbackorder","13":"shipping-taxable","14":"product-type-simple"},"aioseo_notices":[],"jetpack_sharing_enabled":true,"brands":[],"_links":{"self":[{"href":"https:\/\/proservice.com.ar\/index.php\/wp-json\/wp\/v2\/product\/1258","targetHints":{"allow":["GET"]}}],"collection":[{"href":"https:\/\/proservice.com.ar\/index.php\/wp-json\/wp\/v2\/product"}],"about":[{"href":"https:\/\/proservice.com.ar\/index.php\/wp-json\/wp\/v2\/types\/product"}],"wp:featuredmedia":[{"embeddable":true,"href":"https:\/\/proservice.com.ar\/index.php\/wp-json\/wp\/v2\/media\/3819"}],"wp:attachment":[{"href":"https:\/\/proservice.com.ar\/index.php\/wp-json\/wp\/v2\/media?parent=1258"}],"wp:term":[{"taxonomy":"pwb-brand","embeddable":true,"href":"https:\/\/proservice.com.ar\/index.php\/wp-json\/wp\/v2\/pwb-brand?post=1258"},{"taxonomy":"product_brand","embeddable":true,"href":"https:\/\/proservice.com.ar\/index.php\/wp-json\/wp\/v2\/product_brand?post=1258"},{"taxonomy":"product_cat","embeddable":true,"href":"https:\/\/proservice.com.ar\/index.php\/wp-json\/wp\/v2\/product_cat?post=1258"},{"taxonomy":"product_tag","embeddable":true,"href":"https:\/\/proservice.com.ar\/index.php\/wp-json\/wp\/v2\/product_tag?post=1258"}],"curies":[{"name":"wp","href":"https:\/\/api.w.org\/{rel}","templated":true}]}}