{"id":1286,"date":"2023-04-04T18:08:22","date_gmt":"2023-04-04T18:08:22","guid":{"rendered":"https:\/\/proservice.com.ar\/?post_type=product&#038;p=1286"},"modified":"2026-01-06T09:28:56","modified_gmt":"2026-01-06T12:28:56","slug":"aida-imaging-5-50mm-f-1-4-varifocal-lens-cs-mount","status":"publish","type":"product","link":"https:\/\/proservice.com.ar\/index.php\/product\/aida-imaging-5-50mm-f-1-4-varifocal-lens-cs-mount\/","title":{"rendered":"AIDA Imaging 5-50mm f\/1.4 Varifocal Lens (CS Mount)"},"content":{"rendered":"<p>La lente varifocal de 5-50 mm\u00a0con montura CS\u00a0de\u00a0AIDA\u00a0es una lente de enfoque manual compatible con c\u00e1maras industriales con sensor de 1\/3&#8243; y 1,27&#8243;.\u00a0Su campo de visi\u00f3n var\u00eda de 6,1 a 51\u00b0 para sensores de 1\/3&#8243; y de 5,5 a 45\u00b0 para c\u00e1maras con sensor de 1,27&#8243;.\u00a0Las caracter\u00edsticas de la lente incluyen una apertura m\u00e1xima r\u00e1pida de f\/1.4 y controles manuales de iris y zoom.<\/p>\n<div class=\"title_OMS5rN7R1Z\">\n<div class=\"text_TAw0W35QK_ comfy_TAw0W35QK_ sizeTitle4_TAw0W35QK_ weightBold_TAw0W35QK_ primary_i3MsQsqoe0\" data-selenium=\"sellingPointsTitle\"><strong>Caracter\u00edsticas principales:\u00a0<\/strong><\/div>\n<\/div>\n<ul class=\"list_OMS5rN7R1Z\">\n<li class=\"listItem_OMS5rN7R1Z\" data-selenium=\"sellingPointsListItem\">Para c\u00e1maras con sensor de 1\/3&#8243; y 1,27&#8243;<\/li>\n<li class=\"listItem_OMS5rN7R1Z\" data-selenium=\"sellingPointsListItem\">Campo de visi\u00f3n de 6,1 a 51\u00b0 para 1\/3&#8243;<\/li>\n<li class=\"listItem_OMS5rN7R1Z\" data-selenium=\"sellingPointsListItem\">Campo de visi\u00f3n de 5,5 a 45\u00b0 para 1,27&#8243;<\/li>\n<li class=\"listItem_OMS5rN7R1Z\" data-selenium=\"sellingPointsListItem\">Enfoque manual\/Iris\/Zoom<\/li>\n<li class=\"listItem_OMS5rN7R1Z\" data-selenium=\"sellingPointsListItem\">Optimizado y ajustado con c\u00e1maras Full HD<\/li>\n<\/ul>\n","protected":false},"excerpt":{"rendered":"<p>CS-0550V<\/p>\n","protected":false},"featured_media":4332,"template":"","meta":{"om_disable_all_campaigns":false},"pwb-brand":[],"product_brand":[],"product_cat":[70],"product_tag":[108],"class_list":{"0":"post-1286","1":"product","2":"type-product","3":"status-publish","4":"has-post-thumbnail","6":"product_cat-aida","7":"product_tag-cs-0550v","9":"first","10":"instock","11":"sale","12":"shipping-taxable","13":"purchasable","14":"product-type-simple"},"aioseo_notices":[],"jetpack_sharing_enabled":true,"brands":[],"_links":{"self":[{"href":"https:\/\/proservice.com.ar\/index.php\/wp-json\/wp\/v2\/product\/1286","targetHints":{"allow":["GET"]}}],"collection":[{"href":"https:\/\/proservice.com.ar\/index.php\/wp-json\/wp\/v2\/product"}],"about":[{"href":"https:\/\/proservice.com.ar\/index.php\/wp-json\/wp\/v2\/types\/product"}],"wp:featuredmedia":[{"embeddable":true,"href":"https:\/\/proservice.com.ar\/index.php\/wp-json\/wp\/v2\/media\/4332"}],"wp:attachment":[{"href":"https:\/\/proservice.com.ar\/index.php\/wp-json\/wp\/v2\/media?parent=1286"}],"wp:term":[{"taxonomy":"pwb-brand","embeddable":true,"href":"https:\/\/proservice.com.ar\/index.php\/wp-json\/wp\/v2\/pwb-brand?post=1286"},{"taxonomy":"product_brand","embeddable":true,"href":"https:\/\/proservice.com.ar\/index.php\/wp-json\/wp\/v2\/product_brand?post=1286"},{"taxonomy":"product_cat","embeddable":true,"href":"https:\/\/proservice.com.ar\/index.php\/wp-json\/wp\/v2\/product_cat?post=1286"},{"taxonomy":"product_tag","embeddable":true,"href":"https:\/\/proservice.com.ar\/index.php\/wp-json\/wp\/v2\/product_tag?post=1286"}],"curies":[{"name":"wp","href":"https:\/\/api.w.org\/{rel}","templated":true}]}}