{"id":1295,"date":"2023-04-04T18:11:38","date_gmt":"2023-04-04T18:11:38","guid":{"rendered":"https:\/\/proservice.com.ar\/?post_type=product&#038;p=1295"},"modified":"2025-06-27T12:12:47","modified_gmt":"2025-06-27T15:12:47","slug":"aida-imaging-full-hd-ndi-hx-ip-pov-camera-with-20x-optical-zoom","status":"publish","type":"product","link":"https:\/\/proservice.com.ar\/index.php\/product\/aida-imaging-full-hd-ndi-hx-ip-pov-camera-with-20x-optical-zoom\/","title":{"rendered":"AIDA Imaging Full HD NDI HX IP POV Camera with 20x Optical Zoom"},"content":{"rendered":"<p>La HD-NDI-X20 es perfecta para la integraci\u00f3n en su configuraci\u00f3n NDI|HX preexistente, esta c\u00e1mara POV IP Full HD NDI|HX\u00a0de\u00a0AIDA Imaging\u00a0cuenta con una licencia NDI|HX integrada y salidas HDMI e IP Full HD para im\u00e1genes de alta calidad en aplicaciones de transmisi\u00f3n y transmisi\u00f3n de eventos en vivo.\u00a0La c\u00e1mara cuenta con un sensor de imagen CMOS de 1\/2,8&#8243; y un zoom \u00f3ptico de 20x con enfoque autom\u00e1tico para capturar v\u00eddeo HD n\u00edtido. Una entrada de audio est\u00e9reo TRS de 3,5 mm le permite incorporar audio en su transmisi\u00f3n NDI|HX.<\/p>\n<div class=\"title_OMS5rN7R1Z\">\n<div class=\"text_TAw0W35QK_ comfy_TAw0W35QK_ sizeTitle4_TAw0W35QK_ weightBold_TAw0W35QK_ primary_i3MsQsqoe0\" data-selenium=\"sellingPointsTitle\"><strong><span style=\"color: #000000\">Caracter\u00edsticas principales:\u00a0<\/span><\/strong><\/div>\n<\/div>\n<ul class=\"list_OMS5rN7R1Z\">\n<li class=\"listItem_OMS5rN7R1Z\" data-selenium=\"sellingPointsListItem\">Sensor CMOS de 1\/2,8&#8243;<\/li>\n<li class=\"listItem_OMS5rN7R1Z\" data-selenium=\"sellingPointsListItem\">V\u00eddeo de hasta 1080p60<\/li>\n<li class=\"listItem_OMS5rN7R1Z\" data-selenium=\"sellingPointsListItem\">Salidas HDMI e IP<\/li>\n<li class=\"listItem_OMS5rN7R1Z\" data-selenium=\"sellingPointsListItem\">Zoom \u00f3ptico de 20x, enfoque autom\u00e1tico<\/li>\n<li class=\"listItem_OMS5rN7R1Z\" data-selenium=\"sellingPointsListItem\">Entrada de audio TRS NDI|HX de 3,5 mm<\/li>\n<li class=\"listItem_OMS5rN7R1Z\" data-selenium=\"sellingPointsListItem\">Cable de conexi\u00f3n con alimentaci\u00f3n y RS-485<\/li>\n<li class=\"listItem_OMS5rN7R1Z\" data-selenium=\"sellingPointsListItem\">Control remoto por infrarrojos, control WebUI<\/li>\n<li class=\"listItem_OMS5rN7R1Z\" data-selenium=\"sellingPointsListItem\">Soporte PoE+, puerto de firmware micro-USB<\/li>\n<\/ul>\n","protected":false},"excerpt":{"rendered":"<p>HD-NDI-X20<\/p>\n","protected":false},"featured_media":3923,"template":"","meta":{"om_disable_all_campaigns":false},"pwb-brand":[],"product_brand":[],"product_cat":[70,15],"product_tag":[109],"class_list":{"0":"post-1295","1":"product","2":"type-product","3":"status-publish","4":"has-post-thumbnail","6":"product_cat-aida","7":"product_cat-camera","8":"product_tag-hd-ndi-x20","10":"first","11":"onbackorder","12":"shipping-taxable","13":"product-type-simple"},"aioseo_notices":[],"jetpack_sharing_enabled":true,"brands":[],"_links":{"self":[{"href":"https:\/\/proservice.com.ar\/index.php\/wp-json\/wp\/v2\/product\/1295","targetHints":{"allow":["GET"]}}],"collection":[{"href":"https:\/\/proservice.com.ar\/index.php\/wp-json\/wp\/v2\/product"}],"about":[{"href":"https:\/\/proservice.com.ar\/index.php\/wp-json\/wp\/v2\/types\/product"}],"wp:featuredmedia":[{"embeddable":true,"href":"https:\/\/proservice.com.ar\/index.php\/wp-json\/wp\/v2\/media\/3923"}],"wp:attachment":[{"href":"https:\/\/proservice.com.ar\/index.php\/wp-json\/wp\/v2\/media?parent=1295"}],"wp:term":[{"taxonomy":"pwb-brand","embeddable":true,"href":"https:\/\/proservice.com.ar\/index.php\/wp-json\/wp\/v2\/pwb-brand?post=1295"},{"taxonomy":"product_brand","embeddable":true,"href":"https:\/\/proservice.com.ar\/index.php\/wp-json\/wp\/v2\/product_brand?post=1295"},{"taxonomy":"product_cat","embeddable":true,"href":"https:\/\/proservice.com.ar\/index.php\/wp-json\/wp\/v2\/product_cat?post=1295"},{"taxonomy":"product_tag","embeddable":true,"href":"https:\/\/proservice.com.ar\/index.php\/wp-json\/wp\/v2\/product_tag?post=1295"}],"curies":[{"name":"wp","href":"https:\/\/api.w.org\/{rel}","templated":true}]}}