{"id":1306,"date":"2023-04-04T18:14:53","date_gmt":"2023-04-04T18:14:53","guid":{"rendered":"https:\/\/proservice.com.ar\/?post_type=product&#038;p=1306"},"modified":"2026-01-06T09:26:43","modified_gmt":"2026-01-06T12:26:43","slug":"aida-imaging-weatherproof-3g-sdi-1080p-pov-camera-with-3x-optical-zoom","status":"publish","type":"product","link":"https:\/\/proservice.com.ar\/index.php\/product\/aida-imaging-weatherproof-3g-sdi-1080p-pov-camera-with-3x-optical-zoom\/","title":{"rendered":"AIDA Imaging Weatherproof 3G-SDI 1080p POV Camera with 3x Optical Zoom"},"content":{"rendered":"<div class=\"title_OMS5rN7R1Z\">\n<div data-selenium=\"sellingPointsTitle\">\n<p>La\u00a0c\u00e1mara\u00a0 HD-X3L-IP67 POV ultracompacta resistente a la intemperie 3G-SDI 1080p con zoom \u00f3ptico de 3,5x\u00a0de\u00a0AIDA Imaging\u00a0es adecuada para conferencias web, deportes, carreras de autos, vigilancia, medicina, radiodifusi\u00f3n, producci\u00f3n en vivo, educaci\u00f3n, lugares de culto y otras aplicaciones.\u00a0Con aproximadamente 2&#8243; de ancho por 2&#8243; de alto y 3,25&#8243; de profundidad, la c\u00e1mara puede caber en una variedad de espacios donde un tama\u00f1o peque\u00f1o y una lente gran angular son ventajosos, como una c\u00e1mara para tablero o discretamente en la esquina de una sala quir\u00fargica. La c\u00e1mara captura v\u00eddeo con una resoluci\u00f3n de hasta 1080p60 y cuenta con una lente de zoom 3x incorporada de gran angular.<\/p>\n<\/div>\n<div data-selenium=\"sellingPointsTitle\"><\/div>\n<div class=\"text_TAw0W35QK_ comfy_TAw0W35QK_ sizeTitle4_TAw0W35QK_ weightBold_TAw0W35QK_ primary_i3MsQsqoe0\" data-selenium=\"sellingPointsTitle\"><span style=\"color: #000000\"><strong>Caracter\u00edsticas principales:\u00a0<\/strong><\/span><\/div>\n<\/div>\n<ul class=\"list_OMS5rN7R1Z\">\n<li class=\"listItem_OMS5rN7R1Z\" data-selenium=\"sellingPointsListItem\">Capture v\u00eddeo con resoluci\u00f3n de hasta 1080p60<\/li>\n<li class=\"listItem_OMS5rN7R1Z\" data-selenium=\"sellingPointsListItem\">Resistente al agua con clasificaci\u00f3n IP67 para uso en exteriores<\/li>\n<li class=\"listItem_OMS5rN7R1Z\" data-selenium=\"sellingPointsListItem\">Lente de zoom \u00f3ptico 3x de 3,85 a 13,4 mm<\/li>\n<li class=\"listItem_OMS5rN7R1Z\" data-selenium=\"sellingPointsListItem\">Salida 3G-SDI, \u00e1ngulo de visi\u00f3n de 78 a 25\u00b0<\/li>\n<li class=\"listItem_OMS5rN7R1Z\" data-selenium=\"sellingPointsListItem\">Entrada RS-485 mediante cable de conexi\u00f3n de 10&#8242;<\/li>\n<li class=\"listItem_OMS5rN7R1Z\" data-selenium=\"sellingPointsListItem\">Amplio rango din\u00e1mico<\/li>\n<li class=\"listItem_OMS5rN7R1Z\" data-selenium=\"sellingPointsListItem\">Estabilizaci\u00f3n de imagen digital<\/li>\n<li class=\"listItem_OMS5rN7R1Z\" data-selenium=\"sellingPointsListItem\">Reducci\u00f3n de ruido de imagen 2D\/3D<\/li>\n<li class=\"listItem_OMS5rN7R1Z\" data-selenium=\"sellingPointsListItem\">2 roscas de montaje de 1\/4&#8243;-20.<\/li>\n<\/ul>\n","protected":false},"excerpt":{"rendered":"<p>HD-X3L-IP67<\/p>\n","protected":false},"featured_media":3916,"template":"","meta":{"om_disable_all_campaigns":false},"pwb-brand":[],"product_brand":[],"product_cat":[70,15],"product_tag":[110],"class_list":{"0":"post-1306","1":"product","2":"type-product","3":"status-publish","4":"has-post-thumbnail","6":"product_cat-aida","7":"product_cat-camera","8":"product_tag-hd-x3l-ip67","10":"first","11":"instock","12":"sale","13":"shipping-taxable","14":"purchasable","15":"product-type-simple"},"aioseo_notices":[],"jetpack_sharing_enabled":true,"brands":[],"_links":{"self":[{"href":"https:\/\/proservice.com.ar\/index.php\/wp-json\/wp\/v2\/product\/1306","targetHints":{"allow":["GET"]}}],"collection":[{"href":"https:\/\/proservice.com.ar\/index.php\/wp-json\/wp\/v2\/product"}],"about":[{"href":"https:\/\/proservice.com.ar\/index.php\/wp-json\/wp\/v2\/types\/product"}],"wp:featuredmedia":[{"embeddable":true,"href":"https:\/\/proservice.com.ar\/index.php\/wp-json\/wp\/v2\/media\/3916"}],"wp:attachment":[{"href":"https:\/\/proservice.com.ar\/index.php\/wp-json\/wp\/v2\/media?parent=1306"}],"wp:term":[{"taxonomy":"pwb-brand","embeddable":true,"href":"https:\/\/proservice.com.ar\/index.php\/wp-json\/wp\/v2\/pwb-brand?post=1306"},{"taxonomy":"product_brand","embeddable":true,"href":"https:\/\/proservice.com.ar\/index.php\/wp-json\/wp\/v2\/product_brand?post=1306"},{"taxonomy":"product_cat","embeddable":true,"href":"https:\/\/proservice.com.ar\/index.php\/wp-json\/wp\/v2\/product_cat?post=1306"},{"taxonomy":"product_tag","embeddable":true,"href":"https:\/\/proservice.com.ar\/index.php\/wp-json\/wp\/v2\/product_tag?post=1306"}],"curies":[{"name":"wp","href":"https:\/\/api.w.org\/{rel}","templated":true}]}}