{"id":1328,"date":"2023-04-04T18:19:48","date_gmt":"2023-04-04T18:19:48","guid":{"rendered":"https:\/\/proservice.com.ar\/?post_type=product&#038;p=1328"},"modified":"2025-12-01T15:42:16","modified_gmt":"2025-12-01T18:42:16","slug":"avmatrix-se1217-h-265-264-hdmi-streaming-encoder","status":"publish","type":"product","link":"https:\/\/proservice.com.ar\/index.php\/product\/avmatrix-se1217-h-265-264-hdmi-streaming-encoder\/","title":{"rendered":"AVMATRIX SE1217 H.265\/264 HDMI Streaming Encoder"},"content":{"rendered":"<div class=\"title_OMS5rN7R1Z\">\n<div data-selenium=\"sellingPointsTitle\">El AVMATRIX SE1217 es un codificador de audio y v\u00eddeo que permite codificar y comprimir la fuente de v\u00eddeo y audio HDMI en una se\u00f1al IP, y luego transmitirla a un servidor de streaming mediante una direcci\u00f3n IP de red para emitir en directo en plataformas como Facebook, YouTube, Ustream, Twitch, Wowza, etc<\/div>\n<\/div>\n<div data-selenium=\"sellingPointsTitle\"><\/div>\n<div class=\"title_OMS5rN7R1Z\">\n<div class=\"text_TAw0W35QK_ comfy_TAw0W35QK_ sizeTitle4_TAw0W35QK_ weightBold_TAw0W35QK_ primary_i3MsQsqoe0\" data-selenium=\"sellingPointsTitle\"><span style=\"color: #000000\"><strong>Caracter\u00edsticas principales:\u00a0<\/strong><\/span><\/div>\n<\/div>\n<ul class=\"list_OMS5rN7R1Z\">\n<li class=\"listItem_OMS5rN7R1Z\" data-selenium=\"sellingPointsListItem\">Codificador de v\u00eddeo H.264\/H.265<\/li>\n<li class=\"listItem_OMS5rN7R1Z\" data-selenium=\"sellingPointsListItem\">Entrada HDMI\/Salida en bucle |\u00a0Entrada de audio de 3,5 mm<\/li>\n<li class=\"listItem_OMS5rN7R1Z\" data-selenium=\"sellingPointsListItem\">Admite se\u00f1ales de entrada de hasta 1080p60<\/li>\n<li class=\"listItem_OMS5rN7R1Z\" data-selenium=\"sellingPointsListItem\">Transmisi\u00f3n dual principal y secundaria simult\u00e1nea<\/li>\n<li class=\"listItem_OMS5rN7R1Z\" data-selenium=\"sellingPointsListItem\">Transmisi\u00f3n de v\u00eddeo y audio o audio \u00fanico<\/li>\n<li class=\"listItem_OMS5rN7R1Z\" data-selenium=\"sellingPointsListItem\">RTSP, RTP, RTMPS, RTMP, HTML, UDP, SRT<\/li>\n<li class=\"listItem_OMS5rN7R1Z\" data-selenium=\"sellingPointsListItem\">Unidifusi\u00f3n o multidifusi\u00f3n<\/li>\n<li class=\"listItem_OMS5rN7R1Z\" data-selenium=\"sellingPointsListItem\">Superposiciones de im\u00e1genes y texto<\/li>\n<li class=\"listItem_OMS5rN7R1Z\" data-selenium=\"sellingPointsListItem\">Funciones de espejo e inversi\u00f3n de imagen<\/li>\n<\/ul>\n","protected":false},"excerpt":{"rendered":"<p>SE1217<\/p>\n","protected":false},"featured_media":3614,"template":"","meta":{"om_disable_all_campaigns":false},"pwb-brand":[],"product_brand":[],"product_cat":[74,65],"product_tag":[112],"class_list":{"0":"post-1328","1":"product","2":"type-product","3":"status-publish","4":"has-post-thumbnail","6":"product_cat-avmatrix","7":"product_cat-streaming-device","8":"product_tag-se1217","10":"first","11":"instock","12":"sale","13":"shipping-taxable","14":"purchasable","15":"product-type-simple"},"aioseo_notices":[],"jetpack_sharing_enabled":true,"brands":[],"_links":{"self":[{"href":"https:\/\/proservice.com.ar\/index.php\/wp-json\/wp\/v2\/product\/1328","targetHints":{"allow":["GET"]}}],"collection":[{"href":"https:\/\/proservice.com.ar\/index.php\/wp-json\/wp\/v2\/product"}],"about":[{"href":"https:\/\/proservice.com.ar\/index.php\/wp-json\/wp\/v2\/types\/product"}],"wp:featuredmedia":[{"embeddable":true,"href":"https:\/\/proservice.com.ar\/index.php\/wp-json\/wp\/v2\/media\/3614"}],"wp:attachment":[{"href":"https:\/\/proservice.com.ar\/index.php\/wp-json\/wp\/v2\/media?parent=1328"}],"wp:term":[{"taxonomy":"pwb-brand","embeddable":true,"href":"https:\/\/proservice.com.ar\/index.php\/wp-json\/wp\/v2\/pwb-brand?post=1328"},{"taxonomy":"product_brand","embeddable":true,"href":"https:\/\/proservice.com.ar\/index.php\/wp-json\/wp\/v2\/product_brand?post=1328"},{"taxonomy":"product_cat","embeddable":true,"href":"https:\/\/proservice.com.ar\/index.php\/wp-json\/wp\/v2\/product_cat?post=1328"},{"taxonomy":"product_tag","embeddable":true,"href":"https:\/\/proservice.com.ar\/index.php\/wp-json\/wp\/v2\/product_tag?post=1328"}],"curies":[{"name":"wp","href":"https:\/\/api.w.org\/{rel}","templated":true}]}}