{"id":1361,"date":"2023-04-04T18:35:54","date_gmt":"2023-04-04T18:35:54","guid":{"rendered":"https:\/\/proservice.com.ar\/?post_type=product&#038;p=1361"},"modified":"2025-05-12T14:16:19","modified_gmt":"2025-05-12T17:16:19","slug":"atomos-shinobi-7-4k-hdmi-sdi-monitor","status":"publish","type":"product","link":"https:\/\/proservice.com.ar\/index.php\/product\/atomos-shinobi-7-4k-hdmi-sdi-monitor\/","title":{"rendered":"Atomos Shinobi 7&#8243; 4K HDMI\/SDI Monitor"},"content":{"rendered":"<div data-selenium=\"sellingPointsTitle\">Atomos Shinobi 7&#8243; es un monitor grabador HDR que permite la grabaci\u00f3n de v\u00eddeo en formato RAW hasta 8Kp30 y 4Kp120 en Apple ProRes RAW. Es el primer dispositivo del mundo que ofrece esta capacidad, lo que lo convierte en una herramienta ideal para los profesionales que quieren aprovechar al m\u00e1ximo las prestaciones de las c\u00e1maras m\u00e1s avanzadas del mercado, como la Canon R5. El ATOMSHB002 atomos es un producto innovador y vers\u00e1til que ofrece una calidad de imagen sin precedentes y una gran flexibilidad para los creadores de contenido<\/div>\n<div data-selenium=\"sellingPointsTitle\"><\/div>\n<div class=\"title_OMS5rN7R1Z\">\n<div class=\"text_TAw0W35QK_ comfy_TAw0W35QK_ sizeTitle4_TAw0W35QK_ weightBold_TAw0W35QK_ primary_i3MsQsqoe0\" data-selenium=\"sellingPointsTitle\">Caracter\u00edsticas principales:<\/div>\n<\/div>\n<ul class=\"list_OMS5rN7R1Z\">\n<li class=\"listItem_OMS5rN7R1Z\" data-selenium=\"sellingPointsListItem\">Pantalla t\u00e1ctil de 7&#8243; 1920 x 1200<\/li>\n<li class=\"listItem_OMS5rN7R1Z\" data-selenium=\"sellingPointsListItem\">Entrada\/Salida 4K60 HDMI 2.0, Entrada\/Salida 2K60 3G-SDI<\/li>\n<li class=\"listItem_OMS5rN7R1Z\" data-selenium=\"sellingPointsListItem\">Brillo de 2200 cd\/m\u00b2<\/li>\n<li class=\"listItem_OMS5rN7R1Z\" data-selenium=\"sellingPointsListItem\">Conversi\u00f3n cruzada HDMI\/SDI<\/li>\n<li class=\"listItem_OMS5rN7R1Z\" data-selenium=\"sellingPointsListItem\">Puerto de control de c\u00e1mara de 2,5 mm para Z CAM E2<\/li>\n<li class=\"listItem_OMS5rN7R1Z\" data-selenium=\"sellingPointsListItem\">Ranuras duales para bater\u00edas Sony serie L<\/li>\n<li class=\"listItem_OMS5rN7R1Z\" data-selenium=\"sellingPointsListItem\">\u00c1tomoOS;\u00a0Compatibilidad con AtomHDR y 3D LUT<\/li>\n<li class=\"listItem_OMS5rN7R1Z\" data-selenium=\"sellingPointsListItem\">Rango din\u00e1mico de 10 paradas<\/li>\n<li class=\"listItem_OMS5rN7R1Z\" data-selenium=\"sellingPointsListItem\">Admite una variedad de formatos de registro<\/li>\n<\/ul>\n","protected":false},"excerpt":{"rendered":"<p>ATOMSHB002<\/p>\n","protected":false},"featured_media":3597,"template":"","meta":{"om_disable_all_campaigns":false},"pwb-brand":[],"product_brand":[],"product_cat":[75,63,238],"product_tag":[117],"class_list":{"0":"post-1361","1":"product","2":"type-product","3":"status-publish","4":"has-post-thumbnail","6":"product_cat-atomos","7":"product_cat-monitors-multiview","8":"product_cat-recorders","9":"product_tag-atomshb002","11":"first","12":"onbackorder","13":"shipping-taxable","14":"product-type-simple"},"aioseo_notices":[],"jetpack_sharing_enabled":true,"brands":[],"_links":{"self":[{"href":"https:\/\/proservice.com.ar\/index.php\/wp-json\/wp\/v2\/product\/1361","targetHints":{"allow":["GET"]}}],"collection":[{"href":"https:\/\/proservice.com.ar\/index.php\/wp-json\/wp\/v2\/product"}],"about":[{"href":"https:\/\/proservice.com.ar\/index.php\/wp-json\/wp\/v2\/types\/product"}],"wp:featuredmedia":[{"embeddable":true,"href":"https:\/\/proservice.com.ar\/index.php\/wp-json\/wp\/v2\/media\/3597"}],"wp:attachment":[{"href":"https:\/\/proservice.com.ar\/index.php\/wp-json\/wp\/v2\/media?parent=1361"}],"wp:term":[{"taxonomy":"pwb-brand","embeddable":true,"href":"https:\/\/proservice.com.ar\/index.php\/wp-json\/wp\/v2\/pwb-brand?post=1361"},{"taxonomy":"product_brand","embeddable":true,"href":"https:\/\/proservice.com.ar\/index.php\/wp-json\/wp\/v2\/product_brand?post=1361"},{"taxonomy":"product_cat","embeddable":true,"href":"https:\/\/proservice.com.ar\/index.php\/wp-json\/wp\/v2\/product_cat?post=1361"},{"taxonomy":"product_tag","embeddable":true,"href":"https:\/\/proservice.com.ar\/index.php\/wp-json\/wp\/v2\/product_tag?post=1361"}],"curies":[{"name":"wp","href":"https:\/\/api.w.org\/{rel}","templated":true}]}}