{"id":1415,"date":"2024-11-21T19:14:24","date_gmt":"2024-11-21T22:14:24","guid":{"rendered":"https:\/\/proservice.com.ar\/?post_type=product&#038;p=1415"},"modified":"2026-04-01T11:19:40","modified_gmt":"2026-04-01T14:19:40","slug":"smallrig-p200-bi-color-led-light-panel-us","status":"publish","type":"product","link":"https:\/\/proservice.com.ar\/index.php\/product\/smallrig-p200-bi-color-led-light-panel-us\/","title":{"rendered":"SmallRig P200 Bi-Color LED Light Panel (US)"},"content":{"rendered":"<div class=\"title_OMS5rN7R1Z\">\n<div data-selenium=\"sellingPointsTitle\">Dise\u00f1ado para tomas de belleza, el panel de luz LED bicolor P200\u00a0de\u00a0SmallRig\u00a0se adapta a diversos requisitos de iluminaci\u00f3n, como transmisi\u00f3n en vivo, grabaciones de video y sesiones de fotos.\u00a0La luz incluye 192 LED (96 blanco c\u00e1lido y 96 blanco fr\u00edo) en un dispositivo con colores variables de 2500 a 6500 K y una alta clasificaci\u00f3n CRI\/TLCI de 98. El panel compacto de 10 x 6,9&#8243; emite hasta 2000 lux a 30 cm, creando una luz natural y suave. Se ofrecen nueve efectos de iluminaci\u00f3n para satisfacer sus diversas demandas. Simplemente haga clic en el bot\u00f3n &#8220;beauty-on&#8221; para personalizar y memorizar sus \u00faltimos ajustes.<\/div>\n<\/div>\n<div data-selenium=\"sellingPointsTitle\"><\/div>\n<div class=\"title_OMS5rN7R1Z\">\n<div class=\"text_TAw0W35QK_ comfy_TAw0W35QK_ sizeTitle4_TAw0W35QK_ weightBold_TAw0W35QK_ primary_i3MsQsqoe0\" data-selenium=\"sellingPointsTitle\"><strong>Caracter\u00edsticas principales:\u00a0<\/strong><\/div>\n<\/div>\n<ul class=\"list_OMS5rN7R1Z\">\n<li class=\"listItem_OMS5rN7R1Z\" data-selenium=\"sellingPointsListItem\">Para creadores de contenido y vloggers<\/li>\n<li class=\"listItem_OMS5rN7R1Z\" data-selenium=\"sellingPointsListItem\">Salida: 2000 Lux a 30cm&#8217;<\/li>\n<li class=\"listItem_OMS5rN7R1Z\" data-selenium=\"sellingPointsListItem\">2500-6500K TMC<\/li>\n<li class=\"listItem_OMS5rN7R1Z\" data-selenium=\"sellingPointsListItem\">10 x 6,9&#8243;; alimentaci\u00f3n por USB\/bater\u00eda opcional<\/li>\n<li class=\"listItem_OMS5rN7R1Z\" data-selenium=\"sellingPointsListItem\">IRC 98 |\u00a0TLCI 98<\/li>\n<li class=\"listItem_OMS5rN7R1Z\" data-selenium=\"sellingPointsListItem\">Control a bordo<\/li>\n<li class=\"listItem_OMS5rN7R1Z\" data-selenium=\"sellingPointsListItem\">Roscas de 1\/4&#8243;-20 para montaje<\/li>\n<li class=\"listItem_OMS5rN7R1Z\" data-selenium=\"sellingPointsListItem\">9 efectos especiales preestablecidos<\/li>\n<li class=\"listItem_OMS5rN7R1Z\" data-selenium=\"sellingPointsListItem\">Material ABS<\/li>\n<\/ul>\n","protected":false},"excerpt":{"rendered":"<p>4065<\/p>\n","protected":false},"featured_media":4359,"template":"","meta":{"om_disable_all_campaigns":false},"pwb-brand":[],"product_brand":[],"product_cat":[62,420,83],"product_tag":[125],"class_list":{"0":"post-1415","1":"product","2":"type-product","3":"status-publish","4":"has-post-thumbnail","6":"product_cat-lighting","7":"product_cat-ofertas","8":"product_cat-smallrig","9":"product_tag-125","11":"first","12":"outofstock","13":"shipping-taxable","14":"product-type-simple"},"aioseo_notices":[],"jetpack_sharing_enabled":true,"brands":[],"_links":{"self":[{"href":"https:\/\/proservice.com.ar\/index.php\/wp-json\/wp\/v2\/product\/1415","targetHints":{"allow":["GET"]}}],"collection":[{"href":"https:\/\/proservice.com.ar\/index.php\/wp-json\/wp\/v2\/product"}],"about":[{"href":"https:\/\/proservice.com.ar\/index.php\/wp-json\/wp\/v2\/types\/product"}],"wp:featuredmedia":[{"embeddable":true,"href":"https:\/\/proservice.com.ar\/index.php\/wp-json\/wp\/v2\/media\/4359"}],"wp:attachment":[{"href":"https:\/\/proservice.com.ar\/index.php\/wp-json\/wp\/v2\/media?parent=1415"}],"wp:term":[{"taxonomy":"pwb-brand","embeddable":true,"href":"https:\/\/proservice.com.ar\/index.php\/wp-json\/wp\/v2\/pwb-brand?post=1415"},{"taxonomy":"product_brand","embeddable":true,"href":"https:\/\/proservice.com.ar\/index.php\/wp-json\/wp\/v2\/product_brand?post=1415"},{"taxonomy":"product_cat","embeddable":true,"href":"https:\/\/proservice.com.ar\/index.php\/wp-json\/wp\/v2\/product_cat?post=1415"},{"taxonomy":"product_tag","embeddable":true,"href":"https:\/\/proservice.com.ar\/index.php\/wp-json\/wp\/v2\/product_tag?post=1415"}],"curies":[{"name":"wp","href":"https:\/\/api.w.org\/{rel}","templated":true}]}}