{"id":1488,"date":"2023-04-04T19:39:19","date_gmt":"2023-04-04T19:39:19","guid":{"rendered":"https:\/\/proservice.com.ar\/?post_type=product&#038;p=1488"},"modified":"2026-04-01T11:51:11","modified_gmt":"2026-04-01T14:51:11","slug":"yololiv-instream-vertical-live-streaming-encoder-and-monitor","status":"publish","type":"product","link":"https:\/\/proservice.com.ar\/index.php\/product\/yololiv-instream-vertical-live-streaming-encoder-and-monitor\/","title":{"rendered":"YoloLiv Instream Vertical Live Streaming Encoder and Monitor"},"content":{"rendered":"<div class=\"title_OMS5rN7R1Z\">\n<div data-selenium=\"sellingPointsTitle\">\n<p>A\u00f1ade transmisi\u00f3n multic\u00e1mara a tu Instagram, TikTok y otros servicios de transmisi\u00f3n en vivo con el codificador y monitor de transmisi\u00f3n vertical en vivo YoloBox Instream de YoloLiv . Instream cuenta con integraci\u00f3n nativa con Instagram y TikTok y est\u00e1 dise\u00f1ado para permitirte usar c\u00e1maras externas durante la transmisi\u00f3n, algo que normalmente no puedes hacer al transmitir desde la app de Instagram en tu tel\u00e9fono, ya que la app no \u200b\u200blo permite. Sin embargo, Instream te permite seleccionar y alternar entre tres c\u00e1maras externas mientras usas la app de Instagram. Adem\u00e1s de la transmisi\u00f3n multic\u00e1mara en diversas plataformas, el Instream permite a\u00f1adir superposiciones gr\u00e1ficas, imagen en imagen, croma y usar efectos de transici\u00f3n al cambiar de entrada de c\u00e1mara. Transmite hasta 1080p60 con el c\u00f3dec H.264 y graba en una tarjeta SD opcional. Cuenta con una pantalla t\u00e1ctil LCD de 7&#8243;, dos entradas HDMI y una USB-A, y una salida HDMI para ver la transmisi\u00f3n en un dispositivo local. El Instream tambi\u00e9n incluye una entrada de audio de nivel de l\u00ednea, una entrada de micr\u00f3fono y un conector para auriculares para monitorizaci\u00f3n directa.<\/p>\n<p><strong><span style=\"color: #000000\">Caracter\u00edsticas principales:\u00a0<\/span><\/strong><\/p>\n<\/div>\n<\/div>\n<ul class=\"list_OMS5rN7R1Z\">\n<li class=\"listItem_OMS5rN7R1Z\" data-selenium=\"sellingPointsListItem\">Codificador, monitor, grabador, conmutador<\/li>\n<li class=\"listItem_OMS5rN7R1Z\" data-selenium=\"sellingPointsListItem\">Pantalla LCD t\u00e1ctil intuitiva de 7&#8243;<\/li>\n<li class=\"listItem_OMS5rN7R1Z\" data-selenium=\"sellingPointsListItem\">Transmita a trav\u00e9s de Ethernet, Wi-Fi, 4G LTE<\/li>\n<li class=\"listItem_OMS5rN7R1Z\" data-selenium=\"sellingPointsListItem\">Transmita hasta 1080p60, admite H.264<\/li>\n<li class=\"listItem_OMS5rN7R1Z\" data-selenium=\"sellingPointsListItem\">2 x HDMI, 1 x entrada USB, 1 x entrada de tarjeta SD<\/li>\n<li class=\"listItem_OMS5rN7R1Z\" data-selenium=\"sellingPointsListItem\">Admite v\u00eddeo H.264\/MP4 hasta 1080p<\/li>\n<li class=\"listItem_OMS5rN7R1Z\" data-selenium=\"sellingPointsListItem\">Clave de croma incorporada<\/li>\n<li class=\"listItem_OMS5rN7R1Z\" data-selenium=\"sellingPointsListItem\">Tercios inferiores\/Superposiciones gr\u00e1ficas\/Cuenta regresiva<\/li>\n<li class=\"listItem_OMS5rN7R1Z\" data-selenium=\"sellingPointsListItem\">Imagen en imagen y efectos de transici\u00f3n<\/li>\n<li class=\"listItem_OMS5rN7R1Z\" data-selenium=\"sellingPointsListItem\">Agregar logotipos\/comentarios a la transmisi\u00f3n<\/li>\n<\/ul>\n","protected":false},"excerpt":{"rendered":"<p>INSTREAM<\/p>\n","protected":false},"featured_media":3649,"template":"","meta":{"om_disable_all_campaigns":false},"pwb-brand":[],"product_brand":[],"product_cat":[65,85],"product_tag":[410],"class_list":{"0":"post-1488","1":"product","2":"type-product","3":"status-publish","4":"has-post-thumbnail","6":"product_cat-streaming-device","7":"product_cat-yololiv","8":"product_tag-instream","10":"first","11":"instock","12":"sale","13":"shipping-taxable","14":"purchasable","15":"product-type-simple"},"aioseo_notices":[],"jetpack_sharing_enabled":true,"brands":[],"_links":{"self":[{"href":"https:\/\/proservice.com.ar\/index.php\/wp-json\/wp\/v2\/product\/1488","targetHints":{"allow":["GET"]}}],"collection":[{"href":"https:\/\/proservice.com.ar\/index.php\/wp-json\/wp\/v2\/product"}],"about":[{"href":"https:\/\/proservice.com.ar\/index.php\/wp-json\/wp\/v2\/types\/product"}],"wp:featuredmedia":[{"embeddable":true,"href":"https:\/\/proservice.com.ar\/index.php\/wp-json\/wp\/v2\/media\/3649"}],"wp:attachment":[{"href":"https:\/\/proservice.com.ar\/index.php\/wp-json\/wp\/v2\/media?parent=1488"}],"wp:term":[{"taxonomy":"pwb-brand","embeddable":true,"href":"https:\/\/proservice.com.ar\/index.php\/wp-json\/wp\/v2\/pwb-brand?post=1488"},{"taxonomy":"product_brand","embeddable":true,"href":"https:\/\/proservice.com.ar\/index.php\/wp-json\/wp\/v2\/product_brand?post=1488"},{"taxonomy":"product_cat","embeddable":true,"href":"https:\/\/proservice.com.ar\/index.php\/wp-json\/wp\/v2\/product_cat?post=1488"},{"taxonomy":"product_tag","embeddable":true,"href":"https:\/\/proservice.com.ar\/index.php\/wp-json\/wp\/v2\/product_tag?post=1488"}],"curies":[{"name":"wp","href":"https:\/\/api.w.org\/{rel}","templated":true}]}}