{"id":1500,"date":"2023-04-04T19:48:28","date_gmt":"2023-04-04T19:48:28","guid":{"rendered":"https:\/\/proservice.com.ar\/?post_type=product&#038;p=1500"},"modified":"2026-04-13T11:00:17","modified_gmt":"2026-04-13T14:00:17","slug":"yololiv-yolobox-mini-ultra-portable-all-in-one-smart-live-streaming-encoder-monitor","status":"publish","type":"product","link":"https:\/\/proservice.com.ar\/index.php\/product\/yololiv-yolobox-mini-ultra-portable-all-in-one-smart-live-streaming-encoder-monitor\/","title":{"rendered":"YoloLiv YoloBox Mini  Ultra-Portable All-in-One Smart Live Streaming Encoder &amp; Monitor"},"content":{"rendered":"<div class=\"title_OMS5rN7R1Z\">\n<div data-selenium=\"sellingPointsTitle\">El YoloBox Mini es ideal para transmitir desde una sola c\u00e1mara o cuando se conecta a la salida de un conmutador, ya que no solo codificar\u00e1 y transmitir\u00e1, sino que tambi\u00e9n agregar\u00e1 superposiciones gr\u00e1ficas, liber\u00e1ndolo de la necesidad de una computadora.<\/div>\n<div data-selenium=\"sellingPointsTitle\">Simplemente conecte su entrada de video a HDMI o USB 2.0, luego con\u00e9ctese a una red de \u00e1rea local a trav\u00e9s de Wi-Fi, Ethernet o LTE (la conexi\u00f3n LTE requiere una tarjeta SIM y un plan de datos no incluido).\u00a0Tambi\u00e9n cuenta con una salida HDMI para mostrar su transmisi\u00f3n localmente en una pantalla HDMI opcional.\u00a0YoloBox Mini admite resoluciones de entrada de hasta 1080p60 y puede transmitir a YouTube, Twitch y otros servicios de transmisi\u00f3n a trav\u00e9s de ajustes preestablecidos de RTMP personalizados.\u00a0Puede grabar su transmisi\u00f3n directamente en formato MP4 en una tarjeta SD opcional con hasta 1 TB de capacidad utilizando la ranura para tarjeta SD incorporada.<\/div>\n<\/div>\n<div data-selenium=\"sellingPointsTitle\"><\/div>\n<div class=\"title_OMS5rN7R1Z\">\n<div class=\"text_TAw0W35QK_ comfy_TAw0W35QK_ sizeTitle4_TAw0W35QK_ weightBold_TAw0W35QK_ primary_i3MsQsqoe0\" data-selenium=\"sellingPointsTitle\"><strong><span style=\"color: #000000\">Caracter\u00edsticas principales:\u00a0<\/span><\/strong><\/div>\n<\/div>\n<ul class=\"list_OMS5rN7R1Z\">\n<li class=\"listItem_OMS5rN7R1Z\" data-selenium=\"sellingPointsListItem\">Streaming simult\u00e1neo multiplataforma<\/li>\n<li class=\"listItem_OMS5rN7R1Z\" data-selenium=\"sellingPointsListItem\">Codificador, monitor, conmutador y grabador<\/li>\n<li class=\"listItem_OMS5rN7R1Z\" data-selenium=\"sellingPointsListItem\">Control de pantalla t\u00e1ctil LCD de 5,5&#8243;<\/li>\n<li class=\"listItem_OMS5rN7R1Z\" data-selenium=\"sellingPointsListItem\">1 entrada HDMI, 1 salida HDMI<\/li>\n<li class=\"listItem_OMS5rN7R1Z\" data-selenium=\"sellingPointsListItem\"><span style=\"vertical-align: inherit\"><span style=\"vertical-align: inherit\">1 entrada USB.<\/span><\/span><\/li>\n<li class=\"listItem_OMS5rN7R1Z\" data-selenium=\"sellingPointsListItem\">Admite v\u00eddeo H.264\/MP4 hasta 1080p<\/li>\n<li class=\"listItem_OMS5rN7R1Z\" data-selenium=\"sellingPointsListItem\">Transmita a trav\u00e9s de Ethernet, Wi-Fi, 4G LTE<\/li>\n<li class=\"listItem_OMS5rN7R1Z\" data-selenium=\"sellingPointsListItem\">1 x ranura para tarjeta SD para grabaci\u00f3n, hasta 1 TB<\/li>\n<li class=\"listItem_OMS5rN7R1Z\" data-selenium=\"sellingPointsListItem\">Compatible con HDCP, entrada de audio y micr\u00f3fono<\/li>\n<li class=\"listItem_OMS5rN7R1Z\" data-selenium=\"sellingPointsListItem\">Brillo de 500 cd\/m\u00b2, bater\u00eda incorporada<\/li>\n<\/ul>\n","protected":false},"excerpt":{"rendered":"<p><span style=\"vertical-align: inherit\"><span style=\"vertical-align: inherit\">Caja Yolo Mini<\/span><\/span><\/p>\n","protected":false},"featured_media":3645,"template":"","meta":{"om_disable_all_campaigns":false},"pwb-brand":[],"product_brand":[],"product_cat":[65,85],"product_tag":[577,133],"class_list":{"0":"post-1500","1":"product","2":"type-product","3":"status-publish","4":"has-post-thumbnail","6":"product_cat-streaming-device","7":"product_cat-yololiv","8":"product_tag-yolo-mini","9":"product_tag-yoloboxmini","11":"first","12":"outofstock","13":"sale","14":"shipping-taxable","15":"product-type-simple"},"aioseo_notices":[],"jetpack_sharing_enabled":true,"brands":[],"_links":{"self":[{"href":"https:\/\/proservice.com.ar\/index.php\/wp-json\/wp\/v2\/product\/1500","targetHints":{"allow":["GET"]}}],"collection":[{"href":"https:\/\/proservice.com.ar\/index.php\/wp-json\/wp\/v2\/product"}],"about":[{"href":"https:\/\/proservice.com.ar\/index.php\/wp-json\/wp\/v2\/types\/product"}],"wp:featuredmedia":[{"embeddable":true,"href":"https:\/\/proservice.com.ar\/index.php\/wp-json\/wp\/v2\/media\/3645"}],"wp:attachment":[{"href":"https:\/\/proservice.com.ar\/index.php\/wp-json\/wp\/v2\/media?parent=1500"}],"wp:term":[{"taxonomy":"pwb-brand","embeddable":true,"href":"https:\/\/proservice.com.ar\/index.php\/wp-json\/wp\/v2\/pwb-brand?post=1500"},{"taxonomy":"product_brand","embeddable":true,"href":"https:\/\/proservice.com.ar\/index.php\/wp-json\/wp\/v2\/product_brand?post=1500"},{"taxonomy":"product_cat","embeddable":true,"href":"https:\/\/proservice.com.ar\/index.php\/wp-json\/wp\/v2\/product_cat?post=1500"},{"taxonomy":"product_tag","embeddable":true,"href":"https:\/\/proservice.com.ar\/index.php\/wp-json\/wp\/v2\/product_tag?post=1500"}],"curies":[{"name":"wp","href":"https:\/\/api.w.org\/{rel}","templated":true}]}}