{"id":1510,"date":"2023-04-04T19:51:01","date_gmt":"2023-04-04T19:51:01","guid":{"rendered":"https:\/\/proservice.com.ar\/?post_type=product&#038;p=1510"},"modified":"2025-06-12T13:40:54","modified_gmt":"2025-06-12T16:40:54","slug":"yololiv-yolobox-pro-portable-multi-camera-encoder-streamer-switcher-monitor-recorder","status":"publish","type":"product","link":"https:\/\/proservice.com.ar\/index.php\/product\/yololiv-yolobox-pro-portable-multi-camera-encoder-streamer-switcher-monitor-recorder\/","title":{"rendered":"YoloLiv YoloBox Pro Portable Multi-Camera Encoder\/Streamer, Switcher\/Monitor &amp; Recorder"},"content":{"rendered":"<div class=\"title_OMS5rN7R1Z\">\n<div data-selenium=\"sellingPointsTitle\">\n<p id=\"tw-target-text\" class=\"tw-data-text tw-text-large tw-ta\" dir=\"ltr\" data-placeholder=\"Translation\" data-ved=\"2ahUKEwj36J-VldiCAxVXq5UCHaNtDFcQ3ewLegQICBAQ\"><span class=\"Y2IQFc\" lang=\"es\">YoloBox Pro es un dispositivo que te permite crear producciones profesionales de video en vivo con m\u00faltiples c\u00e1maras, fuentes y plataformas. Es una soluci\u00f3n port\u00e1til y poderosa que integra codificaci\u00f3n, conmutaci\u00f3n, monitoreo, grabaci\u00f3n y transmisi\u00f3n m\u00faltiple en un solo dispositivo. Puedes usarlo para transmitir en vivo a Facebook, YouTube, Twitch y otras plataformas simult\u00e1neamente, as\u00ed como para agregar gr\u00e1ficos, efectos, transiciones y superposiciones a tu video. Tambi\u00e9n puedes utilizarlo como monitor, grabadora o c\u00e1mara web para videoconferencias. Tiene una interfaz de pantalla t\u00e1ctil que es f\u00e1cil de operar y admite conexiones 4G LTE, WiFi y Ethernet.<\/span><\/p>\n<\/div>\n<div class=\"text_TAw0W35QK_ comfy_TAw0W35QK_ sizeTitle4_TAw0W35QK_ weightBold_TAw0W35QK_ primary_i3MsQsqoe0\" data-selenium=\"sellingPointsTitle\"><span style=\"color: #000000\"><strong>Caracter\u00edsticas principales:\u00a0<\/strong><\/span><\/div>\n<\/div>\n<ul class=\"list_OMS5rN7R1Z\">\n<li class=\"listItem_OMS5rN7R1Z\" data-selenium=\"sellingPointsListItem\">Streaming simult\u00e1neo multiplataforma<\/li>\n<li class=\"listItem_OMS5rN7R1Z\" data-selenium=\"sellingPointsListItem\">Codificador, monitor, conmutador y grabador<\/li>\n<li class=\"listItem_OMS5rN7R1Z\" data-selenium=\"sellingPointsListItem\">Pantalla LCD de control con pantalla t\u00e1ctil de 8&#8243;<\/li>\n<li class=\"listItem_OMS5rN7R1Z\" data-selenium=\"sellingPointsListItem\">Live Switch desde hasta 10 fuentes<\/li>\n<li class=\"listItem_OMS5rN7R1Z\" data-selenium=\"sellingPointsListItem\">3 entradas HDMI y 1 entrada USB<\/li>\n<li class=\"listItem_OMS5rN7R1Z\" data-selenium=\"sellingPointsListItem\">Admite v\u00eddeo H.264\/MP4 hasta 1080p<\/li>\n<li class=\"listItem_OMS5rN7R1Z\" data-selenium=\"sellingPointsListItem\">Transmita a trav\u00e9s de Ethernet, Wi-Fi, 4G LTE<\/li>\n<li class=\"listItem_OMS5rN7R1Z\" data-selenium=\"sellingPointsListItem\">1 x ranura para tarjeta SD para grabar, hasta 128 GB<\/li>\n<li class=\"listItem_OMS5rN7R1Z\" data-selenium=\"sellingPointsListItem\">Compatible con HDCP, entrada de audio y micr\u00f3fono<\/li>\n<li class=\"listItem_OMS5rN7R1Z\" data-selenium=\"sellingPointsListItem\">Brillo de 400 cd\/m\u00b2, bater\u00eda incorporada<\/li>\n<\/ul>\n","protected":false},"excerpt":{"rendered":"<p>YoloLiv YoloBox Pro Portable Multi-Camera Encoder\/Streamer, Switcher\/Monitor &amp; Recorder<\/p>\n","protected":false},"featured_media":3639,"template":"","meta":{"om_disable_all_campaigns":false},"pwb-brand":[],"product_brand":[],"product_cat":[65,85],"product_tag":[134],"class_list":{"0":"post-1510","1":"product","2":"type-product","3":"status-publish","4":"has-post-thumbnail","6":"product_cat-streaming-device","7":"product_cat-yololiv","8":"product_tag-yolopro","10":"first","11":"outofstock","12":"shipping-taxable","13":"purchasable","14":"product-type-simple"},"aioseo_notices":[],"jetpack_sharing_enabled":true,"brands":[],"_links":{"self":[{"href":"https:\/\/proservice.com.ar\/index.php\/wp-json\/wp\/v2\/product\/1510","targetHints":{"allow":["GET"]}}],"collection":[{"href":"https:\/\/proservice.com.ar\/index.php\/wp-json\/wp\/v2\/product"}],"about":[{"href":"https:\/\/proservice.com.ar\/index.php\/wp-json\/wp\/v2\/types\/product"}],"wp:featuredmedia":[{"embeddable":true,"href":"https:\/\/proservice.com.ar\/index.php\/wp-json\/wp\/v2\/media\/3639"}],"wp:attachment":[{"href":"https:\/\/proservice.com.ar\/index.php\/wp-json\/wp\/v2\/media?parent=1510"}],"wp:term":[{"taxonomy":"pwb-brand","embeddable":true,"href":"https:\/\/proservice.com.ar\/index.php\/wp-json\/wp\/v2\/pwb-brand?post=1510"},{"taxonomy":"product_brand","embeddable":true,"href":"https:\/\/proservice.com.ar\/index.php\/wp-json\/wp\/v2\/product_brand?post=1510"},{"taxonomy":"product_cat","embeddable":true,"href":"https:\/\/proservice.com.ar\/index.php\/wp-json\/wp\/v2\/product_cat?post=1510"},{"taxonomy":"product_tag","embeddable":true,"href":"https:\/\/proservice.com.ar\/index.php\/wp-json\/wp\/v2\/product_tag?post=1510"}],"curies":[{"name":"wp","href":"https:\/\/api.w.org\/{rel}","templated":true}]}}