{"id":1695,"date":"2023-04-11T14:57:51","date_gmt":"2023-04-11T18:57:51","guid":{"rendered":"https:\/\/proservice.com.ar\/?post_type=product&#038;p=1695"},"modified":"2026-04-01T11:50:27","modified_gmt":"2026-04-01T14:50:27","slug":"blackmagic-design-focus-demand","status":"publish","type":"product","link":"https:\/\/proservice.com.ar\/index.php\/product\/blackmagic-design-focus-demand\/","title":{"rendered":"Blackmagic Design Focus Demand"},"content":{"rendered":"<div class=\"title_OMS5rN7R1Z\">\n<div data-selenium=\"sellingPointsTitle\">El Focus Demand es un dispositivo de control de enfoque para las c\u00e1maras Blackmagic Studio 4K Plus y Studio 4K Pro. Permite ajustar la distancia focal de los objetivos Micro Cuatro Tercios electr\u00f3nicos directamente desde las manijas del tr\u00edpode, sin necesidad de tocar la c\u00e1mara o el objetivo. El dispositivo se conecta a la c\u00e1mara mediante un cable USB-C y tiene dos puertos USB-C, por lo que se puede conectar en serie con otros dispositivos de control. El dispositivo tiene un bot\u00f3n de encendido\/apagado, un selector de velocidad, un bot\u00f3n de inicio\/parada de grabaci\u00f3n y un bot\u00f3n configurable. El dispositivo tambi\u00e9n tiene una rosca para montarlo en las manijas del tr\u00edpode y ajustar su posici\u00f3n.<\/div>\n<div data-selenium=\"sellingPointsTitle\"><\/div>\n<div class=\"text_TAw0W35QK_ comfy_TAw0W35QK_ sizeTitle4_TAw0W35QK_ weightBold_TAw0W35QK_ primary_i3MsQsqoe0\" data-selenium=\"sellingPointsTitle\"><strong>Caracter\u00edsticas principales:<\/strong><\/div>\n<\/div>\n<ul class=\"list_OMS5rN7R1Z\">\n<li class=\"listItem_OMS5rN7R1Z\" data-selenium=\"sellingPointsListItem\">Para Estudio 4K Plus y Estudio 4K Pro<\/li>\n<li class=\"listItem_OMS5rN7R1Z\" data-selenium=\"sellingPointsListItem\">Conexiones USB duales<\/li>\n<\/ul>\n","protected":false},"excerpt":{"rendered":"<p>CINSTUDMFT\/H\/FD<\/p>\n","protected":false},"featured_media":4790,"template":"","meta":{"om_disable_all_campaigns":false},"pwb-brand":[],"product_brand":[],"product_cat":[71,60],"product_tag":[139],"class_list":{"0":"post-1695","1":"product","2":"type-product","3":"status-publish","4":"has-post-thumbnail","6":"product_cat-blackmagic-design","7":"product_cat-follow-focus","8":"product_tag-cinstudmft-h-fd","10":"first","11":"instock","12":"sale","13":"shipping-taxable","14":"purchasable","15":"product-type-simple"},"aioseo_notices":[],"jetpack_sharing_enabled":true,"brands":[],"_links":{"self":[{"href":"https:\/\/proservice.com.ar\/index.php\/wp-json\/wp\/v2\/product\/1695","targetHints":{"allow":["GET"]}}],"collection":[{"href":"https:\/\/proservice.com.ar\/index.php\/wp-json\/wp\/v2\/product"}],"about":[{"href":"https:\/\/proservice.com.ar\/index.php\/wp-json\/wp\/v2\/types\/product"}],"wp:featuredmedia":[{"embeddable":true,"href":"https:\/\/proservice.com.ar\/index.php\/wp-json\/wp\/v2\/media\/4790"}],"wp:attachment":[{"href":"https:\/\/proservice.com.ar\/index.php\/wp-json\/wp\/v2\/media?parent=1695"}],"wp:term":[{"taxonomy":"pwb-brand","embeddable":true,"href":"https:\/\/proservice.com.ar\/index.php\/wp-json\/wp\/v2\/pwb-brand?post=1695"},{"taxonomy":"product_brand","embeddable":true,"href":"https:\/\/proservice.com.ar\/index.php\/wp-json\/wp\/v2\/product_brand?post=1695"},{"taxonomy":"product_cat","embeddable":true,"href":"https:\/\/proservice.com.ar\/index.php\/wp-json\/wp\/v2\/product_cat?post=1695"},{"taxonomy":"product_tag","embeddable":true,"href":"https:\/\/proservice.com.ar\/index.php\/wp-json\/wp\/v2\/product_tag?post=1695"}],"curies":[{"name":"wp","href":"https:\/\/api.w.org\/{rel}","templated":true}]}}