{"id":1699,"date":"2023-04-11T15:03:15","date_gmt":"2023-04-11T19:03:15","guid":{"rendered":"https:\/\/proservice.com.ar\/?post_type=product&#038;p=1699"},"modified":"2025-05-12T14:18:06","modified_gmt":"2025-05-12T17:18:06","slug":"blackmagic-design-smart-videohub-12-x-12-6g-sdi","status":"publish","type":"product","link":"https:\/\/proservice.com.ar\/index.php\/product\/blackmagic-design-smart-videohub-12-x-12-6g-sdi\/","title":{"rendered":"Blackmagic Design Smart Videohub 12 x 12 6G-SDI"},"content":{"rendered":"<div class=\"title_OMS5rN7R1Z\">\n<div data-selenium=\"sellingPointsTitle\">El Smart Videohub 12 x 12 6G-SDI\u00a0 es una matriz de conmutaci\u00f3n de video digital que permite conectar y distribuir 12 entradas y 12 salidas SDI 6G, que admiten distintas resoluciones desde SD hasta Ultra HD 4K. El producto tiene un panel de control integrado con una pantalla t\u00e1ctil de 5 pulgadas que muestra los nombres y las im\u00e1genes de las fuentes y los destinos, as\u00ed como un mando giratorio y botones para seleccionarlos. Tambi\u00e9n se puede controlar el producto mediante una red Ethernet o usando paneles externos o virtuales. El producto tiene la funci\u00f3n CleanSwitch, que permite cambiar entre fuentes sincronizadas sin saltos ni interrupciones en la imagen. El producto es compatible con Mac, Windows y Linux, y con los programas de edici\u00f3n, efectos y dise\u00f1o m\u00e1s populares.<\/div>\n<div data-selenium=\"sellingPointsTitle\"><\/div>\n<div class=\"text_TAw0W35QK_ comfy_TAw0W35QK_ sizeTitle4_TAw0W35QK_ weightBold_TAw0W35QK_ primary_i3MsQsqoe0\" data-selenium=\"sellingPointsTitle\"><strong>Caracter\u00edsticas principales:\u00a0<\/strong><\/div>\n<\/div>\n<ul class=\"list_OMS5rN7R1Z\">\n<li class=\"listItem_OMS5rN7R1Z\" data-selenium=\"sellingPointsListItem\">Conmutador de enrutamiento<\/li>\n<li class=\"listItem_OMS5rN7R1Z\" data-selenium=\"sellingPointsListItem\">12 entradas 6G-SDI\/12 salidas 6G-SDI<\/li>\n<li class=\"listItem_OMS5rN7R1Z\" data-selenium=\"sellingPointsListItem\">Soporta SD, HD, Ultra HD 4K, DCI 4K<\/li>\n<li class=\"listItem_OMS5rN7R1Z\" data-selenium=\"sellingPointsListItem\">Muestreo 4:2:2 y 4:4:4<\/li>\n<li class=\"listItem_OMS5rN7R1Z\" data-selenium=\"sellingPointsListItem\">Procesamiento de 10 bits<\/li>\n<li class=\"listItem_OMS5rN7R1Z\" data-selenium=\"sellingPointsListItem\">Reclocking SDI<\/li>\n<li class=\"listItem_OMS5rN7R1Z\" data-selenium=\"sellingPointsListItem\">LCD incorporado con control de perilla giratoria<\/li>\n<li class=\"listItem_OMS5rN7R1Z\" data-selenium=\"sellingPointsListItem\">Botones en el panel frontal<\/li>\n<li class=\"listItem_OMS5rN7R1Z\" data-selenium=\"sellingPointsListItem\">Ethernet para control remoto<\/li>\n<li class=\"listItem_OMS5rN7R1Z\" data-selenium=\"sellingPointsListItem\">Software de control Videohub incluido<\/li>\n<\/ul>\n","protected":false},"excerpt":{"rendered":"<p>VHUBSMART6G1212<\/p>\n","protected":false},"featured_media":4793,"template":"","meta":{"om_disable_all_campaigns":false},"pwb-brand":[],"product_brand":[],"product_cat":[71,67],"product_tag":[140],"class_list":{"0":"post-1699","1":"product","2":"type-product","3":"status-publish","4":"has-post-thumbnail","6":"product_cat-blackmagic-design","7":"product_cat-routers","8":"product_tag-vhubsmart6g1212","10":"first","11":"onbackorder","12":"shipping-taxable","13":"product-type-simple"},"aioseo_notices":[],"jetpack_sharing_enabled":true,"brands":[],"_links":{"self":[{"href":"https:\/\/proservice.com.ar\/index.php\/wp-json\/wp\/v2\/product\/1699","targetHints":{"allow":["GET"]}}],"collection":[{"href":"https:\/\/proservice.com.ar\/index.php\/wp-json\/wp\/v2\/product"}],"about":[{"href":"https:\/\/proservice.com.ar\/index.php\/wp-json\/wp\/v2\/types\/product"}],"wp:featuredmedia":[{"embeddable":true,"href":"https:\/\/proservice.com.ar\/index.php\/wp-json\/wp\/v2\/media\/4793"}],"wp:attachment":[{"href":"https:\/\/proservice.com.ar\/index.php\/wp-json\/wp\/v2\/media?parent=1699"}],"wp:term":[{"taxonomy":"pwb-brand","embeddable":true,"href":"https:\/\/proservice.com.ar\/index.php\/wp-json\/wp\/v2\/pwb-brand?post=1699"},{"taxonomy":"product_brand","embeddable":true,"href":"https:\/\/proservice.com.ar\/index.php\/wp-json\/wp\/v2\/product_brand?post=1699"},{"taxonomy":"product_cat","embeddable":true,"href":"https:\/\/proservice.com.ar\/index.php\/wp-json\/wp\/v2\/product_cat?post=1699"},{"taxonomy":"product_tag","embeddable":true,"href":"https:\/\/proservice.com.ar\/index.php\/wp-json\/wp\/v2\/product_tag?post=1699"}],"curies":[{"name":"wp","href":"https:\/\/api.w.org\/{rel}","templated":true}]}}