{"id":1702,"date":"2023-04-11T15:06:40","date_gmt":"2023-04-11T19:06:40","guid":{"rendered":"https:\/\/proservice.com.ar\/?post_type=product&#038;p=1702"},"modified":"2025-05-12T14:18:11","modified_gmt":"2025-05-12T17:18:11","slug":"blackmagic-design-smartscope-duo-4k-rack-mounted-dual-6g-sdi-monitors","status":"publish","type":"product","link":"https:\/\/proservice.com.ar\/index.php\/product\/blackmagic-design-smartscope-duo-4k-rack-mounted-dual-6g-sdi-monitors\/","title":{"rendered":"Blackmagic Design SmartScope Duo 4K Rack-Mounted Dual 6G-SDI Monitors"},"content":{"rendered":"<div class=\"title_OMS5rN7R1Z\">\n<div data-selenium=\"sellingPointsTitle\">El SmartScope Duo 4K es una soluci\u00f3n de monitorizaci\u00f3n de video digital que permite conectar y visualizar 12 entradas y 12 salidas SDI 6G, que admiten distintas resoluciones desde SD hasta Ultra HD 4K. El producto tiene un panel de control integrado con una pantalla t\u00e1ctil de 5 pulgadas que muestra los nombres y las im\u00e1genes de las fuentes y los destinos, as\u00ed como un mando giratorio y botones para seleccionarlos. Tambi\u00e9n se puede controlar el producto mediante una red Ethernet o usando paneles externos o virtuales. El producto tiene la funci\u00f3n CleanSwitch, que permite cambiar entre fuentes sincronizadas sin saltos ni interrupciones en la imagen.<\/div>\n<div data-selenium=\"sellingPointsTitle\"><\/div>\n<div class=\"text_TAw0W35QK_ comfy_TAw0W35QK_ sizeTitle4_TAw0W35QK_ weightBold_TAw0W35QK_ primary_i3MsQsqoe0\" data-selenium=\"sellingPointsTitle\"><strong>Caracter\u00edsticas principales:\u00a0<\/strong><\/div>\n<\/div>\n<ul class=\"list_OMS5rN7R1Z\">\n<li class=\"listItem_OMS5rN7R1Z\" data-selenium=\"sellingPointsListItem\">Soporta SD\/HD\/3G\/6G-SDI<\/li>\n<li class=\"listItem_OMS5rN7R1Z\" data-selenium=\"sellingPointsListItem\">Detecci\u00f3n y selecci\u00f3n de formato autom\u00e1tico<\/li>\n<li class=\"listItem_OMS5rN7R1Z\" data-selenium=\"sellingPointsListItem\">1 x E\/S SDI en bucle por monitor<\/li>\n<li class=\"listItem_OMS5rN7R1Z\" data-selenium=\"sellingPointsListItem\">Seleccione V\u00eddeo, Forma de onda, Vectorscopio<\/li>\n<li class=\"listItem_OMS5rN7R1Z\" data-selenium=\"sellingPointsListItem\">Desfile RGB, Desfile YUV, Histograma<\/li>\n<li class=\"listItem_OMS5rN7R1Z\" data-selenium=\"sellingPointsListItem\">Fase y niveles de audio<\/li>\n<li class=\"listItem_OMS5rN7R1Z\" data-selenium=\"sellingPointsListItem\">Control de software a trav\u00e9s de Ethernet<\/li>\n<li class=\"listItem_OMS5rN7R1Z\" data-selenium=\"sellingPointsListItem\">Sistema de tally compatible con la industria<\/li>\n<li class=\"listItem_OMS5rN7R1Z\" data-selenium=\"sellingPointsListItem\">Tama\u00f1o de unidad de 3 bastidores para montaje<\/li>\n<li class=\"listItem_OMS5rN7R1Z\" data-selenium=\"sellingPointsListItem\">Detecci\u00f3n de orientaci\u00f3n autom\u00e1tica y giro de imagen<\/li>\n<\/ul>\n","protected":false},"excerpt":{"rendered":"<p>SMTWSCOPEDUO4K2<\/p>\n","protected":false},"featured_media":4797,"template":"","meta":{"om_disable_all_campaigns":false},"pwb-brand":[],"product_brand":[],"product_cat":[71,63],"product_tag":[141],"class_list":{"0":"post-1702","1":"product","2":"type-product","3":"status-publish","4":"has-post-thumbnail","6":"product_cat-blackmagic-design","7":"product_cat-monitors-multiview","8":"product_tag-hdl-smtwscopeduo4k2","10":"first","11":"onbackorder","12":"shipping-taxable","13":"product-type-simple"},"aioseo_notices":[],"jetpack_sharing_enabled":true,"brands":[],"_links":{"self":[{"href":"https:\/\/proservice.com.ar\/index.php\/wp-json\/wp\/v2\/product\/1702","targetHints":{"allow":["GET"]}}],"collection":[{"href":"https:\/\/proservice.com.ar\/index.php\/wp-json\/wp\/v2\/product"}],"about":[{"href":"https:\/\/proservice.com.ar\/index.php\/wp-json\/wp\/v2\/types\/product"}],"wp:featuredmedia":[{"embeddable":true,"href":"https:\/\/proservice.com.ar\/index.php\/wp-json\/wp\/v2\/media\/4797"}],"wp:attachment":[{"href":"https:\/\/proservice.com.ar\/index.php\/wp-json\/wp\/v2\/media?parent=1702"}],"wp:term":[{"taxonomy":"pwb-brand","embeddable":true,"href":"https:\/\/proservice.com.ar\/index.php\/wp-json\/wp\/v2\/pwb-brand?post=1702"},{"taxonomy":"product_brand","embeddable":true,"href":"https:\/\/proservice.com.ar\/index.php\/wp-json\/wp\/v2\/product_brand?post=1702"},{"taxonomy":"product_cat","embeddable":true,"href":"https:\/\/proservice.com.ar\/index.php\/wp-json\/wp\/v2\/product_cat?post=1702"},{"taxonomy":"product_tag","embeddable":true,"href":"https:\/\/proservice.com.ar\/index.php\/wp-json\/wp\/v2\/product_tag?post=1702"}],"curies":[{"name":"wp","href":"https:\/\/api.w.org\/{rel}","templated":true}]}}