{"id":1710,"date":"2023-04-11T15:09:24","date_gmt":"2023-04-11T19:09:24","guid":{"rendered":"https:\/\/proservice.com.ar\/?post_type=product&#038;p=1710"},"modified":"2025-10-28T16:36:08","modified_gmt":"2025-10-28T19:36:08","slug":"blackmagic-design-web-presenter-4k","status":"publish","type":"product","link":"https:\/\/proservice.com.ar\/index.php\/product\/blackmagic-design-web-presenter-4k\/","title":{"rendered":"Blackmagic Design Web Presenter 4K"},"content":{"rendered":"<div class=\"title_OMS5rN7R1Z\">\n<div data-selenium=\"sellingPointsTitle\">El Web Presenter 4K es una soluci\u00f3n de transmisi\u00f3n en vivo que permite conectar cualquier fuente de video SDI y transmitirla directamente a YouTube, Facebook, Twitter y m\u00e1s, en resoluci\u00f3n HD o Ultra HD. El producto incluye un motor de transmisi\u00f3n de hardware que soporta los protocolos RTMP y SRT, y los c\u00f3decs H.264 y H.265. Tambi\u00e9n tiene conexiones USB que funcionan como una c\u00e1mara web, por lo que se puede usar con cualquier software de video o aplicaciones como Zoom o Skype. Adem\u00e1s, se puede conectar a internet mediante Ethernet o usando un tel\u00e9fono 5G o 4G como punto de acceso. El producto tambi\u00e9n tiene una salida de monitorizaci\u00f3n que muestra el video, los medidores de audio, las gr\u00e1ficas de tendencia y m\u00e1s datos t\u00e9cnicos. El producto es compatible con Mac, Windows y Linux, y con los formatos de video m\u00e1s populares<\/div>\n<div data-selenium=\"sellingPointsTitle\"><\/div>\n<div class=\"text_TAw0W35QK_ comfy_TAw0W35QK_ sizeTitle4_TAw0W35QK_ weightBold_TAw0W35QK_ primary_i3MsQsqoe0\" data-selenium=\"sellingPointsTitle\"><strong>Caracter\u00edsticas principales:\u00a0<\/strong><\/div>\n<\/div>\n<ul class=\"list_OMS5rN7R1Z\">\n<li class=\"listItem_OMS5rN7R1Z\" data-selenium=\"sellingPointsListItem\">Transmisi\u00f3n en vivo de v\u00eddeo 4K a Internet<\/li>\n<li class=\"listItem_OMS5rN7R1Z\" data-selenium=\"sellingPointsListItem\">Entrada de v\u00eddeo 12G\/6G\/3G-SDI hasta UHD 4K<\/li>\n<li class=\"listItem_OMS5rN7R1Z\" data-selenium=\"sellingPointsListItem\">Salida de monitor SDI\/HDMI hasta 1080p60<\/li>\n<li class=\"listItem_OMS5rN7R1Z\" data-selenium=\"sellingPointsListItem\">Admite el protocolo de transmisi\u00f3n H.264\/RTMP<\/li>\n<li class=\"listItem_OMS5rN7R1Z\" data-selenium=\"sellingPointsListItem\">Utilice USB Type-C como c\u00e1mara web o 5G\/4G Tether<\/li>\n<li class=\"listItem_OMS5rN7R1Z\" data-selenium=\"sellingPointsListItem\">Salida de bucle SDI, Ethernet 10\/100\/1000<\/li>\n<li class=\"listItem_OMS5rN7R1Z\" data-selenium=\"sellingPointsListItem\">Entradas de alimentaci\u00f3n redundantes de CA y CC<\/li>\n<li class=\"listItem_OMS5rN7R1Z\" data-selenium=\"sellingPointsListItem\">Compatible con Mac, Win, Linux y Chromebook<\/li>\n<li class=\"listItem_OMS5rN7R1Z\" data-selenium=\"sellingPointsListItem\">Funciona con la opci\u00f3n ATEM Streaming Bridge<\/li>\n<\/ul>\n","protected":false},"excerpt":{"rendered":"<p>BDLKWEBPTR4K<\/p>\n","protected":false},"featured_media":4748,"template":"","meta":{"om_disable_all_campaigns":false},"pwb-brand":[],"product_brand":[],"product_cat":[71,65],"product_tag":[142],"class_list":{"0":"post-1710","1":"product","2":"type-product","3":"status-publish","4":"has-post-thumbnail","6":"product_cat-blackmagic-design","7":"product_cat-streaming-device","8":"product_tag-bdlkwebptr4k","10":"first","11":"instock","12":"shipping-taxable","13":"purchasable","14":"product-type-simple"},"aioseo_notices":[],"jetpack_sharing_enabled":true,"brands":[],"_links":{"self":[{"href":"https:\/\/proservice.com.ar\/index.php\/wp-json\/wp\/v2\/product\/1710","targetHints":{"allow":["GET"]}}],"collection":[{"href":"https:\/\/proservice.com.ar\/index.php\/wp-json\/wp\/v2\/product"}],"about":[{"href":"https:\/\/proservice.com.ar\/index.php\/wp-json\/wp\/v2\/types\/product"}],"wp:featuredmedia":[{"embeddable":true,"href":"https:\/\/proservice.com.ar\/index.php\/wp-json\/wp\/v2\/media\/4748"}],"wp:attachment":[{"href":"https:\/\/proservice.com.ar\/index.php\/wp-json\/wp\/v2\/media?parent=1710"}],"wp:term":[{"taxonomy":"pwb-brand","embeddable":true,"href":"https:\/\/proservice.com.ar\/index.php\/wp-json\/wp\/v2\/pwb-brand?post=1710"},{"taxonomy":"product_brand","embeddable":true,"href":"https:\/\/proservice.com.ar\/index.php\/wp-json\/wp\/v2\/product_brand?post=1710"},{"taxonomy":"product_cat","embeddable":true,"href":"https:\/\/proservice.com.ar\/index.php\/wp-json\/wp\/v2\/product_cat?post=1710"},{"taxonomy":"product_tag","embeddable":true,"href":"https:\/\/proservice.com.ar\/index.php\/wp-json\/wp\/v2\/product_tag?post=1710"}],"curies":[{"name":"wp","href":"https:\/\/api.w.org\/{rel}","templated":true}]}}