{"id":1719,"date":"2023-04-11T15:17:10","date_gmt":"2023-04-11T19:17:10","guid":{"rendered":"https:\/\/proservice.com.ar\/?post_type=product&#038;p=1719"},"modified":"2025-05-12T14:18:16","modified_gmt":"2025-05-12T17:18:16","slug":"blackmagic-design-davinci-resolve-mini-panel-with-resolve-studio-software","status":"publish","type":"product","link":"https:\/\/proservice.com.ar\/index.php\/product\/blackmagic-design-davinci-resolve-mini-panel-with-resolve-studio-software\/","title":{"rendered":"Blackmagic Design DaVinci Resolve Mini Panel with Resolve Studio Software"},"content":{"rendered":"<div class=\"title_OMS5rN7R1Z\">\n<div data-selenium=\"sellingPointsTitle\">El DaVinci Resolve Mini Panel es un panel de control port\u00e1til para el software de edici\u00f3n y correcci\u00f3n de color DaVinci Resolve de Blackmagic Design. Tiene tres trackballs de alta resoluci\u00f3n y 12 botones de control para acceder a las herramientas esenciales de correcci\u00f3n primaria.<\/div>\n<div data-selenium=\"sellingPointsTitle\">Tambi\u00e9n tiene 18 teclas dedicadas para la navegaci\u00f3n y el transporte, y botones espec\u00edficos para funciones como el balance de blancos, el contraste, el enfoque, el grano y m\u00e1s.<\/div>\n<div data-selenium=\"sellingPointsTitle\">El panel tiene dos pantallas LCD que muestran los men\u00fas, los controles y los par\u00e1metros del software. El panel se conecta al ordenador mediante un puerto USB-C o Ethernet, y funciona con Mac, Windows y Linux.<\/div>\n<div data-selenium=\"sellingPointsTitle\">El producto incluye una licencia para el software DaVinci Resolve Studio, que ofrece herramientas avanzadas de correcci\u00f3n de color, efectos visuales, audio y m\u00e1s. El producto es ideal para editores y coloristas que necesitan alternar entre la edici\u00f3n y el etalonaje, as\u00ed como para coloristas freelance que trabajan en diferentes lugares.<\/div>\n<div data-selenium=\"sellingPointsTitle\"><\/div>\n<div class=\"text_TAw0W35QK_ comfy_TAw0W35QK_ sizeTitle4_TAw0W35QK_ weightBold_TAw0W35QK_ primary_i3MsQsqoe0\" data-selenium=\"sellingPointsTitle\"><strong>Caracter\u00edsticas principales:\u00a0<\/strong><\/div>\n<\/div>\n<ul class=\"list_OMS5rN7R1Z\">\n<li class=\"listItem_OMS5rN7R1Z\" data-selenium=\"sellingPointsListItem\">3 x trackballs de alta resoluci\u00f3n<\/li>\n<li class=\"listItem_OMS5rN7R1Z\" data-selenium=\"sellingPointsListItem\">12 x perillas de control de correcci\u00f3n primaria<\/li>\n<li class=\"listItem_OMS5rN7R1Z\" data-selenium=\"sellingPointsListItem\">18 x teclas de navegaci\u00f3n y transporte<\/li>\n<li class=\"listItem_OMS5rN7R1Z\" data-selenium=\"sellingPointsListItem\">Botones de funciones dedicados<\/li>\n<li class=\"listItem_OMS5rN7R1Z\" data-selenium=\"sellingPointsListItem\">2 x pantallas de visualizaci\u00f3n de informaci\u00f3n LCD<\/li>\n<li class=\"listItem_OMS5rN7R1Z\" data-selenium=\"sellingPointsListItem\">Botones retroiluminados e iluminados<\/li>\n<li class=\"listItem_OMS5rN7R1Z\" data-selenium=\"sellingPointsListItem\">Interfaz USB-C y Ethernet<\/li>\n<li class=\"listItem_OMS5rN7R1Z\" data-selenium=\"sellingPointsListItem\">Soporta Mac y Windows<\/li>\n<li class=\"listItem_OMS5rN7R1Z\" data-selenium=\"sellingPointsListItem\">Admite instalaciones seleccionadas de Linux<\/li>\n<\/ul>\n","protected":false},"excerpt":{"rendered":"<p>DV\/RES\/BBPNLMINI<\/p>\n","protected":false},"featured_media":4755,"template":"","meta":{"om_disable_all_campaigns":false},"pwb-brand":[],"product_brand":[],"product_cat":[71,61],"product_tag":[144],"class_list":{"0":"post-1719","1":"product","2":"type-product","3":"status-publish","4":"has-post-thumbnail","6":"product_cat-blackmagic-design","7":"product_cat-keyboard-and-control-panel","8":"product_tag-dv-res-bbpnlmini","10":"first","11":"onbackorder","12":"shipping-taxable","13":"product-type-simple"},"aioseo_notices":[],"jetpack_sharing_enabled":true,"brands":[],"_links":{"self":[{"href":"https:\/\/proservice.com.ar\/index.php\/wp-json\/wp\/v2\/product\/1719","targetHints":{"allow":["GET"]}}],"collection":[{"href":"https:\/\/proservice.com.ar\/index.php\/wp-json\/wp\/v2\/product"}],"about":[{"href":"https:\/\/proservice.com.ar\/index.php\/wp-json\/wp\/v2\/types\/product"}],"wp:featuredmedia":[{"embeddable":true,"href":"https:\/\/proservice.com.ar\/index.php\/wp-json\/wp\/v2\/media\/4755"}],"wp:attachment":[{"href":"https:\/\/proservice.com.ar\/index.php\/wp-json\/wp\/v2\/media?parent=1719"}],"wp:term":[{"taxonomy":"pwb-brand","embeddable":true,"href":"https:\/\/proservice.com.ar\/index.php\/wp-json\/wp\/v2\/pwb-brand?post=1719"},{"taxonomy":"product_brand","embeddable":true,"href":"https:\/\/proservice.com.ar\/index.php\/wp-json\/wp\/v2\/product_brand?post=1719"},{"taxonomy":"product_cat","embeddable":true,"href":"https:\/\/proservice.com.ar\/index.php\/wp-json\/wp\/v2\/product_cat?post=1719"},{"taxonomy":"product_tag","embeddable":true,"href":"https:\/\/proservice.com.ar\/index.php\/wp-json\/wp\/v2\/product_tag?post=1719"}],"curies":[{"name":"wp","href":"https:\/\/api.w.org\/{rel}","templated":true}]}}