{"id":1733,"date":"2023-04-11T15:22:52","date_gmt":"2023-04-11T19:22:52","guid":{"rendered":"https:\/\/proservice.com.ar\/?post_type=product&#038;p=1733"},"modified":"2025-05-20T14:57:32","modified_gmt":"2025-05-20T17:57:32","slug":"blackmagic-design-pocket-cinema-camera-battery-grip-for-6k-pro","status":"publish","type":"product","link":"https:\/\/proservice.com.ar\/index.php\/product\/blackmagic-design-pocket-cinema-camera-battery-grip-for-6k-pro\/","title":{"rendered":"Blackmagic Design Pocket Cinema Camera Battery Grip for 6K Pro"},"content":{"rendered":"<div data-selenium=\"sellingPointsTitle\">El Battery Grip for 6K Pro es una empu\u00f1adura con compartimiento para bater\u00edas para el modelo Blackmagic Pocket Cinema Camera 6K Pro. Permite filmar sin interrupciones durante m\u00e1s de 3 horas, ya que acepta dos bater\u00edas NP-F570 que se pueden cargar con la entrada de 12V de la c\u00e1mara. Adem\u00e1s, crea un agarre m\u00e1s c\u00f3modo en la parte inferior de la c\u00e1mara y tiene un dise\u00f1o ligero de fibra de carbono. Es un accesorio ideal para los usuarios que necesitan grabar durante largos per\u00edodos de tiempo o en lugares remotos sin acceso a una fuente de alimentaci\u00f3n.<\/div>\n<div data-selenium=\"sellingPointsTitle\"><\/div>\n<div class=\"title_OMS5rN7R1Z\">\n<div class=\"text_TAw0W35QK_ comfy_TAw0W35QK_ sizeTitle4_TAw0W35QK_ weightBold_TAw0W35QK_ primary_i3MsQsqoe0\" data-selenium=\"sellingPointsTitle\"><strong>Caracter\u00edsticas principales:\u00a0<\/strong><\/div>\n<\/div>\n<ul class=\"list_OMS5rN7R1Z\">\n<li class=\"listItem_OMS5rN7R1Z\" data-selenium=\"sellingPointsListItem\">Power 6K Pro con mayor duraci\u00f3n de la bater\u00eda<\/li>\n<li class=\"listItem_OMS5rN7R1Z\" data-selenium=\"sellingPointsListItem\">Acepta 2 bater\u00edas NP-F570<\/li>\n<li class=\"listItem_OMS5rN7R1Z\" data-selenium=\"sellingPointsListItem\">Agrega hasta 3 x horas de tiempo de disparo<\/li>\n<li class=\"listItem_OMS5rN7R1Z\" data-selenium=\"sellingPointsListItem\">Carga bater\u00edas con entrada de c\u00e1mara de 12 V<\/li>\n<li class=\"listItem_OMS5rN7R1Z\" data-selenium=\"sellingPointsListItem\">Crea agarre en la parte inferior de la c\u00e1mara<\/li>\n<li class=\"listItem_OMS5rN7R1Z\" data-selenium=\"sellingPointsListItem\">Dise\u00f1o ligero de fibra de carbono<\/li>\n<\/ul>\n","protected":false},"excerpt":{"rendered":"<p>CINECAMPOCHDXBT2<\/p>\n","protected":false},"featured_media":4767,"template":"","meta":{"om_disable_all_campaigns":false},"pwb-brand":[],"product_brand":[],"product_cat":[33,71],"product_tag":[146],"class_list":{"0":"post-1733","1":"product","2":"type-product","3":"status-publish","4":"has-post-thumbnail","6":"product_cat-accesorios","7":"product_cat-blackmagic-design","8":"product_tag-cinecampochdxbt2","10":"first","11":"onbackorder","12":"shipping-taxable","13":"product-type-simple"},"aioseo_notices":[],"jetpack_sharing_enabled":true,"brands":[],"_links":{"self":[{"href":"https:\/\/proservice.com.ar\/index.php\/wp-json\/wp\/v2\/product\/1733","targetHints":{"allow":["GET"]}}],"collection":[{"href":"https:\/\/proservice.com.ar\/index.php\/wp-json\/wp\/v2\/product"}],"about":[{"href":"https:\/\/proservice.com.ar\/index.php\/wp-json\/wp\/v2\/types\/product"}],"wp:featuredmedia":[{"embeddable":true,"href":"https:\/\/proservice.com.ar\/index.php\/wp-json\/wp\/v2\/media\/4767"}],"wp:attachment":[{"href":"https:\/\/proservice.com.ar\/index.php\/wp-json\/wp\/v2\/media?parent=1733"}],"wp:term":[{"taxonomy":"pwb-brand","embeddable":true,"href":"https:\/\/proservice.com.ar\/index.php\/wp-json\/wp\/v2\/pwb-brand?post=1733"},{"taxonomy":"product_brand","embeddable":true,"href":"https:\/\/proservice.com.ar\/index.php\/wp-json\/wp\/v2\/product_brand?post=1733"},{"taxonomy":"product_cat","embeddable":true,"href":"https:\/\/proservice.com.ar\/index.php\/wp-json\/wp\/v2\/product_cat?post=1733"},{"taxonomy":"product_tag","embeddable":true,"href":"https:\/\/proservice.com.ar\/index.php\/wp-json\/wp\/v2\/product_tag?post=1733"}],"curies":[{"name":"wp","href":"https:\/\/api.w.org\/{rel}","templated":true}]}}