{"id":1737,"date":"2023-04-11T15:25:03","date_gmt":"2023-04-11T19:25:03","guid":{"rendered":"https:\/\/proservice.com.ar\/?post_type=product&#038;p=1737"},"modified":"2025-05-12T14:18:30","modified_gmt":"2025-05-12T17:18:30","slug":"blackmagic-design-pocket-cinema-camera-4k","status":"publish","type":"product","link":"https:\/\/proservice.com.ar\/index.php\/product\/blackmagic-design-pocket-cinema-camera-4k\/","title":{"rendered":"Blackmagic Design Pocket Cinema Camera 4K"},"content":{"rendered":"<div data-selenium=\"sellingPointsTitle\">La Pocket Cinema Camera 4K es una c\u00e1mara de cine digital port\u00e1til que permite grabar im\u00e1genes en resoluci\u00f3n 4K con un sensor HDR de 4\/3&#8243;. Es compatible con diversos formatos y c\u00f3decs, incluyendo Blackmagic Raw y ProRes 422, y ofrece un rango din\u00e1mico de 13 pasos y un ISO dual nativo de 400\/3200.<\/div>\n<div data-selenium=\"sellingPointsTitle\">La c\u00e1mara tiene una pantalla t\u00e1ctil de 5&#8243; que facilita el control de las funciones y los par\u00e1metros, y un montaje activo Micro Cuatro Tercios que admite una amplia gama de objetivos.<\/div>\n<div data-selenium=\"sellingPointsTitle\">La pocket tambi\u00e9n tiene ranuras para tarjetas CFast 2.0 y SD\/UHS-II, una salida HDMI, una entrada USB-C para grabaci\u00f3n externa, una entrada mini XLR para audio profesional y una entrada de referencia.<\/div>\n<div data-selenium=\"sellingPointsTitle\">La c\u00e1mara incluye una licencia para el software DaVinci Resolve Studio, que ofrece herramientas avanzadas de edici\u00f3n y correcci\u00f3n de color. El producto es ideal para cineastas independientes, documentalistas, videoblogueros y otros creadores de contenido que buscan una soluci\u00f3n de alta calidad y bajo costo<\/div>\n<div data-selenium=\"sellingPointsTitle\"><\/div>\n<div class=\"title_OMS5rN7R1Z\">\n<div class=\"text_TAw0W35QK_ comfy_TAw0W35QK_ sizeTitle4_TAw0W35QK_ weightBold_TAw0W35QK_ primary_i3MsQsqoe0\" data-selenium=\"sellingPointsTitle\"><strong>Caracter\u00edsticas principales:\u00a0<\/strong><\/div>\n<\/div>\n<ul class=\"list_OMS5rN7R1Z\">\n<li class=\"listItem_OMS5rN7R1Z\" data-selenium=\"sellingPointsListItem\">Sensor HDR de tama\u00f1o 4\/3&#8243;<\/li>\n<li class=\"listItem_OMS5rN7R1Z\" data-selenium=\"sellingPointsListItem\">DCI 4K60, 2.8K80 sin procesar en anam\u00f3rfico 4:3<\/li>\n<li class=\"listItem_OMS5rN7R1Z\" data-selenium=\"sellingPointsListItem\">Doble Nativo 400\/3200 ISO \/ hasta 25,600<\/li>\n<li class=\"listItem_OMS5rN7R1Z\" data-selenium=\"sellingPointsListItem\">Hasta 2.6K 120 Raw para lentes Super16<\/li>\n<li class=\"listItem_OMS5rN7R1Z\" data-selenium=\"sellingPointsListItem\">Pantalla t\u00e1ctil de 5&#8243;<\/li>\n<li class=\"listItem_OMS5rN7R1Z\" data-selenium=\"sellingPointsListItem\">Montura de lente Active Micro Four Thirds<\/li>\n<li class=\"listItem_OMS5rN7R1Z\" data-selenium=\"sellingPointsListItem\">Ranuras para tarjetas CFast 2.0 y SD\/UHS-II<\/li>\n<li class=\"listItem_OMS5rN7R1Z\" data-selenium=\"sellingPointsListItem\">Grabaci\u00f3n externa a trav\u00e9s de USB tipo C<\/li>\n<li class=\"listItem_OMS5rN7R1Z\" data-selenium=\"sellingPointsListItem\">Rango din\u00e1mico de 13 paradas, soporte 3D LUT<\/li>\n<li class=\"listItem_OMS5rN7R1Z\" data-selenium=\"sellingPointsListItem\">Incluye licencia de DaVinci Resolve Studio<\/li>\n<\/ul>\n","protected":false},"excerpt":{"rendered":"<p>CINECAMPOCHDMFT4K<\/p>\n","protected":false},"featured_media":4772,"template":"","meta":{"om_disable_all_campaigns":false},"pwb-brand":[],"product_brand":[],"product_cat":[71,15],"product_tag":[147],"class_list":{"0":"post-1737","1":"product","2":"type-product","3":"status-publish","4":"has-post-thumbnail","6":"product_cat-blackmagic-design","7":"product_cat-camera","8":"product_tag-cinecampochdmft4k","10":"first","11":"onbackorder","12":"shipping-taxable","13":"product-type-simple"},"aioseo_notices":[],"jetpack_sharing_enabled":true,"brands":[],"_links":{"self":[{"href":"https:\/\/proservice.com.ar\/index.php\/wp-json\/wp\/v2\/product\/1737","targetHints":{"allow":["GET"]}}],"collection":[{"href":"https:\/\/proservice.com.ar\/index.php\/wp-json\/wp\/v2\/product"}],"about":[{"href":"https:\/\/proservice.com.ar\/index.php\/wp-json\/wp\/v2\/types\/product"}],"wp:featuredmedia":[{"embeddable":true,"href":"https:\/\/proservice.com.ar\/index.php\/wp-json\/wp\/v2\/media\/4772"}],"wp:attachment":[{"href":"https:\/\/proservice.com.ar\/index.php\/wp-json\/wp\/v2\/media?parent=1737"}],"wp:term":[{"taxonomy":"pwb-brand","embeddable":true,"href":"https:\/\/proservice.com.ar\/index.php\/wp-json\/wp\/v2\/pwb-brand?post=1737"},{"taxonomy":"product_brand","embeddable":true,"href":"https:\/\/proservice.com.ar\/index.php\/wp-json\/wp\/v2\/product_brand?post=1737"},{"taxonomy":"product_cat","embeddable":true,"href":"https:\/\/proservice.com.ar\/index.php\/wp-json\/wp\/v2\/product_cat?post=1737"},{"taxonomy":"product_tag","embeddable":true,"href":"https:\/\/proservice.com.ar\/index.php\/wp-json\/wp\/v2\/product_tag?post=1737"}],"curies":[{"name":"wp","href":"https:\/\/api.w.org\/{rel}","templated":true}]}}