{"id":1744,"date":"2023-04-11T15:28:07","date_gmt":"2023-04-11T19:28:07","guid":{"rendered":"https:\/\/proservice.com.ar\/?post_type=product&#038;p=1744"},"modified":"2026-04-01T11:49:31","modified_gmt":"2026-04-01T14:49:31","slug":"blackmagic-design-video-assist-3g-sdi-hdmi-7-recorder-monitor","status":"publish","type":"product","link":"https:\/\/proservice.com.ar\/index.php\/product\/blackmagic-design-video-assist-3g-sdi-hdmi-7-recorder-monitor\/","title":{"rendered":"Blackmagic Design Video Assist 3G-SDI\/HDMI 7&#8243; Recorder\/Monitor"},"content":{"rendered":"<div class=\"title_OMS5rN7R1Z\">\n<div data-selenium=\"sellingPointsTitle\">El Video Assist 3G-SDI\/HDMI 7&#8243; es un monitor port\u00e1til, grabador profesional y visor para todo tipo de c\u00e1maras SDI o HDMI. Tiene una pantalla t\u00e1ctil de 7 pulgadas con una resoluci\u00f3n de 1920 x 1200 y un brillo de 300 cd\/m\u00b2 que ayuda a encuadrar y enfocar los planos. Permite grabar y reproducir video en resoluciones de hasta 1080p60 con c\u00f3decs de alta calidad como ProRes y DNxHD. Tambi\u00e9n tiene una salida de video por USB-C que se puede usar para convertir la c\u00e1mara en una webcam. Adem\u00e1s, tiene dos entradas mini-XLR para audio profesional, una entrada de referencia, una entrada LANC y ranuras para tarjetas SDXC\/SDHC. El producto incluye diversas herramientas para el control de la imagen, como forma de onda, vectorscopio, histograma, peaking, false color y m\u00e1s. El producto es compatible con Mac, Windows y Linux, y con los programas de edici\u00f3n, efectos y dise\u00f1o m\u00e1s populares.<\/div>\n<div data-selenium=\"sellingPointsTitle\"><\/div>\n<div class=\"text_TAw0W35QK_ comfy_TAw0W35QK_ sizeTitle4_TAw0W35QK_ weightBold_TAw0W35QK_ primary_i3MsQsqoe0\" data-selenium=\"sellingPointsTitle\"><strong>Caracter\u00edsticas principales:\u00a0<\/strong><\/div>\n<\/div>\n<ul class=\"list_OMS5rN7R1Z\">\n<li class=\"listItem_OMS5rN7R1Z\" data-selenium=\"sellingPointsListItem\">Pantalla t\u00e1ctil LCD de 1920 x 1200 de 7&#8243;<\/li>\n<li class=\"listItem_OMS5rN7R1Z\" data-selenium=\"sellingPointsListItem\">Entradas\/Salidas de v\u00eddeo HDMI y 3G-SDI<\/li>\n<li class=\"listItem_OMS5rN7R1Z\" data-selenium=\"sellingPointsListItem\">Graba v\u00eddeo de hasta 1080p60.<\/li>\n<li class=\"listItem_OMS5rN7R1Z\" data-selenium=\"sellingPointsListItem\">Salida de v\u00eddeo de c\u00e1mara web USB tipo C<\/li>\n<li class=\"listItem_OMS5rN7R1Z\" data-selenium=\"sellingPointsListItem\">Almacena en 2 tarjetas de memoria SDXC\/SDHC<\/li>\n<li class=\"listItem_OMS5rN7R1Z\" data-selenium=\"sellingPointsListItem\">Puerto LANC de 2,5 mm para iniciar y detener la grabaci\u00f3n<\/li>\n<li class=\"listItem_OMS5rN7R1Z\" data-selenium=\"sellingPointsListItem\">Forma de onda, vectorscopio e histograma<\/li>\n<li class=\"listItem_OMS5rN7R1Z\" data-selenium=\"sellingPointsListItem\">Enfoque m\u00e1ximo, color falso y cebra<\/li>\n<li class=\"listItem_OMS5rN7R1Z\" data-selenium=\"sellingPointsListItem\">11 x Opciones de idioma de visualizaci\u00f3n<\/li>\n<li class=\"listItem_OMS5rN7R1Z\" data-selenium=\"sellingPointsListItem\">Ranuras duales para bater\u00eda tipo Sony serie L<\/li>\n<\/ul>\n","protected":false},"excerpt":{"rendered":"<p>HYPERD\/AVIDA03\/7<\/p>\n","protected":false},"featured_media":4777,"template":"","meta":{"om_disable_all_campaigns":false},"pwb-brand":[],"product_brand":[],"product_cat":[71,63],"product_tag":[148],"class_list":{"0":"post-1744","1":"product","2":"type-product","3":"status-publish","4":"has-post-thumbnail","6":"product_cat-blackmagic-design","7":"product_cat-monitors-multiview","8":"product_tag-hyperd-avida03-7","10":"first","11":"outofstock","12":"sale","13":"shipping-taxable","14":"purchasable","15":"product-type-simple"},"aioseo_notices":[],"jetpack_sharing_enabled":true,"brands":[],"_links":{"self":[{"href":"https:\/\/proservice.com.ar\/index.php\/wp-json\/wp\/v2\/product\/1744","targetHints":{"allow":["GET"]}}],"collection":[{"href":"https:\/\/proservice.com.ar\/index.php\/wp-json\/wp\/v2\/product"}],"about":[{"href":"https:\/\/proservice.com.ar\/index.php\/wp-json\/wp\/v2\/types\/product"}],"wp:featuredmedia":[{"embeddable":true,"href":"https:\/\/proservice.com.ar\/index.php\/wp-json\/wp\/v2\/media\/4777"}],"wp:attachment":[{"href":"https:\/\/proservice.com.ar\/index.php\/wp-json\/wp\/v2\/media?parent=1744"}],"wp:term":[{"taxonomy":"pwb-brand","embeddable":true,"href":"https:\/\/proservice.com.ar\/index.php\/wp-json\/wp\/v2\/pwb-brand?post=1744"},{"taxonomy":"product_brand","embeddable":true,"href":"https:\/\/proservice.com.ar\/index.php\/wp-json\/wp\/v2\/product_brand?post=1744"},{"taxonomy":"product_cat","embeddable":true,"href":"https:\/\/proservice.com.ar\/index.php\/wp-json\/wp\/v2\/product_cat?post=1744"},{"taxonomy":"product_tag","embeddable":true,"href":"https:\/\/proservice.com.ar\/index.php\/wp-json\/wp\/v2\/product_tag?post=1744"}],"curies":[{"name":"wp","href":"https:\/\/api.w.org\/{rel}","templated":true}]}}