{"id":1761,"date":"2023-04-11T15:35:27","date_gmt":"2023-04-11T19:35:27","guid":{"rendered":"https:\/\/proservice.com.ar\/?post_type=product&#038;p=1761"},"modified":"2026-05-04T14:01:00","modified_gmt":"2026-05-04T17:01:00","slug":"blackmagic-design-davinci-resolve-speed-editor-with-studio-software","status":"publish","type":"product","link":"https:\/\/proservice.com.ar\/index.php\/product\/blackmagic-design-davinci-resolve-speed-editor-with-studio-software\/","title":{"rendered":"Blackmagic Design DaVinci Resolve Speed Editor with Studio Software"},"content":{"rendered":"<div class=\"title_OMS5rN7R1Z\">\n<div data-selenium=\"sellingPointsTitle\">El DaVinci Resolve Speed Editor es un teclado especializado para editar videos con el software DaVinci Resolve de Blackmagic Design. Est\u00e1 dise\u00f1ado para los editores profesionales que necesitan trabajar m\u00e1s r\u00e1pido y entregar sus proyectos con rapidez. Tiene botones dedicados y una perilla de b\u00fasqueda de alta calidad que facilitan el control de las funciones de edici\u00f3n. Se puede conectar a cualquier computadora con un puerto USB-C y funciona con una bater\u00eda integrada que permite usarlo sin cables mediante Bluetooth. El teclado incluye una licencia para el software DaVinci Resolve Studio, que ofrece herramientas avanzadas de correcci\u00f3n de color, efectos visuales, audio y m\u00e1s.<\/div>\n<div data-selenium=\"sellingPointsTitle\"><\/div>\n<div class=\"text_TAw0W35QK_ comfy_TAw0W35QK_ sizeTitle4_TAw0W35QK_ weightBold_TAw0W35QK_ primary_i3MsQsqoe0\" data-selenium=\"sellingPointsTitle\"><strong>Caracter\u00edsticas principales:\u00a0<\/strong><\/div>\n<\/div>\n<ul class=\"list_OMS5rN7R1Z\">\n<li class=\"listItem_OMS5rN7R1Z\" data-selenium=\"sellingPointsListItem\">Peque\u00f1o y port\u00e1til con bater\u00eda incorporada<\/li>\n<li class=\"listItem_OMS5rN7R1Z\" data-selenium=\"sellingPointsListItem\">Incluye licencia de DaVinci Resolve Studio<\/li>\n<li class=\"listItem_OMS5rN7R1Z\" data-selenium=\"sellingPointsListItem\">Atajos de teclado Funciones de edici\u00f3n de coincidencias<\/li>\n<li class=\"listItem_OMS5rN7R1Z\" data-selenium=\"sellingPointsListItem\">Dial de b\u00fasqueda incorporado<\/li>\n<li class=\"listItem_OMS5rN7R1Z\" data-selenium=\"sellingPointsListItem\">Conectividad Bluetooth o USB<\/li>\n<\/ul>\n","protected":false},"excerpt":{"rendered":"<p>DV\/RES\/BBPNLMLEKA<\/p>\n","protected":false},"featured_media":4735,"template":"","meta":{"om_disable_all_campaigns":false},"pwb-brand":[],"product_brand":[],"product_cat":[71,61],"product_tag":[151],"class_list":{"0":"post-1761","1":"product","2":"type-product","3":"status-publish","4":"has-post-thumbnail","6":"product_cat-blackmagic-design","7":"product_cat-keyboard-and-control-panel","8":"product_tag-dv-res-bbpnlmleka","10":"first","11":"outofstock","12":"shipping-taxable","13":"product-type-simple"},"aioseo_notices":[],"jetpack_sharing_enabled":true,"brands":[],"_links":{"self":[{"href":"https:\/\/proservice.com.ar\/index.php\/wp-json\/wp\/v2\/product\/1761","targetHints":{"allow":["GET"]}}],"collection":[{"href":"https:\/\/proservice.com.ar\/index.php\/wp-json\/wp\/v2\/product"}],"about":[{"href":"https:\/\/proservice.com.ar\/index.php\/wp-json\/wp\/v2\/types\/product"}],"wp:featuredmedia":[{"embeddable":true,"href":"https:\/\/proservice.com.ar\/index.php\/wp-json\/wp\/v2\/media\/4735"}],"wp:attachment":[{"href":"https:\/\/proservice.com.ar\/index.php\/wp-json\/wp\/v2\/media?parent=1761"}],"wp:term":[{"taxonomy":"pwb-brand","embeddable":true,"href":"https:\/\/proservice.com.ar\/index.php\/wp-json\/wp\/v2\/pwb-brand?post=1761"},{"taxonomy":"product_brand","embeddable":true,"href":"https:\/\/proservice.com.ar\/index.php\/wp-json\/wp\/v2\/product_brand?post=1761"},{"taxonomy":"product_cat","embeddable":true,"href":"https:\/\/proservice.com.ar\/index.php\/wp-json\/wp\/v2\/product_cat?post=1761"},{"taxonomy":"product_tag","embeddable":true,"href":"https:\/\/proservice.com.ar\/index.php\/wp-json\/wp\/v2\/product_tag?post=1761"}],"curies":[{"name":"wp","href":"https:\/\/api.w.org\/{rel}","templated":true}]}}