{"id":1765,"date":"2023-04-11T15:37:50","date_gmt":"2023-04-11T19:37:50","guid":{"rendered":"https:\/\/proservice.com.ar\/?post_type=product&#038;p=1765"},"modified":"2026-05-08T10:19:49","modified_gmt":"2026-05-08T13:19:49","slug":"blackmagic-design-decklink-4k-extreme-12g-capture-playback-card","status":"publish","type":"product","link":"https:\/\/proservice.com.ar\/index.php\/product\/blackmagic-design-decklink-4k-extreme-12g-capture-playback-card\/","title":{"rendered":"Blackmagic Design DeckLink 4K Extreme 12G Capture &amp; Playback Card"},"content":{"rendered":"<div class=\"title_OMS5rN7R1Z\">\n<div data-selenium=\"sellingPointsTitle\">La DeckLink 4K Extreme 12G es una tarjeta de captura y reproducci\u00f3n de video digital para cine con dos entradas y salidas SDI 12G de m\u00faltiples velocidades que admiten resoluciones desde SD hasta DCI 4K (4096 x 2160) a 60 fps.<\/div>\n<div data-selenium=\"sellingPointsTitle\">La tarjeta es compatible con color YUV de 10 bits y RGB de 8, 10 y 12 bits, as\u00ed como conversiones ascendentes, descendentes y cruzadas y salida estereosc\u00f3pica 3D a ancho de banda completo RGB 4:4:4:4.<\/div>\n<div data-selenium=\"sellingPointsTitle\">La DeckLink 4K Extreme 12G tiene un dise\u00f1o de tarjeta mezzanine que tiene conectores de entrada y salida HDMI 4K en una segunda tarjeta hija, junto con conexiones para agregar dos m\u00f3dulos de fibra \u00f3ptica opcionales para entrada y salida SDI de fibra \u00f3ptica Dual Link.<\/div>\n<div data-selenium=\"sellingPointsTitle\">La DeckLink\u00a0 tambi\u00e9n admite entradas\/salidas AES\/EBU balanceadas XLR y RCA no balanceadas, entrada\/salida de video anal\u00f3gico, entrada de referencia y control RS-422 a trav\u00e9s de un cable de ruptura incluido.<\/div>\n<div data-selenium=\"sellingPointsTitle\">Esta placa ofrece soporte flexible de formato y sistema, lo que le permite trabajar con formatos de video comprimidos como ProRes y DNxHD, as\u00ed como video sin comprimir de 12 bits 4:4:4. Al trabajar con video sin comprimir, todas las im\u00e1genes son id\u00e9nticas p\u00edxel por p\u00edxel a la fuente, sin p\u00e9rdida generacional. Esto le permite obtener una clave m\u00e1s n\u00edtida con pantallas verdes, composiciones m\u00e1s limpias, correcci\u00f3n de color superior y m\u00e1s.<\/div>\n<div data-selenium=\"sellingPointsTitle\"><\/div>\n<div class=\"text_TAw0W35QK_ comfy_TAw0W35QK_ sizeTitle4_TAw0W35QK_ weightBold_TAw0W35QK_ primary_i3MsQsqoe0\" data-selenium=\"sellingPointsTitle\"><strong>Caracter\u00edsticas principales:\u00a0<\/strong><\/div>\n<\/div>\n<ul class=\"list_OMS5rN7R1Z\">\n<li class=\"listItem_OMS5rN7R1Z\" data-selenium=\"sellingPointsListItem\">Tarjeta de E\/S PCIe Gen2 de 8 carriles<\/li>\n<li class=\"listItem_OMS5rN7R1Z\" data-selenium=\"sellingPointsListItem\">Conexiones multivelocidad 12G-SDI y HDMI<\/li>\n<li class=\"listItem_OMS5rN7R1Z\" data-selenium=\"sellingPointsListItem\">Admite UHD 4K y DCI 4K hasta 60 fps<\/li>\n<li class=\"listItem_OMS5rN7R1Z\" data-selenium=\"sellingPointsListItem\">Se\u00f1ales 4:4:4:4\/4:2:2 de enlace \u00fanico y doble<\/li>\n<li class=\"listItem_OMS5rN7R1Z\" data-selenium=\"sellingPointsListItem\">Salida SDI estereosc\u00f3pica 3D a 4:4:4:4<\/li>\n<li class=\"listItem_OMS5rN7R1Z\" data-selenium=\"sellingPointsListItem\">Conversi\u00f3n arriba\/abajo\/cruzada<\/li>\n<li class=\"listItem_OMS5rN7R1Z\" data-selenium=\"sellingPointsListItem\">M\u00f3dulos de E\/S de fibra \u00f3ptica opcionales<\/li>\n<li class=\"listItem_OMS5rN7R1Z\" data-selenium=\"sellingPointsListItem\">Cable de conexi\u00f3n para anal\u00f3gico\/RS-422<\/li>\n<li class=\"listItem_OMS5rN7R1Z\" data-selenium=\"sellingPointsListItem\">Genlock y control de plataforma<\/li>\n<li class=\"listItem_OMS5rN7R1Z\" data-selenium=\"sellingPointsListItem\">Compatible con Mac, Windows y Linux<\/li>\n<\/ul>\n","protected":false},"excerpt":{"rendered":"<p>BDLKHDEXTR4K12G<\/p>\n","protected":false},"featured_media":4737,"template":"","meta":{"om_disable_all_campaigns":false},"pwb-brand":[],"product_brand":[],"product_cat":[71,56],"product_tag":[152],"class_list":{"0":"post-1765","1":"product","2":"type-product","3":"status-publish","4":"has-post-thumbnail","6":"product_cat-blackmagic-design","7":"product_cat-capture-device","8":"product_tag-bdlkhdextr4k12g","10":"first","11":"outofstock","12":"shipping-taxable","13":"product-type-simple"},"aioseo_notices":[],"jetpack_sharing_enabled":true,"brands":[],"_links":{"self":[{"href":"https:\/\/proservice.com.ar\/index.php\/wp-json\/wp\/v2\/product\/1765","targetHints":{"allow":["GET"]}}],"collection":[{"href":"https:\/\/proservice.com.ar\/index.php\/wp-json\/wp\/v2\/product"}],"about":[{"href":"https:\/\/proservice.com.ar\/index.php\/wp-json\/wp\/v2\/types\/product"}],"wp:featuredmedia":[{"embeddable":true,"href":"https:\/\/proservice.com.ar\/index.php\/wp-json\/wp\/v2\/media\/4737"}],"wp:attachment":[{"href":"https:\/\/proservice.com.ar\/index.php\/wp-json\/wp\/v2\/media?parent=1765"}],"wp:term":[{"taxonomy":"pwb-brand","embeddable":true,"href":"https:\/\/proservice.com.ar\/index.php\/wp-json\/wp\/v2\/pwb-brand?post=1765"},{"taxonomy":"product_brand","embeddable":true,"href":"https:\/\/proservice.com.ar\/index.php\/wp-json\/wp\/v2\/product_brand?post=1765"},{"taxonomy":"product_cat","embeddable":true,"href":"https:\/\/proservice.com.ar\/index.php\/wp-json\/wp\/v2\/product_cat?post=1765"},{"taxonomy":"product_tag","embeddable":true,"href":"https:\/\/proservice.com.ar\/index.php\/wp-json\/wp\/v2\/product_tag?post=1765"}],"curies":[{"name":"wp","href":"https:\/\/api.w.org\/{rel}","templated":true}]}}