{"id":1775,"date":"2024-01-25T15:49:39","date_gmt":"2024-01-25T18:49:39","guid":{"rendered":"https:\/\/proservice.com.ar\/?post_type=product&#038;p=1775"},"modified":"2025-10-28T16:36:19","modified_gmt":"2025-10-28T19:36:19","slug":"blackmagic-design-web-presenter-hd","status":"publish","type":"product","link":"https:\/\/proservice.com.ar\/index.php\/product\/blackmagic-design-web-presenter-hd\/","title":{"rendered":"Blackmagic Design Web Presenter HD"},"content":{"rendered":"<div class=\"title_OMS5rN7R1Z\">\n<div data-selenium=\"sellingPointsTitle\">El Web Presenter HD es un dispositivo que te permite transmitir en vivo cualquier fuente de video SDI a Internet usando el protocolo H.264\/RTMP. Con este dispositivo, puedes conectar una c\u00e1mara, una grabadora, un ordenador o cualquier otro equipo con salida SDI y enviar la se\u00f1al a plataformas como YouTube, Facebook, Twitter y m\u00e1s. El Web Presenter HD tiene una entrada SDI de 12G\/HD\/SD que acepta todos los formatos populares hasta 2160p60, y una salida SDI que env\u00eda la se\u00f1al de video con el audio integrado. Tambi\u00e9n tiene una salida USB-C que funciona como una c\u00e1mara web, lo que te permite usar cualquier software de streaming o incluso Skype o Zoom. Adem\u00e1s, tiene una salida HDMI que te muestra informaci\u00f3n sobre el estado de la transmisi\u00f3n y la grabaci\u00f3n, y botones dedicados para iniciar y detener estas funciones. El Web Presenter HD es un dispositivo ideal para crear transmisiones en vivo de alta calidad para transmisi\u00f3n, deportes, web y A\/V.<\/div>\n<div data-selenium=\"sellingPointsTitle\"><\/div>\n<div class=\"text_TAw0W35QK_ comfy_TAw0W35QK_ sizeTitle4_TAw0W35QK_ weightBold_TAw0W35QK_ primary_i3MsQsqoe0\" data-selenium=\"sellingPointsTitle\"><strong>Caracter\u00edsticas principales:<\/strong><\/div>\n<\/div>\n<ul class=\"list_OMS5rN7R1Z\">\n<li class=\"listItem_OMS5rN7R1Z\" data-selenium=\"sellingPointsListItem\">Transmisi\u00f3n en vivo de fuente de v\u00eddeo SDI a Internet<\/li>\n<li class=\"listItem_OMS5rN7R1Z\" data-selenium=\"sellingPointsListItem\">Entrada de v\u00eddeo 12G\/6G\/3G-SDI hasta UHD 4K<\/li>\n<li class=\"listItem_OMS5rN7R1Z\" data-selenium=\"sellingPointsListItem\">Salida de monitor SDI\/HDMI hasta 1080p60<\/li>\n<li class=\"listItem_OMS5rN7R1Z\" data-selenium=\"sellingPointsListItem\">Admite el protocolo de transmisi\u00f3n H.264\/RTMP<\/li>\n<li class=\"listItem_OMS5rN7R1Z\" data-selenium=\"sellingPointsListItem\">Utilice USB Type-C como c\u00e1mara web o 5G\/4G Tether<\/li>\n<li class=\"listItem_OMS5rN7R1Z\" data-selenium=\"sellingPointsListItem\">Salida de bucle SDI, Ethernet 10\/100\/1000<\/li>\n<li class=\"listItem_OMS5rN7R1Z\" data-selenium=\"sellingPointsListItem\">Entradas de alimentaci\u00f3n redundantes de CA y CC<\/li>\n<li class=\"listItem_OMS5rN7R1Z\" data-selenium=\"sellingPointsListItem\">Compatible con Mac, Win, Linux y Chromebook<\/li>\n<li class=\"listItem_OMS5rN7R1Z\" data-selenium=\"sellingPointsListItem\">Funciona con la opci\u00f3n ATEM Streaming Bridge<\/li>\n<\/ul>\n","protected":false},"excerpt":{"rendered":"<p>BDLKWEBPTRPRO\u00a0 Web Presenter<\/p>\n","protected":false},"featured_media":4560,"template":"","meta":{"om_disable_all_campaigns":false},"pwb-brand":[],"product_brand":[],"product_cat":[71,65],"product_tag":[156],"class_list":{"0":"post-1775","1":"product","2":"type-product","3":"status-publish","4":"has-post-thumbnail","6":"product_cat-blackmagic-design","7":"product_cat-streaming-device","8":"product_tag-bdlkwebptrpro","10":"first","11":"instock","12":"shipping-taxable","13":"purchasable","14":"product-type-simple"},"aioseo_notices":[],"jetpack_sharing_enabled":true,"brands":[],"_links":{"self":[{"href":"https:\/\/proservice.com.ar\/index.php\/wp-json\/wp\/v2\/product\/1775","targetHints":{"allow":["GET"]}}],"collection":[{"href":"https:\/\/proservice.com.ar\/index.php\/wp-json\/wp\/v2\/product"}],"about":[{"href":"https:\/\/proservice.com.ar\/index.php\/wp-json\/wp\/v2\/types\/product"}],"wp:featuredmedia":[{"embeddable":true,"href":"https:\/\/proservice.com.ar\/index.php\/wp-json\/wp\/v2\/media\/4560"}],"wp:attachment":[{"href":"https:\/\/proservice.com.ar\/index.php\/wp-json\/wp\/v2\/media?parent=1775"}],"wp:term":[{"taxonomy":"pwb-brand","embeddable":true,"href":"https:\/\/proservice.com.ar\/index.php\/wp-json\/wp\/v2\/pwb-brand?post=1775"},{"taxonomy":"product_brand","embeddable":true,"href":"https:\/\/proservice.com.ar\/index.php\/wp-json\/wp\/v2\/product_brand?post=1775"},{"taxonomy":"product_cat","embeddable":true,"href":"https:\/\/proservice.com.ar\/index.php\/wp-json\/wp\/v2\/product_cat?post=1775"},{"taxonomy":"product_tag","embeddable":true,"href":"https:\/\/proservice.com.ar\/index.php\/wp-json\/wp\/v2\/product_tag?post=1775"}],"curies":[{"name":"wp","href":"https:\/\/api.w.org\/{rel}","templated":true}]}}