{"id":1779,"date":"2023-04-12T09:16:02","date_gmt":"2023-04-12T13:16:02","guid":{"rendered":"https:\/\/proservice.com.ar\/?post_type=product&#038;p=1779"},"modified":"2026-04-14T14:01:27","modified_gmt":"2026-04-14T17:01:27","slug":"blackmagic-design-decklink-mini-recorder-hd","status":"publish","type":"product","link":"https:\/\/proservice.com.ar\/index.php\/product\/blackmagic-design-decklink-mini-recorder-hd\/","title":{"rendered":"Blackmagic Design DeckLink Mini Recorder HD"},"content":{"rendered":"<div class=\"title_OMS5rN7R1Z\">\n<div data-selenium=\"sellingPointsTitle\">La DeckLink Mini Recorder HD es un dispositivo que te permite capturar video en HD a trav\u00e9s de SDI o HDMI con una tarjeta PCIe de una sola ranura. Con este dispositivo, puedes conectar una c\u00e1mara, una grabadora, un ordenador o cualquier otro equipo con salida SDI o HDMI y grabar el video en tu ordenador con una calidad de 10 bits sin compresi\u00f3n. La DeckLink Mini Recorder HD es compatible con los formatos SD y HD hasta 1080p30 y 2Kp60 DCI. Tambi\u00e9n es compatible con una gran variedad de software de edici\u00f3n, dise\u00f1o y video, como DaVinci Resolve, Final Cut Pro X, Premiere Pro y m\u00e1s. La DeckLink Mini Recorder HD es un dispositivo ideal para crear contenidos de alta calidad con facilidad.<\/div>\n<div data-selenium=\"sellingPointsTitle\"><\/div>\n<div class=\"text_TAw0W35QK_ comfy_TAw0W35QK_ sizeTitle4_TAw0W35QK_ weightBold_TAw0W35QK_ primary_i3MsQsqoe0\" data-selenium=\"sellingPointsTitle\"><strong>Caracter\u00edsticas principales:\u00a0<\/strong><\/div>\n<\/div>\n<ul class=\"list_OMS5rN7R1Z\">\n<li class=\"listItem_OMS5rN7R1Z\" data-selenium=\"sellingPointsListItem\">Grabaci\u00f3n con calidad de transmisi\u00f3n<\/li>\n<li class=\"listItem_OMS5rN7R1Z\" data-selenium=\"sellingPointsListItem\">Tarjeta de ranura PCIe de 1 carril (para 1-16 carriles)<\/li>\n<li class=\"listItem_OMS5rN7R1Z\" data-selenium=\"sellingPointsListItem\">Entradas SDI y HDMI<\/li>\n<li class=\"listItem_OMS5rN7R1Z\" data-selenium=\"sellingPointsListItem\">Admite hasta 2K DCI a trav\u00e9s de SDI<\/li>\n<li class=\"listItem_OMS5rN7R1Z\" data-selenium=\"sellingPointsListItem\">Soporte de resoluci\u00f3n de hasta 1080p60 en HDMI<\/li>\n<li class=\"listItem_OMS5rN7R1Z\" data-selenium=\"sellingPointsListItem\">V\u00eddeo de 8, 10 y 12 bits, 4:2:2\/4:4:4<\/li>\n<li class=\"listItem_OMS5rN7R1Z\" data-selenium=\"sellingPointsListItem\">Compatibilidad con espacio de color REC 601\/709<\/li>\n<li class=\"listItem_OMS5rN7R1Z\" data-selenium=\"sellingPointsListItem\">Compatible con Mac, Windows y Linux<\/li>\n<\/ul>\n","protected":false},"excerpt":{"rendered":"<p>BDLKMINIREC3G<\/p>\n","protected":false},"featured_media":4658,"template":"","meta":{"om_disable_all_campaigns":false},"pwb-brand":[],"product_brand":[],"product_cat":[71,56],"product_tag":[157],"class_list":{"0":"post-1779","1":"product","2":"type-product","3":"status-publish","4":"has-post-thumbnail","6":"product_cat-blackmagic-design","7":"product_cat-capture-device","8":"product_tag-bdlkminirec3g","10":"first","11":"instock","12":"shipping-taxable","13":"purchasable","14":"product-type-simple"},"aioseo_notices":[],"jetpack_sharing_enabled":true,"brands":[],"_links":{"self":[{"href":"https:\/\/proservice.com.ar\/index.php\/wp-json\/wp\/v2\/product\/1779","targetHints":{"allow":["GET"]}}],"collection":[{"href":"https:\/\/proservice.com.ar\/index.php\/wp-json\/wp\/v2\/product"}],"about":[{"href":"https:\/\/proservice.com.ar\/index.php\/wp-json\/wp\/v2\/types\/product"}],"wp:featuredmedia":[{"embeddable":true,"href":"https:\/\/proservice.com.ar\/index.php\/wp-json\/wp\/v2\/media\/4658"}],"wp:attachment":[{"href":"https:\/\/proservice.com.ar\/index.php\/wp-json\/wp\/v2\/media?parent=1779"}],"wp:term":[{"taxonomy":"pwb-brand","embeddable":true,"href":"https:\/\/proservice.com.ar\/index.php\/wp-json\/wp\/v2\/pwb-brand?post=1779"},{"taxonomy":"product_brand","embeddable":true,"href":"https:\/\/proservice.com.ar\/index.php\/wp-json\/wp\/v2\/product_brand?post=1779"},{"taxonomy":"product_cat","embeddable":true,"href":"https:\/\/proservice.com.ar\/index.php\/wp-json\/wp\/v2\/product_cat?post=1779"},{"taxonomy":"product_tag","embeddable":true,"href":"https:\/\/proservice.com.ar\/index.php\/wp-json\/wp\/v2\/product_tag?post=1779"}],"curies":[{"name":"wp","href":"https:\/\/api.w.org\/{rel}","templated":true}]}}