{"id":1780,"date":"2024-05-10T09:18:12","date_gmt":"2024-05-10T12:18:12","guid":{"rendered":"https:\/\/proservice.com.ar\/?post_type=product&#038;p=1780"},"modified":"2026-04-01T11:27:55","modified_gmt":"2026-04-01T14:27:55","slug":"blackmagic-design-decklink-quad-hdmi-recorder-capture-card","status":"publish","type":"product","link":"https:\/\/proservice.com.ar\/index.php\/product\/blackmagic-design-decklink-quad-hdmi-recorder-capture-card\/","title":{"rendered":"Blackmagic Design DeckLink Quad HDMI Recorder Capture Card"},"content":{"rendered":"<div class=\"title_OMS5rN7R1Z\">\n<div data-selenium=\"sellingPointsTitle\">La\u00a0 DeckLink Quad HDMI\u00a0 es un dispositivo que te permite capturar video en 4K y audio de alta calidad para aplicaciones de streaming o edici\u00f3n. Con este dispositivo, puedes conectar hasta cuatro fuentes HDMI, como c\u00e1maras, ordenadores o consolas de juegos, y grabar el video en tu ordenador con una calidad de 10 bits sin compresi\u00f3n. La\u00a0 DeckLink Quad HDMI es una tarjeta PCIe que tiene cuatro entradas HDMI 2.0b que admiten resoluciones de hasta DCI 4K60. Tambi\u00e9n tiene una salida USB-C que funciona como una c\u00e1mara web, lo que te permite usar cualquier software de streaming o incluso Skype o Zoom.La\u00a0 DeckLink Quad HDMI es compatible con los formatos SD, HD y 3G-SDI, y detecta autom\u00e1ticamente el tipo de se\u00f1al. Tambi\u00e9n puedes actualizar y configurar el dispositivo mediante un puerto USB y un software descargable. La\u00a0 DeckLink Quad HDMI es un dispositivo ideal para crear contenidos de alta calidad con facilidad<\/div>\n<div data-selenium=\"sellingPointsTitle\"><\/div>\n<div class=\"text_TAw0W35QK_ comfy_TAw0W35QK_ sizeTitle4_TAw0W35QK_ weightBold_TAw0W35QK_ primary_i3MsQsqoe0\" data-selenium=\"sellingPointsTitle\"><strong>Caracter\u00edsticas principales:\u00a0<\/strong><\/div>\n<\/div>\n<ul class=\"list_OMS5rN7R1Z\">\n<li class=\"listItem_OMS5rN7R1Z\" data-selenium=\"sellingPointsListItem\">Graba v\u00eddeo HDMI hasta DCI 4K60<\/li>\n<li class=\"listItem_OMS5rN7R1Z\" data-selenium=\"sellingPointsListItem\">4 entradas HDMI 2.0b<\/li>\n<li class=\"listItem_OMS5rN7R1Z\" data-selenium=\"sellingPointsListItem\">Tarjeta de interfaz PCIe<\/li>\n<li class=\"listItem_OMS5rN7R1Z\" data-selenium=\"sellingPointsListItem\">Hasta 4K30 12 bits 4:2:2 en todos los modos<\/li>\n<li class=\"listItem_OMS5rN7R1Z\" data-selenium=\"sellingPointsListItem\">Entradas HDMI de modo conmutable<\/li>\n<li class=\"listItem_OMS5rN7R1Z\" data-selenium=\"sellingPointsListItem\">Audio integrado de 8 canales, 24 bits y 48 kHz<\/li>\n<li class=\"listItem_OMS5rN7R1Z\" data-selenium=\"sellingPointsListItem\">Compatible con macOS, Windows y Linux<\/li>\n<\/ul>\n","protected":false},"excerpt":{"rendered":"<p>BDLKDVQDHDMI4K<\/p>\n","protected":false},"featured_media":4659,"template":"","meta":{"om_disable_all_campaigns":false},"pwb-brand":[],"product_brand":[],"product_cat":[71,56],"product_tag":[158],"class_list":{"0":"post-1780","1":"product","2":"type-product","3":"status-publish","4":"has-post-thumbnail","6":"product_cat-blackmagic-design","7":"product_cat-capture-device","8":"product_tag-bdlkdvqdhdmi4k","10":"first","11":"instock","12":"sale","13":"shipping-taxable","14":"purchasable","15":"product-type-simple"},"aioseo_notices":[],"jetpack_sharing_enabled":true,"brands":[],"_links":{"self":[{"href":"https:\/\/proservice.com.ar\/index.php\/wp-json\/wp\/v2\/product\/1780","targetHints":{"allow":["GET"]}}],"collection":[{"href":"https:\/\/proservice.com.ar\/index.php\/wp-json\/wp\/v2\/product"}],"about":[{"href":"https:\/\/proservice.com.ar\/index.php\/wp-json\/wp\/v2\/types\/product"}],"wp:featuredmedia":[{"embeddable":true,"href":"https:\/\/proservice.com.ar\/index.php\/wp-json\/wp\/v2\/media\/4659"}],"wp:attachment":[{"href":"https:\/\/proservice.com.ar\/index.php\/wp-json\/wp\/v2\/media?parent=1780"}],"wp:term":[{"taxonomy":"pwb-brand","embeddable":true,"href":"https:\/\/proservice.com.ar\/index.php\/wp-json\/wp\/v2\/pwb-brand?post=1780"},{"taxonomy":"product_brand","embeddable":true,"href":"https:\/\/proservice.com.ar\/index.php\/wp-json\/wp\/v2\/product_brand?post=1780"},{"taxonomy":"product_cat","embeddable":true,"href":"https:\/\/proservice.com.ar\/index.php\/wp-json\/wp\/v2\/product_cat?post=1780"},{"taxonomy":"product_tag","embeddable":true,"href":"https:\/\/proservice.com.ar\/index.php\/wp-json\/wp\/v2\/product_tag?post=1780"}],"curies":[{"name":"wp","href":"https:\/\/api.w.org\/{rel}","templated":true}]}}