{"id":1782,"date":"2023-04-12T09:21:29","date_gmt":"2023-04-12T13:21:29","guid":{"rendered":"https:\/\/proservice.com.ar\/?post_type=product&#038;p=1782"},"modified":"2025-05-30T15:19:41","modified_gmt":"2025-05-30T18:19:41","slug":"blackmagic-design-hdmi-to-sdi-6g-mini-converter","status":"publish","type":"product","link":"https:\/\/proservice.com.ar\/index.php\/product\/blackmagic-design-hdmi-to-sdi-6g-mini-converter\/","title":{"rendered":"Blackmagic Design Mini Converter HDMI to SDI 6G"},"content":{"rendered":"<div class=\"title_OMS5rN7R1Z\">\n<div data-selenium=\"sellingPointsTitle\">El Mini Converter HDMI to SDI 6G\u00a0 es un dispositivo que te permite convertir la se\u00f1al HDMI a SDI en distintas definiciones, desde SD hasta 4K<\/div>\n<div data-selenium=\"sellingPointsTitle\">El Mini Converter HDMI to SDI 6G tiene una entrada HDMI tipo A y dos salidas SDI que se ajustan autom\u00e1ticamente al formato de la se\u00f1al recibida. Tambi\u00e9n tiene entradas de audio independientes que te permiten integrar audio anal\u00f3gico balanceado o digital AES\/EBU en la se\u00f1al SDI. El Mini Converter HDMI to SDI 6G es compatible con los formatos SD, HD, 3G y 6G-SDI, y detecta autom\u00e1ticamente el tipo de se\u00f1al. El Mini Converter HDMI to SDI 6G es un dispositivo ideal para conectar dispositivos HDMI con equipos SDI profesionales<\/div>\n<div data-selenium=\"sellingPointsTitle\"><\/div>\n<div class=\"text_TAw0W35QK_ comfy_TAw0W35QK_ sizeTitle4_TAw0W35QK_ weightBold_TAw0W35QK_ primary_i3MsQsqoe0\" data-selenium=\"sellingPointsTitle\"><strong>Caracter\u00edsticas principales:\u00a0<\/strong><\/div>\n<\/div>\n<ul class=\"list_OMS5rN7R1Z\">\n<li class=\"listItem_OMS5rN7R1Z\" data-selenium=\"sellingPointsListItem\">Entrada HDMI 4K<\/li>\n<li class=\"listItem_OMS5rN7R1Z\" data-selenium=\"sellingPointsListItem\">2 salidas 6G-SDI<\/li>\n<li class=\"listItem_OMS5rN7R1Z\" data-selenium=\"sellingPointsListItem\">Admite se\u00f1ales SD, HD, UHD 4K y DCI 4K<\/li>\n<li class=\"listItem_OMS5rN7R1Z\" data-selenium=\"sellingPointsListItem\">Detecci\u00f3n autom\u00e1tica de se\u00f1al de entrada<\/li>\n<li class=\"listItem_OMS5rN7R1Z\" data-selenium=\"sellingPointsListItem\">Audio de 24 bits y 48 kHz<\/li>\n<li class=\"listItem_OMS5rN7R1Z\" data-selenium=\"sellingPointsListItem\">Entradas de audio digitales anal\u00f3gicas y AES-EBU<\/li>\n<li class=\"listItem_OMS5rN7R1Z\" data-selenium=\"sellingPointsListItem\">Incorpora audio en salida SDI<\/li>\n<li class=\"listItem_OMS5rN7R1Z\" data-selenium=\"sellingPointsListItem\">Configuraci\u00f3n a trav\u00e9s de miniinterruptores o software<\/li>\n<li class=\"listItem_OMS5rN7R1Z\" data-selenium=\"sellingPointsListItem\">Puerto USB 2.0 para actualizaciones de firmware<\/li>\n<\/ul>\n","protected":false},"excerpt":{"rendered":"<p>CONVMBHS24K6G<\/p>\n","protected":false},"featured_media":4665,"template":"","meta":{"om_disable_all_campaigns":false},"pwb-brand":[],"product_brand":[],"product_cat":[71,57],"product_tag":[159],"class_list":{"0":"post-1782","1":"product","2":"type-product","3":"status-publish","4":"has-post-thumbnail","6":"product_cat-blackmagic-design","7":"product_cat-converter","8":"product_tag-convmbhs24k6g","10":"first","11":"outofstock","12":"shipping-taxable","13":"purchasable","14":"product-type-simple"},"aioseo_notices":[],"jetpack_sharing_enabled":true,"brands":[],"_links":{"self":[{"href":"https:\/\/proservice.com.ar\/index.php\/wp-json\/wp\/v2\/product\/1782","targetHints":{"allow":["GET"]}}],"collection":[{"href":"https:\/\/proservice.com.ar\/index.php\/wp-json\/wp\/v2\/product"}],"about":[{"href":"https:\/\/proservice.com.ar\/index.php\/wp-json\/wp\/v2\/types\/product"}],"wp:featuredmedia":[{"embeddable":true,"href":"https:\/\/proservice.com.ar\/index.php\/wp-json\/wp\/v2\/media\/4665"}],"wp:attachment":[{"href":"https:\/\/proservice.com.ar\/index.php\/wp-json\/wp\/v2\/media?parent=1782"}],"wp:term":[{"taxonomy":"pwb-brand","embeddable":true,"href":"https:\/\/proservice.com.ar\/index.php\/wp-json\/wp\/v2\/pwb-brand?post=1782"},{"taxonomy":"product_brand","embeddable":true,"href":"https:\/\/proservice.com.ar\/index.php\/wp-json\/wp\/v2\/product_brand?post=1782"},{"taxonomy":"product_cat","embeddable":true,"href":"https:\/\/proservice.com.ar\/index.php\/wp-json\/wp\/v2\/product_cat?post=1782"},{"taxonomy":"product_tag","embeddable":true,"href":"https:\/\/proservice.com.ar\/index.php\/wp-json\/wp\/v2\/product_tag?post=1782"}],"curies":[{"name":"wp","href":"https:\/\/api.w.org\/{rel}","templated":true}]}}