{"id":1793,"date":"2023-04-12T09:26:12","date_gmt":"2023-04-12T13:26:12","guid":{"rendered":"https:\/\/proservice.com.ar\/?post_type=product&#038;p=1793"},"modified":"2025-05-12T14:18:55","modified_gmt":"2025-05-12T17:18:55","slug":"blackmagic-design-hyperdeck-studio-4k-pro","status":"publish","type":"product","link":"https:\/\/proservice.com.ar\/index.php\/product\/blackmagic-design-hyperdeck-studio-4k-pro\/","title":{"rendered":"Blackmagic Design HyperDeck Studio 4K Pro"},"content":{"rendered":"<div class=\"title_OMS5rN7R1Z\">\n<div data-selenium=\"sellingPointsTitle\">El HyperDeck Studio 4K Pro es un dispositivo que te permite crear producciones en vivo de alta calidad con video en 4K y audio de alta calidad. Con este dispositivo, puedes conectar hasta ocho fuentes SDI, como c\u00e1maras, grabadoras o computadoras, y grabar el video en tu ordenador con una calidad de 10 bits sin compresi\u00f3n. El HyperDeck Studio 4K Pro tiene una entrada y una salida SDI de 12G\/HD\/SD, y un conector SFP para el m\u00f3dulo de fibra \u00f3ptica (se vende por separado). El HyperDeck Studio 4K Pro detecta autom\u00e1ticamente el tipo de se\u00f1al SDI, y soporta audio embebido de 16 canales. Tambi\u00e9n tiene una salida USB-C que funciona como una c\u00e1mara web, lo que te permite usar cualquier software de streaming o incluso Skype o Zoom. Adem\u00e1s, tiene una salida HDMI que te muestra informaci\u00f3n sobre el estado de la transmisi\u00f3n y la grabaci\u00f3n, y botones dedicados para iniciar y detener estas funciones.<\/div>\n<div data-selenium=\"sellingPointsTitle\"><\/div>\n<div class=\"text_TAw0W35QK_ comfy_TAw0W35QK_ sizeTitle4_TAw0W35QK_ weightBold_TAw0W35QK_ primary_i3MsQsqoe0\" data-selenium=\"sellingPointsTitle\"><strong>Caracter\u00edsticas principales:\u00a0<\/strong><\/div>\n<\/div>\n<ul class=\"list_OMS5rN7R1Z\">\n<li class=\"listItem_OMS5rN7R1Z\" data-selenium=\"sellingPointsListItem\">Grabador de v\u00eddeo basado en archivos de 1 RU<\/li>\n<li class=\"listItem_OMS5rN7R1Z\" data-selenium=\"sellingPointsListItem\">V\u00eddeo H.264\/H.265 de 10 bits 4:2:2<\/li>\n<li class=\"listItem_OMS5rN7R1Z\" data-selenium=\"sellingPointsListItem\">Registros comprimidos en ProRes \/ DNxHD<\/li>\n<li class=\"listItem_OMS5rN7R1Z\" data-selenium=\"sellingPointsListItem\">1 entrada 12G-SDI, 2 salidas 12G-SDI<\/li>\n<li class=\"listItem_OMS5rN7R1Z\" data-selenium=\"sellingPointsListItem\">2 ranuras para SSD de 2,5&#8243; y 2 ranuras para tarjetas SD<\/li>\n<li class=\"listItem_OMS5rN7R1Z\" data-selenium=\"sellingPointsListItem\">1 entrada HDMI, 1 salida HDMI<\/li>\n<li class=\"listItem_OMS5rN7R1Z\" data-selenium=\"sellingPointsListItem\">1 x salida de bucle SDI, 1 x salida USB-C<\/li>\n<li class=\"listItem_OMS5rN7R1Z\" data-selenium=\"sellingPointsListItem\">Altavoz, control remoto, puerto Ethernet 10G<\/li>\n<li class=\"listItem_OMS5rN7R1Z\" data-selenium=\"sellingPointsListItem\">Botones del panel frontal, rueda de selecci\u00f3n, LCD<\/li>\n<li class=\"listItem_OMS5rN7R1Z\" data-selenium=\"sellingPointsListItem\">C\u00f3digo de tiempo, referencia y entrada\/salida RS-422<\/li>\n<\/ul>\n","protected":false},"excerpt":{"rendered":"<p>HYPERD\/ST\/DG4P<\/p>\n","protected":false},"featured_media":4668,"template":"","meta":{"om_disable_all_campaigns":false},"pwb-brand":[],"product_brand":[],"product_cat":[71],"product_tag":[161],"class_list":{"0":"post-1793","1":"product","2":"type-product","3":"status-publish","4":"has-post-thumbnail","6":"product_cat-blackmagic-design","7":"product_tag-hyperd-st-dg4p","9":"first","10":"onbackorder","11":"shipping-taxable","12":"product-type-simple"},"aioseo_notices":[],"jetpack_sharing_enabled":true,"brands":[],"_links":{"self":[{"href":"https:\/\/proservice.com.ar\/index.php\/wp-json\/wp\/v2\/product\/1793","targetHints":{"allow":["GET"]}}],"collection":[{"href":"https:\/\/proservice.com.ar\/index.php\/wp-json\/wp\/v2\/product"}],"about":[{"href":"https:\/\/proservice.com.ar\/index.php\/wp-json\/wp\/v2\/types\/product"}],"wp:featuredmedia":[{"embeddable":true,"href":"https:\/\/proservice.com.ar\/index.php\/wp-json\/wp\/v2\/media\/4668"}],"wp:attachment":[{"href":"https:\/\/proservice.com.ar\/index.php\/wp-json\/wp\/v2\/media?parent=1793"}],"wp:term":[{"taxonomy":"pwb-brand","embeddable":true,"href":"https:\/\/proservice.com.ar\/index.php\/wp-json\/wp\/v2\/pwb-brand?post=1793"},{"taxonomy":"product_brand","embeddable":true,"href":"https:\/\/proservice.com.ar\/index.php\/wp-json\/wp\/v2\/product_brand?post=1793"},{"taxonomy":"product_cat","embeddable":true,"href":"https:\/\/proservice.com.ar\/index.php\/wp-json\/wp\/v2\/product_cat?post=1793"},{"taxonomy":"product_tag","embeddable":true,"href":"https:\/\/proservice.com.ar\/index.php\/wp-json\/wp\/v2\/product_tag?post=1793"}],"curies":[{"name":"wp","href":"https:\/\/api.w.org\/{rel}","templated":true}]}}