{"id":1802,"date":"2023-04-13T15:27:50","date_gmt":"2023-04-13T19:27:50","guid":{"rendered":"https:\/\/proservice.com.ar\/?post_type=product&#038;p=1802"},"modified":"2025-05-12T14:19:12","modified_gmt":"2025-05-12T17:19:12","slug":"blackmagic-design-hyperdeck-studio-hd-plus","status":"publish","type":"product","link":"https:\/\/proservice.com.ar\/index.php\/product\/blackmagic-design-hyperdeck-studio-hd-plus\/","title":{"rendered":"Blackmagic Design HyperDeck Studio HD Plus"},"content":{"rendered":"<div data-selenium=\"sellingPointsTitle\">El HyperDeck Studio HD Plus es un dispositivo que te permite crear producciones en vivo de alta calidad con video en HD y audio de alta calidad. Con este dispositivo, puedes conectar hasta ocho fuentes HDMI, como c\u00e1maras, ordenadores o consolas de juegos, y grabar el video en tu ordenador con una calidad de 10 bits sin compresi\u00f3n. El HyperDeck Studio HD Plus tiene una entrada y una salida SDI de 6G\/HD\/SD, y un conector SFP para el m\u00f3dulo de fibra \u00f3ptica (se vende por separado). El HyperDeck Studio HD Plus detecta autom\u00e1ticamente el tipo de se\u00f1al SDI, y soporta audio embebido de 16 canales. Tambi\u00e9n tiene una salida USB-C que funciona como una c\u00e1mara web, lo que te permite usar cualquier software de streaming o incluso Skype o Zoom. Adem\u00e1s, tiene una salida HDMI que te muestra informaci\u00f3n sobre el estado de la transmisi\u00f3n y la grabaci\u00f3n, y botones dedicados para iniciar y detener estas funciones. El HyperDeck Studio HD Plus es un dispositivo ideal para crear contenidos de alta calidad con facilidad.<\/div>\n<div data-selenium=\"sellingPointsTitle\"><\/div>\n<div class=\"title_OMS5rN7R1Z\">\n<div class=\"text_TAw0W35QK_ comfy_TAw0W35QK_ sizeTitle4_TAw0W35QK_ weightBold_TAw0W35QK_ primary_i3MsQsqoe0\" data-selenium=\"sellingPointsTitle\"><strong>Caracter\u00edsticas principales:\u00a0<\/strong><\/div>\n<\/div>\n<ul class=\"list_OMS5rN7R1Z\">\n<li class=\"listItem_OMS5rN7R1Z\" data-selenium=\"sellingPointsListItem\">Graba hasta 4K DCI a 30 fps<\/li>\n<li class=\"listItem_OMS5rN7R1Z\" data-selenium=\"sellingPointsListItem\">Reproduce copias de seguridad hasta 3840 x 2160 a 30 fps<\/li>\n<li class=\"listItem_OMS5rN7R1Z\" data-selenium=\"sellingPointsListItem\">1 entrada 6G-SDI, 1 entrada HDMI 2.0<\/li>\n<li class=\"listItem_OMS5rN7R1Z\" data-selenium=\"sellingPointsListItem\">1 salida HDMI 2.0 y 2 salidas 6G-SDI<\/li>\n<li class=\"listItem_OMS5rN7R1Z\" data-selenium=\"sellingPointsListItem\">Graba ProRes, DNxHD y H.264<\/li>\n<li class=\"listItem_OMS5rN7R1Z\" data-selenium=\"sellingPointsListItem\">Graba en H.264 SDI 4:2:2 10 bits<\/li>\n<li class=\"listItem_OMS5rN7R1Z\" data-selenium=\"sellingPointsListItem\">Botones del panel frontal, rueda de selecci\u00f3n, LCD<\/li>\n<li class=\"listItem_OMS5rN7R1Z\" data-selenium=\"sellingPointsListItem\">Entrada\/salida de c\u00f3digo de tiempo y referencia<\/li>\n<li class=\"listItem_OMS5rN7R1Z\" data-selenium=\"sellingPointsListItem\">Factor de forma para montaje en bastidor 1\/2<\/li>\n<li class=\"listItem_OMS5rN7R1Z\" data-selenium=\"sellingPointsListItem\">USB-C, Ethernet 1G, RS-422<\/li>\n<\/ul>\n","protected":false},"excerpt":{"rendered":"<p>HYPERD\/ST\/DCHP<\/p>\n","protected":false},"featured_media":4713,"template":"","meta":{"om_disable_all_campaigns":false},"pwb-brand":[],"product_brand":[],"product_cat":[71],"product_tag":[163],"class_list":{"0":"post-1802","1":"product","2":"type-product","3":"status-publish","4":"has-post-thumbnail","6":"product_cat-blackmagic-design","7":"product_tag-hyperd-st-dchp","9":"first","10":"onbackorder","11":"shipping-taxable","12":"product-type-simple"},"aioseo_notices":[],"jetpack_sharing_enabled":true,"brands":[],"_links":{"self":[{"href":"https:\/\/proservice.com.ar\/index.php\/wp-json\/wp\/v2\/product\/1802","targetHints":{"allow":["GET"]}}],"collection":[{"href":"https:\/\/proservice.com.ar\/index.php\/wp-json\/wp\/v2\/product"}],"about":[{"href":"https:\/\/proservice.com.ar\/index.php\/wp-json\/wp\/v2\/types\/product"}],"wp:featuredmedia":[{"embeddable":true,"href":"https:\/\/proservice.com.ar\/index.php\/wp-json\/wp\/v2\/media\/4713"}],"wp:attachment":[{"href":"https:\/\/proservice.com.ar\/index.php\/wp-json\/wp\/v2\/media?parent=1802"}],"wp:term":[{"taxonomy":"pwb-brand","embeddable":true,"href":"https:\/\/proservice.com.ar\/index.php\/wp-json\/wp\/v2\/pwb-brand?post=1802"},{"taxonomy":"product_brand","embeddable":true,"href":"https:\/\/proservice.com.ar\/index.php\/wp-json\/wp\/v2\/product_brand?post=1802"},{"taxonomy":"product_cat","embeddable":true,"href":"https:\/\/proservice.com.ar\/index.php\/wp-json\/wp\/v2\/product_cat?post=1802"},{"taxonomy":"product_tag","embeddable":true,"href":"https:\/\/proservice.com.ar\/index.php\/wp-json\/wp\/v2\/product_tag?post=1802"}],"curies":[{"name":"wp","href":"https:\/\/api.w.org\/{rel}","templated":true}]}}