{"id":1806,"date":"2023-04-13T15:31:41","date_gmt":"2023-04-13T19:31:41","guid":{"rendered":"https:\/\/proservice.com.ar\/?post_type=product&#038;p=1806"},"modified":"2025-07-23T09:20:33","modified_gmt":"2025-07-23T12:20:33","slug":"blackmagic-design-multiview-4-hd","status":"publish","type":"product","link":"https:\/\/proservice.com.ar\/index.php\/product\/blackmagic-design-multiview-4-hd\/","title":{"rendered":"Blackmagic Design MultiView 4 HD"},"content":{"rendered":"<div class=\"title_OMS5rN7R1Z\">\n<div data-selenium=\"sellingPointsTitle\">El MultiView 4 HD es un dispositivo que te permite ver cuatro fuentes de video SDI diferentes en una sola pantalla. Con este dispositivo, puedes monitorizar simult\u00e1neamente contenidos audiovisuales en SD o HD con diferentes frecuencias de imagen. El MultiView 4 HD tiene cuatro entradas SDI 3G\/HD\/SD que admiten todos los formatos populares hasta 1080p60, y una salida SDI y una salida HDMI que muestran las cuatro fuentes en una vista cu\u00e1druple. El MMultiView 4 HD detecta autom\u00e1ticamente el tipo de se\u00f1al SDI, y tiene un reloj de sincronizaci\u00f3n que asegura una salida estable. Tambi\u00e9n puedes personalizar la vista cu\u00e1druple con etiquetas personalizadas y medidores de audio. El MultiView 4 HD es un dispositivo ideal para supervisar m\u00faltiples fuentes de video en transmisiones, producciones en vivo o carteles digitales.<\/div>\n<div data-selenium=\"sellingPointsTitle\"><\/div>\n<div class=\"text_TAw0W35QK_ comfy_TAw0W35QK_ sizeTitle4_TAw0W35QK_ weightBold_TAw0W35QK_ primary_i3MsQsqoe0\" data-selenium=\"sellingPointsTitle\"><strong>Caracter\u00edsticas principales:\u00a0<\/strong><\/div>\n<\/div>\n<ul class=\"list_OMS5rN7R1Z\">\n<li class=\"listItem_OMS5rN7R1Z\" data-selenium=\"sellingPointsListItem\">4 entradas SD\/HD\/3G-SDI<\/li>\n<li class=\"listItem_OMS5rN7R1Z\" data-selenium=\"sellingPointsListItem\">1 salida SDI y 1 salida HDMI<\/li>\n<li class=\"listItem_OMS5rN7R1Z\" data-selenium=\"sellingPointsListItem\">Detecci\u00f3n autom\u00e1tica de se\u00f1al<\/li>\n<li class=\"listItem_OMS5rN7R1Z\" data-selenium=\"sellingPointsListItem\">Recloqueo SDI en salida<\/li>\n<li class=\"listItem_OMS5rN7R1Z\" data-selenium=\"sellingPointsListItem\">Supervisar el soporte EDID<\/li>\n<li class=\"listItem_OMS5rN7R1Z\" data-selenium=\"sellingPointsListItem\">Mostrar etiquetas personalizadas y medici\u00f3n de audio<\/li>\n<li class=\"listItem_OMS5rN7R1Z\" data-selenium=\"sellingPointsListItem\">Carcasa met\u00e1lica compacta<\/li>\n<li class=\"listItem_OMS5rN7R1Z\" data-selenium=\"sellingPointsListItem\">Multivisor cu\u00e1druple<\/li>\n<\/ul>\n","protected":false},"excerpt":{"rendered":"<p>MULTIP3G\/04HD<\/p>\n","protected":false},"featured_media":4718,"template":"","meta":{"om_disable_all_campaigns":false},"pwb-brand":[],"product_brand":[],"product_cat":[71,57],"product_tag":[164],"class_list":{"0":"post-1806","1":"product","2":"type-product","3":"status-publish","4":"has-post-thumbnail","6":"product_cat-blackmagic-design","7":"product_cat-converter","8":"product_tag-hdl-multip3g-04hd","10":"first","11":"outofstock","12":"shipping-taxable","13":"purchasable","14":"product-type-simple"},"aioseo_notices":[],"jetpack_sharing_enabled":true,"brands":[],"_links":{"self":[{"href":"https:\/\/proservice.com.ar\/index.php\/wp-json\/wp\/v2\/product\/1806","targetHints":{"allow":["GET"]}}],"collection":[{"href":"https:\/\/proservice.com.ar\/index.php\/wp-json\/wp\/v2\/product"}],"about":[{"href":"https:\/\/proservice.com.ar\/index.php\/wp-json\/wp\/v2\/types\/product"}],"wp:featuredmedia":[{"embeddable":true,"href":"https:\/\/proservice.com.ar\/index.php\/wp-json\/wp\/v2\/media\/4718"}],"wp:attachment":[{"href":"https:\/\/proservice.com.ar\/index.php\/wp-json\/wp\/v2\/media?parent=1806"}],"wp:term":[{"taxonomy":"pwb-brand","embeddable":true,"href":"https:\/\/proservice.com.ar\/index.php\/wp-json\/wp\/v2\/pwb-brand?post=1806"},{"taxonomy":"product_brand","embeddable":true,"href":"https:\/\/proservice.com.ar\/index.php\/wp-json\/wp\/v2\/product_brand?post=1806"},{"taxonomy":"product_cat","embeddable":true,"href":"https:\/\/proservice.com.ar\/index.php\/wp-json\/wp\/v2\/product_cat?post=1806"},{"taxonomy":"product_tag","embeddable":true,"href":"https:\/\/proservice.com.ar\/index.php\/wp-json\/wp\/v2\/product_tag?post=1806"}],"curies":[{"name":"wp","href":"https:\/\/api.w.org\/{rel}","templated":true}]}}