{"id":1810,"date":"2023-04-13T15:34:15","date_gmt":"2023-04-13T19:34:15","guid":{"rendered":"https:\/\/proservice.com.ar\/?post_type=product&#038;p=1810"},"modified":"2025-05-12T14:19:22","modified_gmt":"2025-05-12T17:19:22","slug":"blackmagic-design-mini-converter-audio-to-sdi-4k","status":"publish","type":"product","link":"https:\/\/proservice.com.ar\/index.php\/product\/blackmagic-design-mini-converter-audio-to-sdi-4k\/","title":{"rendered":"Blackmagic Design Mini Converter Audio to SDI 4K"},"content":{"rendered":"<div class=\"title_OMS5rN7R1Z\">\n<div data-selenium=\"sellingPointsTitle\">El Mini Converter Audio to SDI 4K es un dispositivo que te permite integrar audio anal\u00f3gico o digital en una se\u00f1al de video SDI con una resoluci\u00f3n m\u00e1xima de 1080p60.<\/div>\n<div data-selenium=\"sellingPointsTitle\">Con este dispositivo, puedes conectar hasta cuatro canales de audio anal\u00f3gico balanceado o hasta ocho canales de audio digital AES\/EBU mediante cuatro conectores de 0.25 pulgadas.<\/div>\n<div data-selenium=\"sellingPointsTitle\">El Mini Converter Audio to SDI 4K tiene una entrada SDI redundante que se activa autom\u00e1ticamente en caso de que la entrada principal falle, y una salida SDI que env\u00eda la se\u00f1al de video con el audio integrado. El Mini Converter Audio to SDI 4K es compatible con los formatos SD, HD y 3G-SDI, y detecta autom\u00e1ticamente el tipo de se\u00f1al. Tambi\u00e9n puedes actualizar y configurar el dispositivo mediante un puerto USB y un software descargable. El Mini Converter Audio to SDI 4K es un dispositivo ideal para integrar audio en tus producciones en vivo, streaming o grabaciones<\/div>\n<div data-selenium=\"sellingPointsTitle\"><\/div>\n<div class=\"text_TAw0W35QK_ comfy_TAw0W35QK_ sizeTitle4_TAw0W35QK_ weightBold_TAw0W35QK_ primary_i3MsQsqoe0\" data-selenium=\"sellingPointsTitle\"><strong>Caracter\u00edsticas principales:\u00a0<\/strong><\/div>\n<\/div>\n<ul class=\"list_OMS5rN7R1Z\">\n<li class=\"listItem_OMS5rN7R1Z\" data-selenium=\"sellingPointsListItem\">Incorpora audio en la se\u00f1al SDI<\/li>\n<li class=\"listItem_OMS5rN7R1Z\" data-selenium=\"sellingPointsListItem\">Entrada 6G-SDI de enlace \u00fanico<\/li>\n<li class=\"listItem_OMS5rN7R1Z\" data-selenium=\"sellingPointsListItem\">Admite se\u00f1ales SD, HD, UHD 4K y DCI 4K<\/li>\n<li class=\"listItem_OMS5rN7R1Z\" data-selenium=\"sellingPointsListItem\">Detecci\u00f3n autom\u00e1tica de se\u00f1al de entrada<\/li>\n<li class=\"listItem_OMS5rN7R1Z\" data-selenium=\"sellingPointsListItem\">Entrada SDI redundante<\/li>\n<li class=\"listItem_OMS5rN7R1Z\" data-selenium=\"sellingPointsListItem\">4 conectores de audio de 1\/4&#8243;<\/li>\n<li class=\"listItem_OMS5rN7R1Z\" data-selenium=\"sellingPointsListItem\">4 canales de audio anal\u00f3gicos u 8 AES\/EBU<\/li>\n<li class=\"listItem_OMS5rN7R1Z\" data-selenium=\"sellingPointsListItem\">Audio de 24 bits y 48 kHz<\/li>\n<li class=\"listItem_OMS5rN7R1Z\" data-selenium=\"sellingPointsListItem\">Control mediante interruptores DIP o software<\/li>\n<\/ul>\n","protected":false},"excerpt":{"rendered":"<p>CONVMCAUDS4K<\/p>\n","protected":false},"featured_media":4721,"template":"","meta":{"om_disable_all_campaigns":false},"pwb-brand":[],"product_brand":[],"product_cat":[71,57],"product_tag":[165],"class_list":{"0":"post-1810","1":"product","2":"type-product","3":"status-publish","4":"has-post-thumbnail","6":"product_cat-blackmagic-design","7":"product_cat-converter","8":"product_tag-convmcauds4k","10":"first","11":"onbackorder","12":"shipping-taxable","13":"product-type-simple"},"aioseo_notices":[],"jetpack_sharing_enabled":true,"brands":[],"_links":{"self":[{"href":"https:\/\/proservice.com.ar\/index.php\/wp-json\/wp\/v2\/product\/1810","targetHints":{"allow":["GET"]}}],"collection":[{"href":"https:\/\/proservice.com.ar\/index.php\/wp-json\/wp\/v2\/product"}],"about":[{"href":"https:\/\/proservice.com.ar\/index.php\/wp-json\/wp\/v2\/types\/product"}],"wp:featuredmedia":[{"embeddable":true,"href":"https:\/\/proservice.com.ar\/index.php\/wp-json\/wp\/v2\/media\/4721"}],"wp:attachment":[{"href":"https:\/\/proservice.com.ar\/index.php\/wp-json\/wp\/v2\/media?parent=1810"}],"wp:term":[{"taxonomy":"pwb-brand","embeddable":true,"href":"https:\/\/proservice.com.ar\/index.php\/wp-json\/wp\/v2\/pwb-brand?post=1810"},{"taxonomy":"product_brand","embeddable":true,"href":"https:\/\/proservice.com.ar\/index.php\/wp-json\/wp\/v2\/product_brand?post=1810"},{"taxonomy":"product_cat","embeddable":true,"href":"https:\/\/proservice.com.ar\/index.php\/wp-json\/wp\/v2\/product_cat?post=1810"},{"taxonomy":"product_tag","embeddable":true,"href":"https:\/\/proservice.com.ar\/index.php\/wp-json\/wp\/v2\/product_tag?post=1810"}],"curies":[{"name":"wp","href":"https:\/\/api.w.org\/{rel}","templated":true}]}}