{"id":1817,"date":"2023-04-13T15:41:58","date_gmt":"2023-04-13T19:41:58","guid":{"rendered":"https:\/\/proservice.com.ar\/?post_type=product&#038;p=1817"},"modified":"2025-08-27T16:36:25","modified_gmt":"2025-08-27T19:36:25","slug":"blackmagic-design-mini-converter-sdi-distribution-4k","status":"publish","type":"product","link":"https:\/\/proservice.com.ar\/index.php\/product\/blackmagic-design-mini-converter-sdi-distribution-4k\/","title":{"rendered":"Blackmagic Design Mini Converter SDI Distribution 4K"},"content":{"rendered":"<div class=\"title_OMS5rN7R1Z\">\n<div data-selenium=\"sellingPointsTitle\">El Mini Converter SDI Distribution 4K es un dispositivo que te permite distribuir una se\u00f1al SDI a ocho dispositivos SDI simult\u00e1neamente, con soporte para se\u00f1ales de hasta 4K60. El dispositivo detecta autom\u00e1ticamente el tipo de se\u00f1al de entrada, la relojea y sus ocho salidas se ajustan autom\u00e1ticamente al formato de video SDI de entrada. El Mini Converter SDI Distribution 4K\u00a0 es compatible con las se\u00f1ales SDI relacionadas con la transmisi\u00f3n, incluyendo el audio embebido, los datos auxiliares y la velocidad de transmisi\u00f3n de 6 Gb\/s que admite formatos de video de hasta 2160p y 2K progresivo. Tambi\u00e9n admite se\u00f1ales ASI, que son se\u00f1ales as\u00edncronas que llevan m\u00faltiples programas comprimidos que pueden tener velocidades de transmisi\u00f3n variables.<\/div>\n<div data-selenium=\"sellingPointsTitle\"><\/div>\n<div class=\"text_TAw0W35QK_ comfy_TAw0W35QK_ sizeTitle4_TAw0W35QK_ weightBold_TAw0W35QK_ primary_i3MsQsqoe0\" data-selenium=\"sellingPointsTitle\"><strong>Caracter\u00edsticas principales:\u00a0<\/strong><\/div>\n<\/div>\n<ul class=\"list_OMS5rN7R1Z\">\n<li class=\"listItem_OMS5rN7R1Z\" data-selenium=\"sellingPointsListItem\">Entrada SD\/HD\/3G\/6G-SDI de enlace \u00fanico<\/li>\n<li class=\"listItem_OMS5rN7R1Z\" data-selenium=\"sellingPointsListItem\">8 salidas SD\/HD\/3G\/6G-SDI de enlace \u00fanico<\/li>\n<li class=\"listItem_OMS5rN7R1Z\" data-selenium=\"sellingPointsListItem\">Salidas recronometradas<\/li>\n<li class=\"listItem_OMS5rN7R1Z\" data-selenium=\"sellingPointsListItem\">Admite se\u00f1ales SD, HD, UHD 4K y DCI 4K<\/li>\n<li class=\"listItem_OMS5rN7R1Z\" data-selenium=\"sellingPointsListItem\">Detecci\u00f3n autom\u00e1tica de se\u00f1al de entrada<\/li>\n<li class=\"listItem_OMS5rN7R1Z\" data-selenium=\"sellingPointsListItem\">Datos auxiliares y audio integrado<\/li>\n<li class=\"listItem_OMS5rN7R1Z\" data-selenium=\"sellingPointsListItem\">Soporta se\u00f1ales ASI<\/li>\n<li class=\"listItem_OMS5rN7R1Z\" data-selenium=\"sellingPointsListItem\">Control mediante interruptores DIP o software<\/li>\n<li class=\"listItem_OMS5rN7R1Z\" data-selenium=\"sellingPointsListItem\">Puerto USB 2.0 para actualizaciones de firmware<\/li>\n<\/ul>\n","protected":false},"excerpt":{"rendered":"<p>CONVMSDIDA4K<\/p>\n","protected":false},"featured_media":4729,"template":"","meta":{"om_disable_all_campaigns":false},"pwb-brand":[],"product_brand":[],"product_cat":[71,57],"product_tag":[167],"class_list":{"0":"post-1817","1":"product","2":"type-product","3":"status-publish","4":"has-post-thumbnail","6":"product_cat-blackmagic-design","7":"product_cat-converter","8":"product_tag-convmsdida4k","10":"first","11":"instock","12":"sale","13":"shipping-taxable","14":"purchasable","15":"product-type-simple"},"aioseo_notices":[],"jetpack_sharing_enabled":true,"brands":[],"_links":{"self":[{"href":"https:\/\/proservice.com.ar\/index.php\/wp-json\/wp\/v2\/product\/1817","targetHints":{"allow":["GET"]}}],"collection":[{"href":"https:\/\/proservice.com.ar\/index.php\/wp-json\/wp\/v2\/product"}],"about":[{"href":"https:\/\/proservice.com.ar\/index.php\/wp-json\/wp\/v2\/types\/product"}],"wp:featuredmedia":[{"embeddable":true,"href":"https:\/\/proservice.com.ar\/index.php\/wp-json\/wp\/v2\/media\/4729"}],"wp:attachment":[{"href":"https:\/\/proservice.com.ar\/index.php\/wp-json\/wp\/v2\/media?parent=1817"}],"wp:term":[{"taxonomy":"pwb-brand","embeddable":true,"href":"https:\/\/proservice.com.ar\/index.php\/wp-json\/wp\/v2\/pwb-brand?post=1817"},{"taxonomy":"product_brand","embeddable":true,"href":"https:\/\/proservice.com.ar\/index.php\/wp-json\/wp\/v2\/product_brand?post=1817"},{"taxonomy":"product_cat","embeddable":true,"href":"https:\/\/proservice.com.ar\/index.php\/wp-json\/wp\/v2\/product_cat?post=1817"},{"taxonomy":"product_tag","embeddable":true,"href":"https:\/\/proservice.com.ar\/index.php\/wp-json\/wp\/v2\/product_tag?post=1817"}],"curies":[{"name":"wp","href":"https:\/\/api.w.org\/{rel}","templated":true}]}}