{"id":1820,"date":"2023-04-13T15:43:47","date_gmt":"2023-04-13T19:43:47","guid":{"rendered":"https:\/\/proservice.com.ar\/?post_type=product&#038;p=1820"},"modified":"2026-05-04T13:58:06","modified_gmt":"2026-05-04T16:58:06","slug":"blackmagic-design-audio-to-sdi-mini-converter","status":"publish","type":"product","link":"https:\/\/proservice.com.ar\/index.php\/product\/blackmagic-design-audio-to-sdi-mini-converter\/","title":{"rendered":"Blackmagic Design Mini Converter Audio to SDI"},"content":{"rendered":"<div class=\"title_OMS5rN7R1Z\">\n<div data-selenium=\"sellingPointsTitle\">El Mini Converter Audio to SDI es un dispositivo que te permite integrar audio anal\u00f3gico o digital en una se\u00f1al de video SDI con una resoluci\u00f3n m\u00e1xima de 1080p60. Con este convertidor, puedes conectar hasta cuatro canales de audio anal\u00f3gico balanceado o hasta ocho canales de audio digital AES\/EBU mediante cuatro conectores de 0.25 pulgadas. El Mini Converter Audio to SDI tiene una entrada SDI redundante que se activa autom\u00e1ticamente en caso de que la entrada principal falle, y una salida SDI que env\u00eda la se\u00f1al de video con el audio integrado. El Mini Converter Audio to SDI es compatible con los formatos SD, HD y 3G-SDI, y detecta autom\u00e1ticamente el tipo de se\u00f1al. Tambi\u00e9n puedes actualizar y configurar el dispositivo mediante un puerto USB y un software descargable. El Mini Converter Audio to SDI es un dispositivo ideal para integrar audio en tus producciones en vivo, streaming o grabaciones<\/div>\n<div data-selenium=\"sellingPointsTitle\"><\/div>\n<div class=\"text_TAw0W35QK_ comfy_TAw0W35QK_ sizeTitle4_TAw0W35QK_ weightBold_TAw0W35QK_ primary_i3MsQsqoe0\" data-selenium=\"sellingPointsTitle\"><strong>Caracter\u00edsticas principales:\u00a0<\/strong><\/div>\n<\/div>\n<ul class=\"list_OMS5rN7R1Z\">\n<li class=\"listItem_OMS5rN7R1Z\" data-selenium=\"sellingPointsListItem\">Incruste audio en se\u00f1ales SDI de hasta 1080p<\/li>\n<li class=\"listItem_OMS5rN7R1Z\" data-selenium=\"sellingPointsListItem\">Cuatro conectores de entrada de audio de 1\/4&#8243;<\/li>\n<li class=\"listItem_OMS5rN7R1Z\" data-selenium=\"sellingPointsListItem\">Admite 4 canales de audio anal\u00f3gico<\/li>\n<li class=\"listItem_OMS5rN7R1Z\" data-selenium=\"sellingPointsListItem\">Admite 8 canales de audio AES\/EBU<\/li>\n<li class=\"listItem_OMS5rN7R1Z\" data-selenium=\"sellingPointsListItem\">Entrada de respaldo SDI redundante<\/li>\n<\/ul>\n","protected":false},"excerpt":{"rendered":"<p>CONVMCAUDS2<\/p>\n","protected":false},"featured_media":4527,"template":"","meta":{"om_disable_all_campaigns":false},"pwb-brand":[],"product_brand":[],"product_cat":[71,57],"product_tag":[478],"class_list":{"0":"post-1820","1":"product","2":"type-product","3":"status-publish","4":"has-post-thumbnail","6":"product_cat-blackmagic-design","7":"product_cat-converter","8":"product_tag-convmcauds2","10":"first","11":"instock","12":"shipping-taxable","13":"product-type-simple"},"aioseo_notices":[],"jetpack_sharing_enabled":true,"brands":[],"_links":{"self":[{"href":"https:\/\/proservice.com.ar\/index.php\/wp-json\/wp\/v2\/product\/1820","targetHints":{"allow":["GET"]}}],"collection":[{"href":"https:\/\/proservice.com.ar\/index.php\/wp-json\/wp\/v2\/product"}],"about":[{"href":"https:\/\/proservice.com.ar\/index.php\/wp-json\/wp\/v2\/types\/product"}],"wp:featuredmedia":[{"embeddable":true,"href":"https:\/\/proservice.com.ar\/index.php\/wp-json\/wp\/v2\/media\/4527"}],"wp:attachment":[{"href":"https:\/\/proservice.com.ar\/index.php\/wp-json\/wp\/v2\/media?parent=1820"}],"wp:term":[{"taxonomy":"pwb-brand","embeddable":true,"href":"https:\/\/proservice.com.ar\/index.php\/wp-json\/wp\/v2\/pwb-brand?post=1820"},{"taxonomy":"product_brand","embeddable":true,"href":"https:\/\/proservice.com.ar\/index.php\/wp-json\/wp\/v2\/product_brand?post=1820"},{"taxonomy":"product_cat","embeddable":true,"href":"https:\/\/proservice.com.ar\/index.php\/wp-json\/wp\/v2\/product_cat?post=1820"},{"taxonomy":"product_tag","embeddable":true,"href":"https:\/\/proservice.com.ar\/index.php\/wp-json\/wp\/v2\/product_tag?post=1820"}],"curies":[{"name":"wp","href":"https:\/\/api.w.org\/{rel}","templated":true}]}}