{"id":1824,"date":"2023-04-13T15:45:49","date_gmt":"2023-04-13T19:45:49","guid":{"rendered":"https:\/\/proservice.com.ar\/?post_type=product&#038;p=1824"},"modified":"2026-04-14T14:00:41","modified_gmt":"2026-04-14T17:00:41","slug":"blackmagic-design-sdi-to-audio-mini-converter","status":"publish","type":"product","link":"https:\/\/proservice.com.ar\/index.php\/product\/blackmagic-design-sdi-to-audio-mini-converter\/","title":{"rendered":"Blackmagic Design Mini Converter SDI to Audio"},"content":{"rendered":"<div class=\"title_OMS5rN7R1Z\">\n<div data-selenium=\"sellingPointsTitle\">El Mini Converter SDI to Audio es un dispositivo que te permite extraer el audio anal\u00f3gico o digital de una se\u00f1al de video SDI. Con este convertidor, puedes conectar hasta cuatro canales de audio anal\u00f3gico balanceado o hasta ocho canales de audio digital AES\/EBU a equipos de audio como mezcladores, grabadoras o monitores. El Mini Converter SDI to Audio tiene una entrada SDI redundante que se activa autom\u00e1ticamente en caso de que la entrada principal falle, y una salida SDI que env\u00eda la se\u00f1al de video con el audio extra\u00eddo. El Mini Converter SDI to Audio es compatible con los formatos SD, HD y 3G-SDI, y detecta autom\u00e1ticamente el tipo de se\u00f1al. Tambi\u00e9n puedes actualizar y configurar el dispositivo mediante un puerto USB y un software descargable. El Mini Converter SDI to Audio es un dispositivo ideal para extraer audio en tus producciones en vivo, streaming o grabaciones.<\/div>\n<div data-selenium=\"sellingPointsTitle\"><\/div>\n<div class=\"text_TAw0W35QK_ comfy_TAw0W35QK_ sizeTitle4_TAw0W35QK_ weightBold_TAw0W35QK_ primary_i3MsQsqoe0\" data-selenium=\"sellingPointsTitle\"><strong>Caracter\u00edsticas principales:\u00a0<\/strong><\/div>\n<\/div>\n<ul class=\"list_OMS5rN7R1Z\">\n<li class=\"listItem_OMS5rN7R1Z\" data-selenium=\"sellingPointsListItem\">Cambio autom\u00e1tico de SD\/HD<\/li>\n<li class=\"listItem_OMS5rN7R1Z\" data-selenium=\"sellingPointsListItem\">Tecnolog\u00eda de 3GB\/s<\/li>\n<\/ul>\n","protected":false},"excerpt":{"rendered":"<p>CONVMCSAUD<\/p>\n","protected":false},"featured_media":4531,"template":"","meta":{"om_disable_all_campaigns":false},"pwb-brand":[],"product_brand":[],"product_cat":[71,57],"product_tag":[168],"class_list":{"0":"post-1824","1":"product","2":"type-product","3":"status-publish","4":"has-post-thumbnail","6":"product_cat-blackmagic-design","7":"product_cat-converter","8":"product_tag-convmcsaud","10":"first","11":"instock","12":"shipping-taxable","13":"purchasable","14":"product-type-simple"},"aioseo_notices":[],"jetpack_sharing_enabled":true,"brands":[],"_links":{"self":[{"href":"https:\/\/proservice.com.ar\/index.php\/wp-json\/wp\/v2\/product\/1824","targetHints":{"allow":["GET"]}}],"collection":[{"href":"https:\/\/proservice.com.ar\/index.php\/wp-json\/wp\/v2\/product"}],"about":[{"href":"https:\/\/proservice.com.ar\/index.php\/wp-json\/wp\/v2\/types\/product"}],"wp:featuredmedia":[{"embeddable":true,"href":"https:\/\/proservice.com.ar\/index.php\/wp-json\/wp\/v2\/media\/4531"}],"wp:attachment":[{"href":"https:\/\/proservice.com.ar\/index.php\/wp-json\/wp\/v2\/media?parent=1824"}],"wp:term":[{"taxonomy":"pwb-brand","embeddable":true,"href":"https:\/\/proservice.com.ar\/index.php\/wp-json\/wp\/v2\/pwb-brand?post=1824"},{"taxonomy":"product_brand","embeddable":true,"href":"https:\/\/proservice.com.ar\/index.php\/wp-json\/wp\/v2\/product_brand?post=1824"},{"taxonomy":"product_cat","embeddable":true,"href":"https:\/\/proservice.com.ar\/index.php\/wp-json\/wp\/v2\/product_cat?post=1824"},{"taxonomy":"product_tag","embeddable":true,"href":"https:\/\/proservice.com.ar\/index.php\/wp-json\/wp\/v2\/product_tag?post=1824"}],"curies":[{"name":"wp","href":"https:\/\/api.w.org\/{rel}","templated":true}]}}