{"id":1828,"date":"2023-04-13T15:47:53","date_gmt":"2023-04-13T19:47:53","guid":{"rendered":"https:\/\/proservice.com.ar\/?post_type=product&#038;p=1828"},"modified":"2025-11-28T14:38:52","modified_gmt":"2025-11-28T17:38:52","slug":"blackmagic-design-mini-converter-optical-fiber-12g-sdi","status":"publish","type":"product","link":"https:\/\/proservice.com.ar\/index.php\/product\/blackmagic-design-mini-converter-optical-fiber-12g-sdi\/","title":{"rendered":"Blackmagic Design Mini Converter Optical Fiber 12G-SDI"},"content":{"rendered":"<div class=\"title_OMS5rN7R1Z\">\n<div data-selenium=\"sellingPointsTitle\">El Mini Converter Optical Fiber 12G es un dispositivo que te permite convertir la se\u00f1al SDI a fibra \u00f3ptica y viceversa, en ambas direcciones al mismo tiempo, con soporte para se\u00f1ales de hasta 4K60. Con este convertidor, puedes conectar hasta ocho fuentes SDI, como c\u00e1maras, grabadoras o computadoras, y usar cables de fibra \u00f3ptica para transmitir la se\u00f1al a largas distancias. El Mini Converter Optical Fiber 12G tiene una entrada y una salida SDI de 12G\/HD\/SD, y un conector SFP para el m\u00f3dulo de fibra \u00f3ptica (se vende por separado). El Mini Converter Optical Fiber 12G12G detecta autom\u00e1ticamente el tipo de se\u00f1al SDI, y soporta audio embebido de 16 canales. Tambi\u00e9n puedes actualizar y configurar el dispositivo mediante un puerto USB y un software descargable. El Mini Converter Optical Fiber 12G 12G es un dispositivo ideal para integrar la fibra \u00f3ptica en tus producciones en vivo, streaming o grabaciones.<\/div>\n<div data-selenium=\"sellingPointsTitle\"><\/div>\n<div class=\"text_TAw0W35QK_ comfy_TAw0W35QK_ sizeTitle4_TAw0W35QK_ weightBold_TAw0W35QK_ primary_i3MsQsqoe0\" data-selenium=\"sellingPointsTitle\"><strong>Caracter\u00edsticas principales:\u00a0<\/strong><\/div>\n<\/div>\n<ul class=\"list_OMS5rN7R1Z\">\n<li class=\"listItem_OMS5rN7R1Z\" data-selenium=\"sellingPointsListItem\">Convierte 12G\/6G\/3G-SDI en fibra \u00f3ptica<\/li>\n<li class=\"listItem_OMS5rN7R1Z\" data-selenium=\"sellingPointsListItem\">Admite se\u00f1ales hasta DCI 4K25<\/li>\n<li class=\"listItem_OMS5rN7R1Z\" data-selenium=\"sellingPointsListItem\">Capacidad bidireccional de m\u00faltiples velocidades<\/li>\n<li class=\"listItem_OMS5rN7R1Z\" data-selenium=\"sellingPointsListItem\">Requiere m\u00f3dulo \u00f3ptico SFP separado<\/li>\n<li class=\"listItem_OMS5rN7R1Z\" data-selenium=\"sellingPointsListItem\">Detecci\u00f3n autom\u00e1tica de se\u00f1al de entrada<\/li>\n<li class=\"listItem_OMS5rN7R1Z\" data-selenium=\"sellingPointsListItem\">Soporte de audio integrado de 16 canales<\/li>\n<li class=\"listItem_OMS5rN7R1Z\" data-selenium=\"sellingPointsListItem\">Interruptores de funci\u00f3n diagramados<\/li>\n<li class=\"listItem_OMS5rN7R1Z\" data-selenium=\"sellingPointsListItem\">Actualizaci\u00f3n a trav\u00e9s del software Converter Utility<\/li>\n<li class=\"listItem_OMS5rN7R1Z\" data-selenium=\"sellingPointsListItem\">Bloqueo, fuente de alimentaci\u00f3n universal<\/li>\n<li class=\"listItem_OMS5rN7R1Z\" data-selenium=\"sellingPointsListItem\">Carcasa met\u00e1lica compact<\/li>\n<\/ul>\n","protected":false},"excerpt":{"rendered":"<p>CONVMOF12G<\/p>\n","protected":false},"featured_media":4535,"template":"","meta":{"om_disable_all_campaigns":false},"pwb-brand":[],"product_brand":[],"product_cat":[71,57],"product_tag":[169],"class_list":{"0":"post-1828","1":"product","2":"type-product","3":"status-publish","4":"has-post-thumbnail","6":"product_cat-blackmagic-design","7":"product_cat-converter","8":"product_tag-convmof12g","10":"first","11":"instock","12":"sale","13":"shipping-taxable","14":"purchasable","15":"product-type-simple"},"aioseo_notices":[],"jetpack_sharing_enabled":true,"brands":[],"_links":{"self":[{"href":"https:\/\/proservice.com.ar\/index.php\/wp-json\/wp\/v2\/product\/1828","targetHints":{"allow":["GET"]}}],"collection":[{"href":"https:\/\/proservice.com.ar\/index.php\/wp-json\/wp\/v2\/product"}],"about":[{"href":"https:\/\/proservice.com.ar\/index.php\/wp-json\/wp\/v2\/types\/product"}],"wp:featuredmedia":[{"embeddable":true,"href":"https:\/\/proservice.com.ar\/index.php\/wp-json\/wp\/v2\/media\/4535"}],"wp:attachment":[{"href":"https:\/\/proservice.com.ar\/index.php\/wp-json\/wp\/v2\/media?parent=1828"}],"wp:term":[{"taxonomy":"pwb-brand","embeddable":true,"href":"https:\/\/proservice.com.ar\/index.php\/wp-json\/wp\/v2\/pwb-brand?post=1828"},{"taxonomy":"product_brand","embeddable":true,"href":"https:\/\/proservice.com.ar\/index.php\/wp-json\/wp\/v2\/product_brand?post=1828"},{"taxonomy":"product_cat","embeddable":true,"href":"https:\/\/proservice.com.ar\/index.php\/wp-json\/wp\/v2\/product_cat?post=1828"},{"taxonomy":"product_tag","embeddable":true,"href":"https:\/\/proservice.com.ar\/index.php\/wp-json\/wp\/v2\/product_tag?post=1828"}],"curies":[{"name":"wp","href":"https:\/\/api.w.org\/{rel}","templated":true}]}}