{"id":1832,"date":"2024-12-17T15:50:17","date_gmt":"2024-12-17T18:50:17","guid":{"rendered":"https:\/\/proservice.com.ar\/?post_type=product&#038;p=1832"},"modified":"2026-04-01T11:19:10","modified_gmt":"2026-04-01T14:19:10","slug":"blackmagic-design-pocket-cinema-camera-6k-g2","status":"publish","type":"product","link":"https:\/\/proservice.com.ar\/index.php\/product\/blackmagic-design-pocket-cinema-camera-6k-g2\/","title":{"rendered":"Blackmagic Design Pocket Cinema Camera 6K G2"},"content":{"rendered":"<div class=\"title_OMS5rN7R1Z\">\n<div data-selenium=\"sellingPointsTitle\">La Pocket Cinema Camera 6K G2 es una c\u00e1mara de cine compacta que te permite grabar video en 6K con un sensor Super 35. Con esta c\u00e1mara, puedes capturar im\u00e1genes de alta calidad con un amplio rango din\u00e1mico y un gran control sobre el color. La c\u00e1mara tiene una pantalla t\u00e1ctil de 5 pulgadas que te permite ajustar los par\u00e1metros y ver el encuadre. Tambi\u00e9n tiene entradas de audio mini-XLR, una salida HDMI, un puerto USB-C y un puerto Ethernet para transmitir en vivo. La c\u00e1mara usa una bater\u00eda NP-F570 y tiene una ranura para tarjetas SD o CFast 2.0. La c\u00e1mara viene con una licencia de DaVinci Resolve Studio, un software de edici\u00f3n y correcci\u00f3n de color profesional. El Pocket Cinema Camera 6K G2 es una c\u00e1mara ideal para los amantes del cine y la fotograf\u00eda que quieren crear contenidos de alta calidad con facilidad.<\/div>\n<div data-selenium=\"sellingPointsTitle\"><\/div>\n<div class=\"text_TAw0W35QK_ comfy_TAw0W35QK_ sizeTitle4_TAw0W35QK_ weightBold_TAw0W35QK_ primary_i3MsQsqoe0\" data-selenium=\"sellingPointsTitle\"><strong>Caracter\u00edsticas principales:\u00a0<\/strong><\/div>\n<\/div>\n<ul class=\"list_OMS5rN7R1Z\">\n<li class=\"listItem_OMS5rN7R1Z\" data-selenium=\"sellingPointsListItem\">Sensor Super 35 HDR, ciencia del color Gen 5<\/li>\n<li class=\"listItem_OMS5rN7R1Z\" data-selenium=\"sellingPointsListItem\">Montura Canon Active EF, entradas Mini XLR<\/li>\n<li class=\"listItem_OMS5rN7R1Z\" data-selenium=\"sellingPointsListItem\">Pantalla t\u00e1ctil LCD inclinable de 5&#8243;<\/li>\n<li class=\"listItem_OMS5rN7R1Z\" data-selenium=\"sellingPointsListItem\">No tiene filtros ND internos<\/li>\n<li class=\"listItem_OMS5rN7R1Z\" data-selenium=\"sellingPointsListItem\">Graba 6K 6144 x 3456 hasta 50 fps<\/li>\n<li class=\"listItem_OMS5rN7R1Z\" data-selenium=\"sellingPointsListItem\">Graba hasta 120 fps. Ventana 2.8K\/1080p.<\/li>\n<li class=\"listItem_OMS5rN7R1Z\" data-selenium=\"sellingPointsListItem\">Ranuras para tarjetas CFast 2.0 y SD\/UHS-II<\/li>\n<li class=\"listItem_OMS5rN7R1Z\" data-selenium=\"sellingPointsListItem\">Doble Nativo 400 y 3200 ISO<\/li>\n<li class=\"listItem_OMS5rN7R1Z\" data-selenium=\"sellingPointsListItem\">Soporta EVF Pro opcional<\/li>\n<li class=\"listItem_OMS5rN7R1Z\" data-selenium=\"sellingPointsListItem\">Admite empu\u00f1adura de bater\u00eda profesional opcional<\/li>\n<\/ul>\n","protected":false},"excerpt":{"rendered":"<p>CINECAMPOCHDEF6K2\u00a0 Pocket Cinema Camera 6K G2<\/p>\n","protected":false},"featured_media":4539,"template":"","meta":{"om_disable_all_campaigns":false},"pwb-brand":[],"product_brand":[],"product_cat":[71,15,420],"product_tag":[483],"class_list":{"0":"post-1832","1":"product","2":"type-product","3":"status-publish","4":"has-post-thumbnail","6":"product_cat-blackmagic-design","7":"product_cat-camera","8":"product_cat-ofertas","9":"product_tag-cinecampochdef6k2","11":"first","12":"instock","13":"sale","14":"shipping-taxable","15":"purchasable","16":"product-type-simple"},"aioseo_notices":[],"jetpack_sharing_enabled":true,"brands":[],"_links":{"self":[{"href":"https:\/\/proservice.com.ar\/index.php\/wp-json\/wp\/v2\/product\/1832","targetHints":{"allow":["GET"]}}],"collection":[{"href":"https:\/\/proservice.com.ar\/index.php\/wp-json\/wp\/v2\/product"}],"about":[{"href":"https:\/\/proservice.com.ar\/index.php\/wp-json\/wp\/v2\/types\/product"}],"wp:featuredmedia":[{"embeddable":true,"href":"https:\/\/proservice.com.ar\/index.php\/wp-json\/wp\/v2\/media\/4539"}],"wp:attachment":[{"href":"https:\/\/proservice.com.ar\/index.php\/wp-json\/wp\/v2\/media?parent=1832"}],"wp:term":[{"taxonomy":"pwb-brand","embeddable":true,"href":"https:\/\/proservice.com.ar\/index.php\/wp-json\/wp\/v2\/pwb-brand?post=1832"},{"taxonomy":"product_brand","embeddable":true,"href":"https:\/\/proservice.com.ar\/index.php\/wp-json\/wp\/v2\/product_brand?post=1832"},{"taxonomy":"product_cat","embeddable":true,"href":"https:\/\/proservice.com.ar\/index.php\/wp-json\/wp\/v2\/product_cat?post=1832"},{"taxonomy":"product_tag","embeddable":true,"href":"https:\/\/proservice.com.ar\/index.php\/wp-json\/wp\/v2\/product_tag?post=1832"}],"curies":[{"name":"wp","href":"https:\/\/api.w.org\/{rel}","templated":true}]}}