{"id":1853,"date":"2023-04-20T15:36:43","date_gmt":"2023-04-20T19:36:43","guid":{"rendered":"https:\/\/proservice.com.ar\/?post_type=product&#038;p=1853"},"modified":"2025-06-27T12:48:58","modified_gmt":"2025-06-27T15:48:58","slug":"aida-imaging-hd-ndi-200-full-hd-ip-ndihx2-pov-camera-with-4mm-hd-lens","status":"publish","type":"product","link":"https:\/\/proservice.com.ar\/index.php\/product\/aida-imaging-hd-ndi-200-full-hd-ip-ndihx2-pov-camera-with-4mm-hd-lens\/","title":{"rendered":"AIDA Imaging HD-NDI-200 Full HD IP \/ NDI|HX2 POV Camera with 4mm HD Lens"},"content":{"rendered":"<div class=\"title_OMS5rN7R1Z\">\n<div data-selenium=\"sellingPointsTitle\">\n<p>El\u00a0AIDA HD-NDI-200\u00a0ofrece salida IP y NDI simult\u00e1nea en una forma ultracompacta para aplicaciones de transmisi\u00f3n POV en transmisi\u00f3n, educaci\u00f3n, medicina, producci\u00f3n en vivo y otros campos.<br \/>\nLa c\u00e1mara en miniatura emite IP de velocidad de cuadros variable (RTSP\/RTMP) y\/o NDI en hasta 1080p60, as\u00ed como una vista previa de video local de hasta 1080p60 a trav\u00e9s de HDMI. Las tres se\u00f1ales se pueden emitir al mismo tiempo.\u00a0Un puerto RJ45 transporta IP y NDI a trav\u00e9s de un \u00fanico cable Ethernet a un conmutador Ethernet.\u00a0La configuraci\u00f3n predeterminada es transportar solo IP, pero NDI tambi\u00e9n se puede activar en una GUI web, donde todas las dem\u00e1s configuraciones, incluidas las velocidades de cuadros variables, son asignables.\u00a0Se extrae una se\u00f1al NDI de la se\u00f1al IP y la c\u00e1mara ser\u00e1 detectable en su red NDI.<\/p>\n<\/div>\n<div class=\"text_TAw0W35QK_ comfy_TAw0W35QK_ sizeTitle4_TAw0W35QK_ weightBold_TAw0W35QK_ primary_i3MsQsqoe0\" data-selenium=\"sellingPointsTitle\"><span style=\"color: #000000\"><strong>Caracter\u00edsticas principales:\u00a0<\/strong><\/span><\/div>\n<\/div>\n<ul class=\"list_OMS5rN7R1Z\">\n<li class=\"listItem_OMS5rN7R1Z\" data-selenium=\"sellingPointsListItem\">C\u00e1mara de transmisi\u00f3n POV en miniatura<\/li>\n<li class=\"listItem_OMS5rN7R1Z\" data-selenium=\"sellingPointsListItem\">Hasta 1080p60 IP, NDI, HDMI simult\u00e1neos<\/li>\n<li class=\"listItem_OMS5rN7R1Z\" data-selenium=\"sellingPointsListItem\">Salida de vista previa de v\u00eddeo HDMI<\/li>\n<li class=\"listItem_OMS5rN7R1Z\" data-selenium=\"sellingPointsListItem\">Puerto de 3,5 mm para integraci\u00f3n de audio IP\/NDI<\/li>\n<li class=\"listItem_OMS5rN7R1Z\" data-selenium=\"sellingPointsListItem\">IP y NDI sobre una \u00fanica salida RJ45<\/li>\n<li class=\"listItem_OMS5rN7R1Z\" data-selenium=\"sellingPointsListItem\">Cable de conexi\u00f3n con alimentaci\u00f3n y RS-485<\/li>\n<li class=\"listItem_OMS5rN7R1Z\" data-selenium=\"sellingPointsListItem\">Montura de lente C\/CS<\/li>\n<li class=\"listItem_OMS5rN7R1Z\" data-selenium=\"sellingPointsListItem\">Puerto de control IRIS para lentes compatibles<\/li>\n<li class=\"listItem_OMS5rN7R1Z\" data-selenium=\"sellingPointsListItem\">Roscas de montaje superior e inferior de 1\/4&#8243;-20<\/li>\n<\/ul>\n","protected":false},"excerpt":{"rendered":"<div class=\"title_RiltKdop13\">\n<div class=\"title_RiltKdop13\">\n<pre class=\"text_TAw0W35QK_ comfy_TAw0W35QK_ sizeTitle1_TAw0W35QK_ weightNormal_TAw0W35QK_ primary_i3MsQsqoe0\" data-selenium=\"productTitle\"><\/pre>\n<\/div>\n<\/div>\n<div class=\"meta_RiltKdop13\">\n<div class=\"element_kcQ1qlyqn6\">HD-NDI-200<\/div>\n<\/div>\n","protected":false},"featured_media":3910,"template":"","meta":{"om_disable_all_campaigns":false},"pwb-brand":[],"product_brand":[],"product_cat":[70,15],"product_tag":[172],"class_list":{"0":"post-1853","1":"product","2":"type-product","3":"status-publish","4":"has-post-thumbnail","6":"product_cat-aida","7":"product_cat-camera","8":"product_tag-hd-ndi-200","10":"first","11":"onbackorder","12":"shipping-taxable","13":"product-type-simple"},"aioseo_notices":[],"jetpack_sharing_enabled":true,"brands":[],"_links":{"self":[{"href":"https:\/\/proservice.com.ar\/index.php\/wp-json\/wp\/v2\/product\/1853","targetHints":{"allow":["GET"]}}],"collection":[{"href":"https:\/\/proservice.com.ar\/index.php\/wp-json\/wp\/v2\/product"}],"about":[{"href":"https:\/\/proservice.com.ar\/index.php\/wp-json\/wp\/v2\/types\/product"}],"wp:featuredmedia":[{"embeddable":true,"href":"https:\/\/proservice.com.ar\/index.php\/wp-json\/wp\/v2\/media\/3910"}],"wp:attachment":[{"href":"https:\/\/proservice.com.ar\/index.php\/wp-json\/wp\/v2\/media?parent=1853"}],"wp:term":[{"taxonomy":"pwb-brand","embeddable":true,"href":"https:\/\/proservice.com.ar\/index.php\/wp-json\/wp\/v2\/pwb-brand?post=1853"},{"taxonomy":"product_brand","embeddable":true,"href":"https:\/\/proservice.com.ar\/index.php\/wp-json\/wp\/v2\/product_brand?post=1853"},{"taxonomy":"product_cat","embeddable":true,"href":"https:\/\/proservice.com.ar\/index.php\/wp-json\/wp\/v2\/product_cat?post=1853"},{"taxonomy":"product_tag","embeddable":true,"href":"https:\/\/proservice.com.ar\/index.php\/wp-json\/wp\/v2\/product_tag?post=1853"}],"curies":[{"name":"wp","href":"https:\/\/api.w.org\/{rel}","templated":true}]}}