{"id":1857,"date":"2023-04-20T15:39:41","date_gmt":"2023-04-20T19:39:41","guid":{"rendered":"https:\/\/proservice.com.ar\/?post_type=product&#038;p=1857"},"modified":"2026-02-10T15:21:44","modified_gmt":"2026-02-10T18:21:44","slug":"aida-imaging-full-hd-ndi-hx3-ptz-camera-with-20x-optical-zoom-black","status":"publish","type":"product","link":"https:\/\/proservice.com.ar\/index.php\/product\/aida-imaging-full-hd-ndi-hx3-ptz-camera-with-20x-optical-zoom-black\/","title":{"rendered":"AIDA Imaging Full HD NDI HX3 PTZ Camera with 20x Optical Zoom (Black)"},"content":{"rendered":"<div class=\"title_OMS5rN7R1Z\">\n<div data-selenium=\"sellingPointsTitle\">Controle las funciones de giro, inclinaci\u00f3n y zoom de su c\u00e1mara y env\u00ede video simult\u00e1neamente a trav\u00e9s de 3G-SDI, HDMI e IP con soporte NDI|HX3 utilizando esta c\u00e1mara PTZ NDI HX3 Full HD\u00a0negra con zoom \u00f3ptico de 20x de\u00a0AIDA\u00a0Imaging\u00a0.\u00a0Utilice el control remoto incluido o emplee el control serial RS-232 para tener control total sobre las funciones de la c\u00e1mara y capturar im\u00e1genes vibrantes en resoluciones de hasta 1080p, con soporte para hasta 120 fps a trav\u00e9s de HDMI y NDI|HX3 sobre IP.<\/div>\n<div data-selenium=\"sellingPointsTitle\"><\/div>\n<div class=\"text_TAw0W35QK_ comfy_TAw0W35QK_ sizeTitle4_TAw0W35QK_ weightBold_TAw0W35QK_ primary_i3MsQsqoe0\" data-selenium=\"sellingPointsTitle\"><span style=\"color: #000000\"><strong>Caracter\u00edsticas principales:\u00a0<\/strong><\/span><\/div>\n<\/div>\n<ul class=\"list_OMS5rN7R1Z\">\n<li class=\"listItem_OMS5rN7R1Z\" data-selenium=\"sellingPointsListItem\">Salidas simult\u00e1neas SDI, HDMI, NDI|HX3<\/li>\n<li class=\"listItem_OMS5rN7R1Z\" data-selenium=\"sellingPointsListItem\">Zoom \u00f3ptico de 20x<\/li>\n<li class=\"listItem_OMS5rN7R1Z\" data-selenium=\"sellingPointsListItem\">RS-232, VISCA sobre control IP<\/li>\n<li class=\"listItem_OMS5rN7R1Z\" data-selenium=\"sellingPointsListItem\">Hasta 128 preajustes a trav\u00e9s del control en serie<\/li>\n<li class=\"listItem_OMS5rN7R1Z\" data-selenium=\"sellingPointsListItem\">Controles OSD integrados<\/li>\n<li class=\"listItem_OMS5rN7R1Z\" data-selenium=\"sellingPointsListItem\">Soporte PoE<\/li>\n<\/ul>\n","protected":false},"excerpt":{"rendered":"<div class=\"title_RiltKdop13\">\n<p class=\"text_TAw0W35QK_ comfy_TAw0W35QK_ sizeTitle1_TAw0W35QK_ weightNormal_TAw0W35QK_ primary_i3MsQsqoe0\" data-selenium=\"productTitle\">PTZ-NDI3-X20B<\/p>\n<\/div>\n<div class=\"meta_RiltKdop13\">\n<div class=\"element_kcQ1qlyqn6\"><\/div>\n<\/div>\n","protected":false},"featured_media":3914,"template":"","meta":{"om_disable_all_campaigns":false},"pwb-brand":[],"product_brand":[],"product_cat":[70,15],"product_tag":[173],"class_list":{"0":"post-1857","1":"product","2":"type-product","3":"status-publish","4":"has-post-thumbnail","6":"product_cat-aida","7":"product_cat-camera","8":"product_tag-ptz-ndi3-x20b","10":"first","11":"instock","12":"shipping-taxable","13":"purchasable","14":"product-type-simple"},"aioseo_notices":[],"jetpack_sharing_enabled":true,"brands":[],"_links":{"self":[{"href":"https:\/\/proservice.com.ar\/index.php\/wp-json\/wp\/v2\/product\/1857","targetHints":{"allow":["GET"]}}],"collection":[{"href":"https:\/\/proservice.com.ar\/index.php\/wp-json\/wp\/v2\/product"}],"about":[{"href":"https:\/\/proservice.com.ar\/index.php\/wp-json\/wp\/v2\/types\/product"}],"wp:featuredmedia":[{"embeddable":true,"href":"https:\/\/proservice.com.ar\/index.php\/wp-json\/wp\/v2\/media\/3914"}],"wp:attachment":[{"href":"https:\/\/proservice.com.ar\/index.php\/wp-json\/wp\/v2\/media?parent=1857"}],"wp:term":[{"taxonomy":"pwb-brand","embeddable":true,"href":"https:\/\/proservice.com.ar\/index.php\/wp-json\/wp\/v2\/pwb-brand?post=1857"},{"taxonomy":"product_brand","embeddable":true,"href":"https:\/\/proservice.com.ar\/index.php\/wp-json\/wp\/v2\/product_brand?post=1857"},{"taxonomy":"product_cat","embeddable":true,"href":"https:\/\/proservice.com.ar\/index.php\/wp-json\/wp\/v2\/product_cat?post=1857"},{"taxonomy":"product_tag","embeddable":true,"href":"https:\/\/proservice.com.ar\/index.php\/wp-json\/wp\/v2\/product_tag?post=1857"}],"curies":[{"name":"wp","href":"https:\/\/api.w.org\/{rel}","templated":true}]}}