{"id":1895,"date":"2023-04-27T14:50:28","date_gmt":"2023-04-27T18:50:28","guid":{"rendered":"https:\/\/proservice.com.ar\/?post_type=product&#038;p=1895"},"modified":"2026-04-21T14:14:48","modified_gmt":"2026-04-21T17:14:48","slug":"blackmagic-design-atem-mini-extreme","status":"publish","type":"product","link":"https:\/\/proservice.com.ar\/index.php\/product\/blackmagic-design-atem-mini-extreme\/","title":{"rendered":"Blackmagic Design ATEM Mini Extreme"},"content":{"rendered":"<div class=\"title_OMS5rN7R1Z\">\n<div data-selenium=\"sellingPointsTitle\">El ATEM Mini Extreme es un dispositivo que te permite crear producciones en vivo de forma f\u00e1cil y profesional. Con este switcher, puedes conectar hasta ocho fuentes HDMI, como c\u00e1maras, ordenadores o consolas de juegos, y cambiar entre ellas con solo pulsar un bot\u00f3n. Tambi\u00e9n puedes transmitir tu programa en directo a trav\u00e9s de Internet usando el puerto Ethernet o el USB-C, que funciona como una c\u00e1mara web. El ATEM Mini Extreme tiene un mezclador de audio integrado, efectos de video, transiciones y un generador de croma para reemplazar el fondo verde por cualquier imagen que quieras. Tambi\u00e9n tiene una salida multivista que te muestra todas las fuentes y el programa en una sola pantalla. El ATEM Mini Extreme es un dispositivo ideal para hacer presentaciones en l\u00ednea, streaming de juegos o tutoriales.<\/div>\n<div data-selenium=\"sellingPointsTitle\"><\/div>\n<div class=\"text_TAw0W35QK_ comfy_TAw0W35QK_ sizeTitle4_TAw0W35QK_ weightBold_TAw0W35QK_ primary_i3MsQsqoe0\" data-selenium=\"sellingPointsTitle\"><strong>Caracter\u00edsticas principales:\u00a0<\/strong><\/div>\n<\/div>\n<ul class=\"list_OMS5rN7R1Z\">\n<li class=\"listItem_OMS5rN7R1Z\" data-selenium=\"sellingPointsListItem\">switcher de transmisi\u00f3n en vivo HDMI de 8 canales<\/li>\n<li class=\"listItem_OMS5rN7R1Z\" data-selenium=\"sellingPointsListItem\">Soporta hasta 1080p60<\/li>\n<li class=\"listItem_OMS5rN7R1Z\" data-selenium=\"sellingPointsListItem\">Transmisi\u00f3n RTMP a trav\u00e9s de Ethernet o USB-C<\/li>\n<li class=\"listItem_OMS5rN7R1Z\" data-selenium=\"sellingPointsListItem\">Grabar programa<\/li>\n<li class=\"listItem_OMS5rN7R1Z\" data-selenium=\"sellingPointsListItem\">Mezclador de audio de 11 entradas y 2 canales<\/li>\n<li class=\"listItem_OMS5rN7R1Z\" data-selenium=\"sellingPointsListItem\">Convertidor de formato y velocidad de fotogramas de entrada<\/li>\n<li class=\"listItem_OMS5rN7R1Z\" data-selenium=\"sellingPointsListItem\">Volver a sincronizar todas las entradas HDMI<\/li>\n<li class=\"listItem_OMS5rN7R1Z\" data-selenium=\"sellingPointsListItem\">Salida HD Multiview con hasta 16 vistas<\/li>\n<li class=\"listItem_OMS5rN7R1Z\" data-selenium=\"sellingPointsListItem\">Conmutaci\u00f3n local y de software<\/li>\n<li class=\"listItem_OMS5rN7R1Z\" data-selenium=\"sellingPointsListItem\">4 x Keyers ascendentes, 2 x Keyers descendentes<\/li>\n<\/ul>\n","protected":false},"excerpt":{"rendered":"<p>SWATEMMINICEXT<\/p>\n","protected":false},"featured_media":4552,"template":"","meta":{"om_disable_all_campaigns":false},"pwb-brand":[],"product_brand":[],"product_cat":[71,66,741],"product_tag":[184],"class_list":{"0":"post-1895","1":"product","2":"type-product","3":"status-publish","4":"has-post-thumbnail","6":"product_cat-blackmagic-design","7":"product_cat-switchers","8":"product_cat-switcher","9":"product_tag-swatemminicext","11":"first","12":"outofstock","13":"shipping-taxable","14":"purchasable","15":"product-type-simple"},"aioseo_notices":[],"jetpack_sharing_enabled":true,"brands":[],"_links":{"self":[{"href":"https:\/\/proservice.com.ar\/index.php\/wp-json\/wp\/v2\/product\/1895","targetHints":{"allow":["GET"]}}],"collection":[{"href":"https:\/\/proservice.com.ar\/index.php\/wp-json\/wp\/v2\/product"}],"about":[{"href":"https:\/\/proservice.com.ar\/index.php\/wp-json\/wp\/v2\/types\/product"}],"wp:featuredmedia":[{"embeddable":true,"href":"https:\/\/proservice.com.ar\/index.php\/wp-json\/wp\/v2\/media\/4552"}],"wp:attachment":[{"href":"https:\/\/proservice.com.ar\/index.php\/wp-json\/wp\/v2\/media?parent=1895"}],"wp:term":[{"taxonomy":"pwb-brand","embeddable":true,"href":"https:\/\/proservice.com.ar\/index.php\/wp-json\/wp\/v2\/pwb-brand?post=1895"},{"taxonomy":"product_brand","embeddable":true,"href":"https:\/\/proservice.com.ar\/index.php\/wp-json\/wp\/v2\/product_brand?post=1895"},{"taxonomy":"product_cat","embeddable":true,"href":"https:\/\/proservice.com.ar\/index.php\/wp-json\/wp\/v2\/product_cat?post=1895"},{"taxonomy":"product_tag","embeddable":true,"href":"https:\/\/proservice.com.ar\/index.php\/wp-json\/wp\/v2\/product_tag?post=1895"}],"curies":[{"name":"wp","href":"https:\/\/api.w.org\/{rel}","templated":true}]}}