{"id":1899,"date":"2023-04-27T14:53:25","date_gmt":"2023-04-27T18:53:25","guid":{"rendered":"https:\/\/proservice.com.ar\/?post_type=product&#038;p=1899"},"modified":"2026-04-05T15:44:43","modified_gmt":"2026-04-05T18:44:43","slug":"conmutador-de-transmision-en-vivo-blackmagic-design-atem-mini-pro-hdmi","status":"publish","type":"product","link":"https:\/\/proservice.com.ar\/index.php\/product\/conmutador-de-transmision-en-vivo-blackmagic-design-atem-mini-pro-hdmi\/","title":{"rendered":"ATEM Mini Pro HDMI de Blackmagic Design"},"content":{"rendered":"<div data-selenium=\"sellingPointsTitle\">El ATEM Mini Pro es un dispositivo que te permite crear producciones en vivo de forma f\u00e1cil y profesional. Con este switcher, puedes conectar hasta cuatro fuentes HDMI, como c\u00e1maras, ordenadores o consolas de juegos, y cambiar entre ellas con solo pulsar un bot\u00f3n. Tambi\u00e9n puedes transmitir tu programa en directo a trav\u00e9s de Internet usando el puerto Ethernet o el USB-C, que funciona como una c\u00e1mara web. El ATEM Mini Pro tiene un mezclador de audio integrado, efectos de video, transiciones y un generador de croma para reemplazar el fondo verde por cualquier imagen que quieras. Tambi\u00e9n tiene una pantalla LCD que te muestra el estado de la transmisi\u00f3n y la grabaci\u00f3n, y botones dedicados para iniciar y detener estas funciones. El ATEM Mini Pro es un dispositivo ideal para hacer presentaciones en l\u00ednea, streaming de juegos o tutoriales.<\/div>\n<div data-selenium=\"sellingPointsTitle\"><\/div>\n<div class=\"title_OMS5rN7R1Z\">\n<div class=\"text_TAw0W35QK_ comfy_TAw0W35QK_ sizeTitle4_TAw0W35QK_ weightBold_TAw0W35QK_ primary_i3MsQsqoe0\" data-selenium=\"sellingPointsTitle\"><strong>Caracter\u00edsticas principales:\u00a0<\/strong><\/div>\n<\/div>\n<ul class=\"list_OMS5rN7R1Z\">\n<li class=\"listItem_OMS5rN7R1Z\" data-selenium=\"sellingPointsListItem\">Switcher HDMI de transmisi\u00f3n en vivo de 4 canales<\/li>\n<li class=\"listItem_OMS5rN7R1Z\" data-selenium=\"sellingPointsListItem\">Controle hasta cuatro c\u00e1maras BMPCC 6K\/4K<\/li>\n<li class=\"listItem_OMS5rN7R1Z\" data-selenium=\"sellingPointsListItem\">Conteo en vivo, transmisi\u00f3n y estado de registro<\/li>\n<li class=\"listItem_OMS5rN7R1Z\" data-selenium=\"sellingPointsListItem\">Bot\u00f3n de grabaci\u00f3n, vista previa del canal Multiview<\/li>\n<li class=\"listItem_OMS5rN7R1Z\" data-selenium=\"sellingPointsListItem\">Mezclador de audio digital de 2 canales por fuente<\/li>\n<li class=\"listItem_OMS5rN7R1Z\" data-selenium=\"sellingPointsListItem\">Salida HDMI, control Ethernet ATEM<\/li>\n<li class=\"listItem_OMS5rN7R1Z\" data-selenium=\"sellingPointsListItem\">Reproductor multimedia, soporte de entrada de computadora<\/li>\n<li class=\"listItem_OMS5rN7R1Z\" data-selenium=\"sellingPointsListItem\">Keyers ascendentes y descendentes<\/li>\n<li class=\"listItem_OMS5rN7R1Z\" data-selenium=\"sellingPointsListItem\">Generadores de colores y patrones<\/li>\n<li class=\"listItem_OMS5rN7R1Z\" data-selenium=\"sellingPointsListItem\">Transici\u00f3n DVE, incrustadores de croma\/luma<\/li>\n<\/ul>\n","protected":false},"excerpt":{"rendered":"<p>SWATEMMINIBPR\u00a0 ATEM Mini Pro<\/p>\n","protected":false},"featured_media":4556,"template":"","meta":{"om_disable_all_campaigns":false},"pwb-brand":[],"product_brand":[],"product_cat":[71,66,741],"product_tag":[185],"class_list":{"0":"post-1899","1":"product","2":"type-product","3":"status-publish","4":"has-post-thumbnail","6":"product_cat-blackmagic-design","7":"product_cat-switchers","8":"product_cat-switcher","9":"product_tag-swatemminibpr","11":"first","12":"instock","13":"shipping-taxable","14":"purchasable","15":"product-type-simple"},"aioseo_notices":[],"jetpack_sharing_enabled":true,"brands":[],"_links":{"self":[{"href":"https:\/\/proservice.com.ar\/index.php\/wp-json\/wp\/v2\/product\/1899","targetHints":{"allow":["GET"]}}],"collection":[{"href":"https:\/\/proservice.com.ar\/index.php\/wp-json\/wp\/v2\/product"}],"about":[{"href":"https:\/\/proservice.com.ar\/index.php\/wp-json\/wp\/v2\/types\/product"}],"wp:featuredmedia":[{"embeddable":true,"href":"https:\/\/proservice.com.ar\/index.php\/wp-json\/wp\/v2\/media\/4556"}],"wp:attachment":[{"href":"https:\/\/proservice.com.ar\/index.php\/wp-json\/wp\/v2\/media?parent=1899"}],"wp:term":[{"taxonomy":"pwb-brand","embeddable":true,"href":"https:\/\/proservice.com.ar\/index.php\/wp-json\/wp\/v2\/pwb-brand?post=1899"},{"taxonomy":"product_brand","embeddable":true,"href":"https:\/\/proservice.com.ar\/index.php\/wp-json\/wp\/v2\/product_brand?post=1899"},{"taxonomy":"product_cat","embeddable":true,"href":"https:\/\/proservice.com.ar\/index.php\/wp-json\/wp\/v2\/product_cat?post=1899"},{"taxonomy":"product_tag","embeddable":true,"href":"https:\/\/proservice.com.ar\/index.php\/wp-json\/wp\/v2\/product_tag?post=1899"}],"curies":[{"name":"wp","href":"https:\/\/api.w.org\/{rel}","templated":true}]}}