{"id":1903,"date":"2023-04-27T14:55:40","date_gmt":"2023-04-27T18:55:40","guid":{"rendered":"https:\/\/proservice.com.ar\/?post_type=product&#038;p=1903"},"modified":"2026-04-13T16:42:11","modified_gmt":"2026-04-13T19:42:11","slug":"blackmagic-design-atem-mini-pro-iso-hdmi-live-stream-switcher","status":"publish","type":"product","link":"https:\/\/proservice.com.ar\/index.php\/product\/blackmagic-design-atem-mini-pro-iso-hdmi-live-stream-switcher\/","title":{"rendered":"Blackmagic Design ATEM Mini Pro ISO HDMI Live Stream Switcher"},"content":{"rendered":"<div class=\"title_OMS5rN7R1Z\">\n<div data-selenium=\"sellingPointsTitle\">El ATEM Mini Pro ISO es un switcher de producci\u00f3n en vivo HDMI que permite conectar y controlar hasta cuatro fuentes de video HDMI con una profundidad de color de 10 bits. El switcher tiene una salida HDMI, una salida USB-C para usar como webcam, una salida m<span data-teams=\"true\">ultiview<\/span> con hasta 16 ventanas configurables, un DVE, 4 keyers crom\u00e1ticos avanzados ATEM, un reproductor multimedia y un mezclador de audio Fairlight con 28 canales y procesamiento din\u00e1mico, ecualizaci\u00f3n y expansi\u00f3n en cada entrada. El switcher se puede controlar mediante el panel frontal integrado, el software ATEM Software Control gratuito o los paneles ATEM Advanced Panel opcionales. Adem\u00e1s, el switcher tiene la capacidad de grabar el programa de salida y las cuatro entradas HDMI individuales en un disco USB externo (no incluido). Tambi\u00e9n genera un archivo de proyecto de DaVinci Resolve con todas las grabaciones y los cortes sincronizados, lo que permite editar el programa en vivo con el material original<\/div>\n<div data-selenium=\"sellingPointsTitle\"><\/div>\n<div class=\"text_TAw0W35QK_ comfy_TAw0W35QK_ sizeTitle4_TAw0W35QK_ weightBold_TAw0W35QK_ primary_i3MsQsqoe0\" data-selenium=\"sellingPointsTitle\"><strong>Caracter\u00edsticas principales:\u00a0<\/strong><\/div>\n<\/div>\n<ul class=\"list_OMS5rN7R1Z\">\n<li class=\"listItem_OMS5rN7R1Z\" data-selenium=\"sellingPointsListItem\">Conmutador HDMI de transmisi\u00f3n en vivo de 4 canales<\/li>\n<li class=\"listItem_OMS5rN7R1Z\" data-selenium=\"sellingPointsListItem\">Grabaci\u00f3n ISO de programa y 4 entradas<\/li>\n<li class=\"listItem_OMS5rN7R1Z\" data-selenium=\"sellingPointsListItem\">Genera proyecto DaVinci Resolve<\/li>\n<li class=\"listItem_OMS5rN7R1Z\" data-selenium=\"sellingPointsListItem\">Conteo en vivo, transmisi\u00f3n y estado de registro<\/li>\n<li class=\"listItem_OMS5rN7R1Z\" data-selenium=\"sellingPointsListItem\">Bot\u00f3n de grabaci\u00f3n, vista previa del canal Multiview<\/li>\n<li class=\"listItem_OMS5rN7R1Z\" data-selenium=\"sellingPointsListItem\">Mezclador de audio digital de 2 canales por fuente<\/li>\n<li class=\"listItem_OMS5rN7R1Z\" data-selenium=\"sellingPointsListItem\">Salida HDMI, control Ethernet ATEM<\/li>\n<li class=\"listItem_OMS5rN7R1Z\" data-selenium=\"sellingPointsListItem\">Reproductor multimedia, soporte de entrada de computadora<\/li>\n<li class=\"listItem_OMS5rN7R1Z\" data-selenium=\"sellingPointsListItem\">Keyers ascendentes y descendentes<\/li>\n<li class=\"listItem_OMS5rN7R1Z\" data-selenium=\"sellingPointsListItem\">Transici\u00f3n DVE, incrustadores de croma\/luma<\/li>\n<\/ul>\n","protected":false},"excerpt":{"rendered":"<p>SWATEMMINIBPRISO<\/p>\n","protected":false},"featured_media":4482,"template":"","meta":{"om_disable_all_campaigns":false},"pwb-brand":[],"product_brand":[],"product_cat":[71,66,741],"product_tag":[732],"class_list":{"0":"post-1903","1":"product","2":"type-product","3":"status-publish","4":"has-post-thumbnail","6":"product_cat-blackmagic-design","7":"product_cat-switchers","8":"product_cat-switcher","9":"product_tag-temminibpriso","11":"first","12":"instock","13":"shipping-taxable","14":"purchasable","15":"product-type-simple"},"aioseo_notices":[],"jetpack_sharing_enabled":true,"brands":[],"_links":{"self":[{"href":"https:\/\/proservice.com.ar\/index.php\/wp-json\/wp\/v2\/product\/1903","targetHints":{"allow":["GET"]}}],"collection":[{"href":"https:\/\/proservice.com.ar\/index.php\/wp-json\/wp\/v2\/product"}],"about":[{"href":"https:\/\/proservice.com.ar\/index.php\/wp-json\/wp\/v2\/types\/product"}],"wp:featuredmedia":[{"embeddable":true,"href":"https:\/\/proservice.com.ar\/index.php\/wp-json\/wp\/v2\/media\/4482"}],"wp:attachment":[{"href":"https:\/\/proservice.com.ar\/index.php\/wp-json\/wp\/v2\/media?parent=1903"}],"wp:term":[{"taxonomy":"pwb-brand","embeddable":true,"href":"https:\/\/proservice.com.ar\/index.php\/wp-json\/wp\/v2\/pwb-brand?post=1903"},{"taxonomy":"product_brand","embeddable":true,"href":"https:\/\/proservice.com.ar\/index.php\/wp-json\/wp\/v2\/product_brand?post=1903"},{"taxonomy":"product_cat","embeddable":true,"href":"https:\/\/proservice.com.ar\/index.php\/wp-json\/wp\/v2\/product_cat?post=1903"},{"taxonomy":"product_tag","embeddable":true,"href":"https:\/\/proservice.com.ar\/index.php\/wp-json\/wp\/v2\/product_tag?post=1903"}],"curies":[{"name":"wp","href":"https:\/\/api.w.org\/{rel}","templated":true}]}}